{"id":110406,"date":"2022-03-10T14:55:56","date_gmt":"2022-03-10T13:55:56","guid":{"rendered":"https:\/\/leparfumdefrance.com\/boutique\/"},"modified":"2026-01-20T09:34:13","modified_gmt":"2026-01-20T08:34:13","slug":"boutique","status":"publish","type":"page","link":"https:\/\/leparfumdefrance.com\/fr\/accueil\/boutique\/","title":{"rendered":"Boutique"},"content":{"rendered":"<p>[et_pb_section fb_built=\u00a0\u00bb1&Prime; module_class=\u00a0\u00bbdwe-shop-01&Prime; _builder_version=\u00a0\u00bb4.27.4&Prime; _module_preset=\u00a0\u00bbdefault\u00a0\u00bb background_color=\u00a0\u00bb#FFFFFF\u00a0\u00bb width=\u00a0\u00bb100%\u00a0\u00bb max_width=\u00a0\u00bb100%\u00a0\u00bb module_alignment=\u00a0\u00bbcenter\u00a0\u00bb custom_margin=\u00a0\u00bb||0px||false|false\u00a0\u00bb custom_padding=\u00a0\u00bb0px||20px||false|false\u00a0\u00bb locked=\u00a0\u00bboff\u00a0\u00bb global_colors_info=\u00a0\u00bb{}\u00a0\u00bb][et_pb_row module_class=\u00a0\u00bblink-red\u00a0\u00bb _builder_version=\u00a0\u00bb4.27.4&Prime; _module_preset=\u00a0\u00bbdefault\u00a0\u00bb width=\u00a0\u00bb100%\u00a0\u00bb max_width=\u00a0\u00bb90%\u00a0\u00bb module_alignment=\u00a0\u00bbcenter\u00a0\u00bb custom_margin=\u00a0\u00bb0px||0px||false|false\u00a0\u00bb custom_padding=\u00a0\u00bb0px||20px||false|false\u00a0\u00bb global_colors_info=\u00a0\u00bb{}\u00a0\u00bb][et_pb_column type=\u00a0\u00bb4_4&Prime; _builder_version=\u00a0\u00bb4.16&Prime; _module_preset=\u00a0\u00bbdefault\u00a0\u00bb global_colors_info=\u00a0\u00bb{}\u00a0\u00bb][et_pb_code admin_label=\u00a0\u00bbCustom CSS\u00a0\u00bb _builder_version=\u00a0\u00bb4.27.4&Prime; _module_preset=\u00a0\u00bbdefault\u00a0\u00bb custom_margin=\u00a0\u00bb0px||0px||true|false\u00a0\u00bb custom_padding=\u00a0\u00bb0px||0px||true|false\u00a0\u00bb global_colors_info=\u00a0\u00bb{}\u00a0\u00bb]<\/p>\n<style><!-- [et_pb_line_break_holder] -->.dwe-shop-01 .dwe_single_woo_product_sale_badge {<!-- [et_pb_line_break_holder] -->  align-items: center;<!-- [et_pb_line_break_holder] -->    border-radius: 0%!important;<!-- [et_pb_line_break_holder] -->    display: flex;<!-- [et_pb_line_break_holder] -->    height: 30px;<!-- [et_pb_line_break_holder] -->    justify-content: center;<!-- [et_pb_line_break_holder] -->    left: -40px!important;<!-- [et_pb_line_break_holder] -->    padding: 4px!important;<!-- [et_pb_line_break_holder] -->    top: 20px!important;<!-- [et_pb_line_break_holder] -->    transform: rotate( -45deg);<!-- [et_pb_line_break_holder] -->    width: 160px;<!-- [et_pb_line_break_holder] -->  }<!-- [et_pb_line_break_holder] --><!-- [et_pb_line_break_holder] -->  .dwe-shop-01 .woocommerce ul.products li.product .et_shop_image{<!-- [et_pb_line_break_holder] -->        margin: 20px 20px 10px 20px;<!-- [et_pb_line_break_holder] -->  }<!-- [et_pb_line_break_holder] --><!-- [et_pb_line_break_holder] -->.dwe-shop-01 .dwe_single_woo_product_thumbnail img {<!-- [et_pb_line_break_holder] -->    width: 80% !important;<!-- [et_pb_line_break_holder] -->    margin: auto;<!-- [et_pb_line_break_holder] -->    display: flex;<!-- [et_pb_line_break_holder] -->    margin: 20px 0px 36px 35px;<!-- [et_pb_line_break_holder] -->}<!-- [et_pb_line_break_holder] -->img.wp-post-image {border-radius: 25px;}<!-- [et_pb_line_break_holder] --><\/style>\n<p>[\/et_pb_code][et_pb_text admin_label=\u00a0\u00bbBreadcrumb_Text\u00a0\u00bb _builder_version=\u00a0\u00bb4.27.4&Prime; _module_preset=\u00a0\u00bbdefault\u00a0\u00bb text_orientation=\u00a0\u00bbcenter\u00a0\u00bb custom_margin=\u00a0\u00bb20px||0px||false|false\u00a0\u00bb custom_padding=\u00a0\u00bb||0px||false|false\u00a0\u00bb custom_padding_tablet=\u00a0\u00bb||0px||false|false\u00a0\u00bb custom_padding_phone=\u00a0\u00bb||0px||false|false\u00a0\u00bb custom_padding_last_edited=\u00a0\u00bboff|desktop\u00a0\u00bb global_colors_info=\u00a0\u00bb{}\u00a0\u00bb]<\/p>\n<p><img decoding=\"async\" style=\"max-width: 18px;height: auto;vertical-align: middle;\" src=\"\/wp-content\/uploads\/2025\/05\/Style-Two-Pin-Home_Grey.png\" \/>&nbsp;<a href=\"\/fr\/accueil\/\" title=\"Page d'Accueil\">Accueil<\/a>&nbsp;\/&nbsp;<a href=\"\/fr\/accueil\/boutique\/\" title=\"Vous \u00eates ici\">Boutique<\/a><\/p>\n<p>[\/et_pb_text][et_pb_text admin_label=\u00a0\u00bbTitle_Text\u00a0\u00bb _builder_version=\u00a0\u00bb4.27.4&Prime; _module_preset=\u00a0\u00bbdefault\u00a0\u00bb header_font=\u00a0\u00bb&#8211;et_global_heading_font|500||on|||||\u00a0\u00bb header_text_align=\u00a0\u00bbcenter\u00a0\u00bb header_text_color=\u00a0\u00bb#000000&Prime; header_letter_spacing=\u00a0\u00bb0.3px\u00a0\u00bb text_orientation=\u00a0\u00bbcenter\u00a0\u00bb custom_margin=\u00a0\u00bb0px||0px||true|false\u00a0\u00bb custom_padding=\u00a0\u00bb30px||30px||true|false\u00a0\u00bb header_font_size_tablet=\u00a0\u00bb40px\u00a0\u00bb header_font_size_phone=\u00a0\u00bb30px\u00a0\u00bb header_font_size_last_edited=\u00a0\u00bboff|desktop\u00a0\u00bb global_colors_info=\u00a0\u00bb{}\u00a0\u00bb]<\/p>\n<h1>Boutique en Ligne Le Parfum de France<\/h1>\n<p>D\u00e9couvrez le meilleur rapport qualit\u00e9-prix de la parfumerie fran\u00e7aise et choisissez parmi notre large gamme de produits pour hommes et femmes.<br \/>Tous nos parfums sont conditionn\u00e9s en packs de 6 flacons et sont vendus au prix de 19,99\u20ac.[\/et_pb_text][\/et_pb_column][\/et_pb_row][et_pb_row column_structure=\u00a0\u00bb1_3,1_3,1_3&Prime; make_equal=\u00a0\u00bbon\u00a0\u00bb admin_label=\u00a0\u00bbPromo_Row_FR\u00a0\u00bb module_class=\u00a0\u00bblink-red\u00a0\u00bb _builder_version=\u00a0\u00bb4.27.4&Prime; _module_preset=\u00a0\u00bbdefault\u00a0\u00bb background_color=\u00a0\u00bb#f0f0f0&Prime; width=\u00a0\u00bb100%\u00a0\u00bb max_width=\u00a0\u00bb100%\u00a0\u00bb module_alignment=\u00a0\u00bbcenter\u00a0\u00bb custom_margin=\u00a0\u00bb0px||0px||true|false\u00a0\u00bb custom_padding=\u00a0\u00bb30px|5%|40px|5%|false|true\u00a0\u00bb border_width_top=\u00a0\u00bb1px\u00a0\u00bb border_color_top=\u00a0\u00bb#e5e5e5&Prime; border_width_bottom=\u00a0\u00bb1px\u00a0\u00bb border_color_bottom=\u00a0\u00bb#e5e5e5&Prime; global_module=\u00a0\u00bb110719&Prime; saved_tabs=\u00a0\u00bball\u00a0\u00bb collapsed=\u00a0\u00bboff\u00a0\u00bb global_colors_info=\u00a0\u00bb{}\u00a0\u00bb][et_pb_column type=\u00a0\u00bb1_3&Prime; _builder_version=\u00a0\u00bb4.27.4&Prime; _module_preset=\u00a0\u00bbdefault\u00a0\u00bb global_colors_info=\u00a0\u00bb{}\u00a0\u00bb][et_pb_blurb title=\u00a0\u00bb24 parfums pour 49.80\u20ac\u00a0\u00bb use_icon=\u00a0\u00bbon\u00a0\u00bb font_icon=\u00a0\u00bb&#xe031;||divi||400&Prime; icon_color=\u00a0\u00bb#FFFFFF\u00a0\u00bb image_icon_background_color=\u00a0\u00bb#0C71C3&Prime; image_icon_width=\u00a0\u00bb36px\u00a0\u00bb admin_label=\u00a0\u00bb24_Blurb_FR\u00a0\u00bb _builder_version=\u00a0\u00bb4.27.4&Prime; _module_preset=\u00a0\u00bbdefault\u00a0\u00bb header_font=\u00a0\u00bb&#8211;et_global_heading_font|500|||||||\u00a0\u00bb header_text_align=\u00a0\u00bbcenter\u00a0\u00bb body_font=\u00a0\u00bb&#8211;et_global_body_font|500|||||||\u00a0\u00bb body_text_align=\u00a0\u00bbcenter\u00a0\u00bb image_icon_custom_padding=\u00a0\u00bb15px|15px|15px|15px|true|true\u00a0\u00bb text_orientation=\u00a0\u00bbcenter\u00a0\u00bb animation=\u00a0\u00bboff\u00a0\u00bb border_radii=\u00a0\u00bbon|25px|25px|25px|25px\u00a0\u00bb border_color_all=\u00a0\u00bb#0C71C3&Prime; border_radii_image=\u00a0\u00bbon|100px|100px|100px|100px\u00a0\u00bb global_colors_info=\u00a0\u00bb{}\u00a0\u00bb]S\u00e9lectionnez <strong>4 packs<\/strong> dans notre Collection et ne payez que<br \/><strong>2.03\u20ac par flacon!<\/strong><br \/>\nLivraison gratuite en point relais ou livraison \u00e0 domicile pour 7\u20ac. (<a href=\"\/fr\/accueil\/mentions-legales\/politique-expedition-retour\/\">plus<\/a>).[\/et_pb_blurb][\/et_pb_column][et_pb_column type=\u00a0\u00bb1_3&Prime; _builder_version=\u00a0\u00bb4.27.4&Prime; _module_preset=\u00a0\u00bbdefault\u00a0\u00bb global_colors_info=\u00a0\u00bb{}\u00a0\u00bb][et_pb_blurb title=\u00a0\u00bb48 parfums pour 89.80\u20ac\u00a0\u00bb use_icon=\u00a0\u00bbon\u00a0\u00bb font_icon=\u00a0\u00bb&#xe030;||divi||400&Prime; image_icon_background_color=\u00a0\u00bb#FFFFFF\u00a0\u00bb image_icon_width=\u00a0\u00bb36px\u00a0\u00bb admin_label=\u00a0\u00bb48_Blurb_FR\u00a0\u00bb _builder_version=\u00a0\u00bb4.27.4&Prime; _module_preset=\u00a0\u00bbdefault\u00a0\u00bb header_font=\u00a0\u00bb&#8211;et_global_heading_font|500|||||||\u00a0\u00bb header_text_align=\u00a0\u00bbcenter\u00a0\u00bb body_font=\u00a0\u00bb&#8211;et_global_body_font|500|||||||\u00a0\u00bb body_text_align=\u00a0\u00bbcenter\u00a0\u00bb image_icon_custom_padding=\u00a0\u00bb15px|15px|15px|15px|true|true\u00a0\u00bb animation=\u00a0\u00bboff\u00a0\u00bb border_radii_image=\u00a0\u00bbon|100px|100px|100px|100px\u00a0\u00bb global_colors_info=\u00a0\u00bb{}\u00a0\u00bb]S\u00e9lectionnez <strong>8 packs<\/strong> dans notre Collection et ne payez que<br \/><strong>1.87\u20ac par flacon!<\/strong><br \/>\nLivraison gratuite en point relais ou livraison \u00e0 domicile pour 7\u20ac. (<a href=\"\/fr\/accueil\/mentions-legales\/politique-expedition-retour\/\">plus<\/a>).[\/et_pb_blurb][\/et_pb_column][et_pb_column type=\u00a0\u00bb1_3&Prime; _builder_version=\u00a0\u00bb4.27.4&Prime; _module_preset=\u00a0\u00bbdefault\u00a0\u00bb global_colors_info=\u00a0\u00bb{}\u00a0\u00bb][et_pb_blurb title=\u00a0\u00bb96 parfums pour 149.80\u20ac\u00a0\u00bb use_icon=\u00a0\u00bbon\u00a0\u00bb font_icon=\u00a0\u00bb&#xe0fb;||divi||400&Prime; icon_color=\u00a0\u00bb#FFFFFF\u00a0\u00bb image_icon_background_color=\u00a0\u00bb#E02B20&Prime; image_icon_width=\u00a0\u00bb36px\u00a0\u00bb admin_label=\u00a0\u00bb96_Blurb_FR\u00a0\u00bb _builder_version=\u00a0\u00bb4.27.4&Prime; _module_preset=\u00a0\u00bbdefault\u00a0\u00bb header_font=\u00a0\u00bb&#8211;et_global_heading_font|500|||||||\u00a0\u00bb header_text_align=\u00a0\u00bbcenter\u00a0\u00bb body_font=\u00a0\u00bb&#8211;et_global_body_font|500|||||||\u00a0\u00bb body_text_align=\u00a0\u00bbcenter\u00a0\u00bb image_icon_custom_padding=\u00a0\u00bb15px|15px|15px|15px|true|true\u00a0\u00bb animation=\u00a0\u00bboff\u00a0\u00bb border_radii_image=\u00a0\u00bbon|100px|100px|100px|100px\u00a0\u00bb global_colors_info=\u00a0\u00bb{}\u00a0\u00bb]S\u00e9lectionnez <strong>16 packs<\/strong> dans notre Collection et ne payez que<br \/><strong>1.56\u20ac par flacon!<\/strong><br \/>\nUniquement livraison \u00e0 domicile pour 7\u20ac. (<a href=\"\/fr\/accueil\/mentions-legales\/politique-expedition-retour\/\">plus<\/a>).[\/et_pb_blurb][\/et_pb_column][\/et_pb_row][\/et_pb_section][et_pb_section fb_built=\u00a0\u00bb1&Prime; _builder_version=\u00a0\u00bb4.27.4&Prime; _module_preset=\u00a0\u00bbdefault\u00a0\u00bb width=\u00a0\u00bb100%\u00a0\u00bb max_width=\u00a0\u00bb100%\u00a0\u00bb module_alignment=\u00a0\u00bbcenter\u00a0\u00bb custom_margin=\u00a0\u00bb0px||0px||false|false\u00a0\u00bb custom_padding=\u00a0\u00bb0px||0px||false|false\u00a0\u00bb global_colors_info=\u00a0\u00bb{}\u00a0\u00bb][et_pb_row _builder_version=\u00a0\u00bb4.27.4&Prime; _module_preset=\u00a0\u00bbdefault\u00a0\u00bb width=\u00a0\u00bb100%\u00a0\u00bb max_width=\u00a0\u00bb90%\u00a0\u00bb module_alignment=\u00a0\u00bbcenter\u00a0\u00bb custom_margin=\u00a0\u00bb||0px||false|false\u00a0\u00bb custom_padding=\u00a0\u00bb||20px||false|false\u00a0\u00bb global_colors_info=\u00a0\u00bb{}\u00a0\u00bb][et_pb_column type=\u00a0\u00bb4_4&Prime; _builder_version=\u00a0\u00bb4.16&Prime; _module_preset=\u00a0\u00bbdefault\u00a0\u00bb global_colors_info=\u00a0\u00bb{}\u00a0\u00bb][dwe_woo_products products_number=\u00a0\u00bb128&Prime; hide_out_of_stock=\u00a0\u00bbon\u00a0\u00bb include_categories=\u00a0\u00bb51,50&Prime; column_spacing=\u00a0\u00bb30px\u00a0\u00bb enable_category_filter=\u00a0\u00bbon\u00a0\u00bb all_products_text=\u00a0\u00bbTous les Parfums\u00a0\u00bb use_masonry=\u00a0\u00bbon\u00a0\u00bb enable_quickview=\u00a0\u00bbon\u00a0\u00bb quickview_link_icon=\u00a0\u00bb&#x50;||divi||400&Prime; thumbnail_size=\u00a0\u00bbwoocommerce_single\u00a0\u00bb simple_add_to_cart_text=\u00a0\u00bbAcheter\u00a0\u00bb show_sale_badge=\u00a0\u00bboff\u00a0\u00bb add_to_cart_bg_color=\u00a0\u00bbrgba(224,43,32,0)\u00a0\u00bb quickview_add_to_cart_bg_color=\u00a0\u00bb#FFFFFF\u00a0\u00bb add_to_cart_use_icon=\u00a0\u00bboff\u00a0\u00bb quickview_add_to_cart_use_icon=\u00a0\u00bboff\u00a0\u00bb product_content_custom_padding=\u00a0\u00bb20px|20px|20px|20px|true|true\u00a0\u00bb lightbox_content_width=\u00a0\u00bb70%\u00a0\u00bb lightbox_close_icon_color=\u00a0\u00bb#000000&Prime; number_of_columns_tablet=\u00a0\u00bb3&Prime; number_of_columns_phone=\u00a0\u00bb2&Prime; number_of_columns_last_edited=\u00a0\u00bbon|phone\u00a0\u00bb column_spacing_tablet=\u00a0\u00bb20px\u00a0\u00bb column_spacing_phone=\u00a0\u00bb10px\u00a0\u00bb column_spacing_last_edited=\u00a0\u00bbon|desktop\u00a0\u00bb lightbox_content_width_tablet=\u00a0\u00bb90%\u00a0\u00bb lightbox_content_width_phone=\u00a0\u00bb90%\u00a0\u00bb lightbox_content_width_last_edited=\u00a0\u00bbon|desktop\u00a0\u00bb module_class=\u00a0\u00bbdwe-shop-01&Prime; _builder_version=\u00a0\u00bb4.27.4&Prime; _module_preset=\u00a0\u00bbdefault\u00a0\u00bb title_level=\u00a0\u00bbh2&Prime; title_font=\u00a0\u00bb&#8211;et_global_heading_font|600|||||||\u00a0\u00bb title_text_color=\u00a0\u00bb#000000&Prime; title_font_size=\u00a0\u00bb16px\u00a0\u00bb title_letter_spacing=\u00a0\u00bb0.3px\u00a0\u00bb title_line_height=\u00a0\u00bb1.3em\u00a0\u00bb price_font=\u00a0\u00bb&#8211;et_global_body_font|600|||||||\u00a0\u00bb price_text_color=\u00a0\u00bb#E02B20&Prime; price_letter_spacing=\u00a0\u00bb0.5px\u00a0\u00bb sale_text_color=\u00a0\u00bb#FFFFFF\u00a0\u00bb sale_font_size=\u00a0\u00bb11px\u00a0\u00bb sale_letter_spacing=\u00a0\u00bb1px\u00a0\u00bb add_to_cart_font=\u00a0\u00bb&#8211;et_global_body_font|500||on|||||\u00a0\u00bb add_to_cart_text_color=\u00a0\u00bb#E02B20&Prime; add_to_cart_font_size=\u00a0\u00bb14px\u00a0\u00bb category_font=\u00a0\u00bb&#8211;et_global_body_font|500|||||||\u00a0\u00bb category_font_size=\u00a0\u00bb12px\u00a0\u00bb category_letter_spacing=\u00a0\u00bb0.3px\u00a0\u00bb loader_icon_text_text_color=\u00a0\u00bb#E02B20&Prime; quickview_button_font=\u00a0\u00bb&#8211;et_global_body_font|500|||||||\u00a0\u00bb quickview_button_text_color=\u00a0\u00bb#000000&Prime; quickview_button_font_size=\u00a0\u00bb12px\u00a0\u00bb quickview_button_letter_spacing=\u00a0\u00bb0.5px\u00a0\u00bb quickview_price_font=\u00a0\u00bb&#8211;et_global_heading_font|600|||||||\u00a0\u00bb quickview_price_text_color=\u00a0\u00bb#E02B20&Prime; quickview_price_letter_spacing=\u00a0\u00bb0.5px\u00a0\u00bb quickview_stock_status_font=\u00a0\u00bb&#8211;et_global_body_font|500||on|||||\u00a0\u00bb quickview_stock_status_text_color=\u00a0\u00bb#E02B20&Prime; quickview_stock_status_font_size=\u00a0\u00bb14px\u00a0\u00bb quickview_stock_status_letter_spacing=\u00a0\u00bb0.5px\u00a0\u00bb quickview_desc_font=\u00a0\u00bb||||||||\u00a0\u00bb quickview_add_to_cart_font=\u00a0\u00bb&#8211;et_global_body_font|500||on|||||\u00a0\u00bb quickview_add_to_cart_text_color=\u00a0\u00bb#E02B20&Prime; quickview_add_to_cart_font_size=\u00a0\u00bb14px\u00a0\u00bb quickview_meta_value_text_color=\u00a0\u00bb#666666&Prime; custom_css_free_form=\u00a0\u00bb.dwe_product_filterable_categories li {padding:10px 20px;border-radius: 25px;margin-right:7px;}||.dwe_woo_products_0_tb_body_lightbox .mfp-content {border-radius: 25px;}||.dwe_woo_products_0_lightbox .mfp-content {border-radius: 25px;}||button.button.product_type_simple.add_to_cart_button.single_add_to_cart_button {padding: 10px 40px !important;}||.dwe_woo_products_0_lightbox .dwe_single_woo_product_price span {font-size:17px;font-weight:700!important;}||.mfp-content {padding:20px 0px!important;}||.product .dwe_product_lightbox_content_wrapper .qty {font-size: 17px !important; text-align: center !important;border-radius: 25px 25px 25px 25px!important;border-color: #929292 !important;background-color: #f0f0f0 !important;color: #E02B20 !important;font-weight: 600;}\u00a0\u00bb border_width_all_product=\u00a0\u00bb1px\u00a0\u00bb border_color_all_product=\u00a0\u00bb#eeeeee\u00a0\u00bb border_width_all_sale_badge=\u00a0\u00bb5px\u00a0\u00bb border_color_all_sale_badge=\u00a0\u00bbrgba(0,103,153,0)\u00a0\u00bb border_radii_add_to_cart_button=\u00a0\u00bbon|25px|25px|25px|25px\u00a0\u00bb border_width_all_add_to_cart_button=\u00a0\u00bb1px\u00a0\u00bb border_color_all_add_to_cart_button=\u00a0\u00bb#E02B20&Prime; border_color_all_add_to_cart_button_last_edited=\u00a0\u00bboff|desktop\u00a0\u00bb border_radii_quickview_add_to_cart_button=\u00a0\u00bbon|25px|25px|25px|25px\u00a0\u00bb border_width_all_quickview_add_to_cart_button=\u00a0\u00bb1px\u00a0\u00bb border_color_all_quickview_add_to_cart_button=\u00a0\u00bb#E02B20&Prime; global_colors_info=\u00a0\u00bb{}\u00a0\u00bb add_to_cart_bg_color__hover_enabled=\u00a0\u00bbon|hover\u00a0\u00bb add_to_cart_bg_color__hover=\u00a0\u00bb#E02B20&Prime; add_to_cart_bg_enable_color__hover=\u00a0\u00bbon\u00a0\u00bb add_to_cart_text_color__hover_enabled=\u00a0\u00bbon|desktop\u00a0\u00bb border_width_all_add_to_cart_button__hover_enabled=\u00a0\u00bbon|hover\u00a0\u00bb border_width_all_add_to_cart_button__hover=\u00a0\u00bb1px\u00a0\u00bb add_to_cart_font_size__hover_enabled=\u00a0\u00bboff|hover\u00a0\u00bb add_to_cart_font_size__hover=\u00a0\u00bb14px\u00a0\u00bb add_to_cart_text_color__hover=\u00a0\u00bb#FFFFFF\u00a0\u00bb border_color_all_add_to_cart_button__hover_enabled=\u00a0\u00bboff|hover\u00a0\u00bb border_color_all_add_to_cart_button__hover=\u00a0\u00bb#000000&Prime; quickview_add_to_cart_bg_color__hover_enabled=\u00a0\u00bbon|hover\u00a0\u00bb quickview_add_to_cart_bg_color__hover=\u00a0\u00bb#E02B20&Prime; quickview_add_to_cart_bg_enable_color__hover=\u00a0\u00bbon\u00a0\u00bb quickview_add_to_cart_text_color__hover_enabled=\u00a0\u00bbon|hover\u00a0\u00bb quickview_add_to_cart_text_color__hover=\u00a0\u00bb#FFFFFF\u00a0\u00bb][\/dwe_woo_products][\/et_pb_column][\/et_pb_row][\/et_pb_section]<\/p>\n","protected":false},"excerpt":{"rendered":"<p>&nbsp;Accueil&nbsp;\/&nbsp;BoutiqueBoutique en Ligne Le Parfum de France D\u00e9couvrez le meilleur rapport qualit\u00e9-prix de la parfumerie fran\u00e7aise et choisissez parmi notre large gamme de produits pour hommes et femmes.Tous nos parfums sont conditionn\u00e9s en packs de 6 flacons et sont vendus au prix de 19,99\u20ac.S\u00e9lectionnez 4 packs dans notre Collection et ne payez que2.03\u20ac par flacon! [&hellip;]<\/p>\n","protected":false},"author":1,"featured_media":0,"parent":110691,"menu_order":5,"comment_status":"closed","ping_status":"closed","template":"","meta":{"_et_pb_use_builder":"on","_et_pb_old_content":"","_et_gb_content_width":"","footnotes":""},"class_list":["post-110406","page","type-page","status-publish","hentry"],"_links":{"self":[{"href":"https:\/\/leparfumdefrance.com\/fr\/wp-json\/wp\/v2\/pages\/110406","targetHints":{"allow":["GET"]}}],"collection":[{"href":"https:\/\/leparfumdefrance.com\/fr\/wp-json\/wp\/v2\/pages"}],"about":[{"href":"https:\/\/leparfumdefrance.com\/fr\/wp-json\/wp\/v2\/types\/page"}],"author":[{"embeddable":true,"href":"https:\/\/leparfumdefrance.com\/fr\/wp-json\/wp\/v2\/users\/1"}],"replies":[{"embeddable":true,"href":"https:\/\/leparfumdefrance.com\/fr\/wp-json\/wp\/v2\/comments?post=110406"}],"version-history":[{"count":3,"href":"https:\/\/leparfumdefrance.com\/fr\/wp-json\/wp\/v2\/pages\/110406\/revisions"}],"predecessor-version":[{"id":111545,"href":"https:\/\/leparfumdefrance.com\/fr\/wp-json\/wp\/v2\/pages\/110406\/revisions\/111545"}],"up":[{"embeddable":true,"href":"https:\/\/leparfumdefrance.com\/fr\/wp-json\/wp\/v2\/pages\/110691"}],"wp:attachment":[{"href":"https:\/\/leparfumdefrance.com\/fr\/wp-json\/wp\/v2\/media?parent=110406"}],"curies":[{"name":"wp","href":"https:\/\/api.w.org\/{rel}","templated":true}]}}