{"id":110407,"date":"2023-01-19T10:34:42","date_gmt":"2023-01-19T09:34:42","guid":{"rendered":"https:\/\/leparfumdefrance.com\/panier\/"},"modified":"2025-08-26T10:30:50","modified_gmt":"2025-08-26T09:30:50","slug":"panier","status":"publish","type":"page","link":"https:\/\/leparfumdefrance.com\/fr\/panier\/","title":{"rendered":"Panier"},"content":{"rendered":"<p>[et_pb_section fb_built=\u00a0\u00bb1&Prime; module_class=\u00a0\u00bbdwe-shop-01&Prime; _builder_version=\u00a0\u00bb4.27.4&Prime; _module_preset=\u00a0\u00bbdefault\u00a0\u00bb background_color=\u00a0\u00bb#FFFFFF\u00a0\u00bb width=\u00a0\u00bb100%\u00a0\u00bb max_width=\u00a0\u00bb100%\u00a0\u00bb module_alignment=\u00a0\u00bbcenter\u00a0\u00bb custom_margin=\u00a0\u00bb||0px||false|false\u00a0\u00bb custom_padding=\u00a0\u00bb0px||20px||false|false\u00a0\u00bb locked=\u00a0\u00bboff\u00a0\u00bb global_colors_info=\u00a0\u00bb{}\u00a0\u00bb][et_pb_row module_class=\u00a0\u00bblink-red\u00a0\u00bb _builder_version=\u00a0\u00bb4.27.4&Prime; _module_preset=\u00a0\u00bbdefault\u00a0\u00bb width=\u00a0\u00bb100%\u00a0\u00bb max_width=\u00a0\u00bb90%\u00a0\u00bb module_alignment=\u00a0\u00bbcenter\u00a0\u00bb custom_margin=\u00a0\u00bb0px||0px||false|false\u00a0\u00bb custom_padding=\u00a0\u00bb0px||20px||false|false\u00a0\u00bb global_colors_info=\u00a0\u00bb{}\u00a0\u00bb][et_pb_column type=\u00a0\u00bb4_4&Prime; _builder_version=\u00a0\u00bb4.16&Prime; _module_preset=\u00a0\u00bbdefault\u00a0\u00bb global_colors_info=\u00a0\u00bb{}\u00a0\u00bb][et_pb_text admin_label=\u00a0\u00bbBreadcrumb_Text\u00a0\u00bb _builder_version=\u00a0\u00bb4.27.4&Prime; _module_preset=\u00a0\u00bbdefault\u00a0\u00bb text_orientation=\u00a0\u00bbcenter\u00a0\u00bb custom_margin=\u00a0\u00bb20px||0px||false|false\u00a0\u00bb custom_padding=\u00a0\u00bb||0px||false|false\u00a0\u00bb custom_padding_tablet=\u00a0\u00bb||0px||false|false\u00a0\u00bb custom_padding_phone=\u00a0\u00bb||0px||false|false\u00a0\u00bb custom_padding_last_edited=\u00a0\u00bboff|desktop\u00a0\u00bb hover_enabled=\u00a0\u00bb0&Prime; global_colors_info=\u00a0\u00bb{}\u00a0\u00bb sticky_enabled=\u00a0\u00bb0&Prime;]<\/p>\n<p><img decoding=\"async\" style=\"max-width: 18px;height: auto;vertical-align: middle;\" src=\"\/wp-content\/uploads\/2025\/05\/Style-Two-Pin-Home_Grey.png\" \/>&nbsp;<a href=\"\/fr\/accueil\/\" title=\"Page d'Accueil\">Accueil<\/a>&nbsp;\/&nbsp;<a href=\"\/fr\/panier\/\" title=\"Vous \u00eates ici\">Panier<\/a><\/p>\n<p>[\/et_pb_text][et_pb_text admin_label=\u00a0\u00bbTitle_Text\u00a0\u00bb _builder_version=\u00a0\u00bb4.27.4&Prime; _module_preset=\u00a0\u00bbdefault\u00a0\u00bb header_font=\u00a0\u00bb&#8211;et_global_heading_font|500||on|||||\u00a0\u00bb header_text_align=\u00a0\u00bbcenter\u00a0\u00bb header_text_color=\u00a0\u00bb#000000&Prime; header_letter_spacing=\u00a0\u00bb0.3px\u00a0\u00bb text_orientation=\u00a0\u00bbcenter\u00a0\u00bb custom_margin=\u00a0\u00bb0px||0px||true|false\u00a0\u00bb custom_padding=\u00a0\u00bb30px||30px||true|false\u00a0\u00bb header_font_size_tablet=\u00a0\u00bb40px\u00a0\u00bb header_font_size_phone=\u00a0\u00bb30px\u00a0\u00bb header_font_size_last_edited=\u00a0\u00bboff|desktop\u00a0\u00bb global_colors_info=\u00a0\u00bb{}\u00a0\u00bb]<\/p>\n<h1>Voitre Panier sur Le Parfum de France<\/h1>\n<p>Veuillez examiner les parfums dans votre panier avant de proceder au r\u00e9glement.<br \/>\nVous pouvez r\u00e9gler vos achats avec Visa, Mastercard, Google Pay, Apple Pay et plus encore avec notre partenaire Stripe.[\/et_pb_text][\/et_pb_column][\/et_pb_row][et_pb_row column_structure=\u00a0\u00bb1_3,1_3,1_3&Prime; make_equal=\u00a0\u00bbon\u00a0\u00bb admin_label=\u00a0\u00bbPromo_Row_FR\u00a0\u00bb module_class=\u00a0\u00bblink-red\u00a0\u00bb _builder_version=\u00a0\u00bb4.27.4&Prime; _module_preset=\u00a0\u00bbdefault\u00a0\u00bb background_color=\u00a0\u00bb#f0f0f0&Prime; width=\u00a0\u00bb100%\u00a0\u00bb max_width=\u00a0\u00bb100%\u00a0\u00bb module_alignment=\u00a0\u00bbcenter\u00a0\u00bb custom_margin=\u00a0\u00bb0px||0px||true|false\u00a0\u00bb custom_padding=\u00a0\u00bb30px|5%|40px|5%|false|true\u00a0\u00bb border_width_top=\u00a0\u00bb1px\u00a0\u00bb border_color_top=\u00a0\u00bb#e5e5e5&Prime; border_width_bottom=\u00a0\u00bb1px\u00a0\u00bb border_color_bottom=\u00a0\u00bb#e5e5e5&Prime; global_module=\u00a0\u00bb110015&Prime; saved_tabs=\u00a0\u00bball\u00a0\u00bb collapsed=\u00a0\u00bboff\u00a0\u00bb global_colors_info=\u00a0\u00bb{}\u00a0\u00bb][et_pb_column type=\u00a0\u00bb1_3&Prime; _builder_version=\u00a0\u00bb4.27.4&Prime; _module_preset=\u00a0\u00bbdefault\u00a0\u00bb global_colors_info=\u00a0\u00bb{}\u00a0\u00bb][et_pb_blurb title=\u00a0\u00bb24 parfums pour 49.80\u20ac\u00a0\u00bb use_icon=\u00a0\u00bbon\u00a0\u00bb font_icon=\u00a0\u00bb&#xe031;||divi||400&Prime; icon_color=\u00a0\u00bb#FFFFFF\u00a0\u00bb image_icon_background_color=\u00a0\u00bb#0C71C3&Prime; image_icon_width=\u00a0\u00bb36px\u00a0\u00bb admin_label=\u00a0\u00bb24_Blurb_FR\u00a0\u00bb _builder_version=\u00a0\u00bb4.27.4&Prime; _module_preset=\u00a0\u00bbdefault\u00a0\u00bb header_font=\u00a0\u00bb&#8211;et_global_heading_font|500|||||||\u00a0\u00bb header_text_align=\u00a0\u00bbcenter\u00a0\u00bb body_font=\u00a0\u00bb&#8211;et_global_body_font|500|||||||\u00a0\u00bb body_text_align=\u00a0\u00bbcenter\u00a0\u00bb image_icon_custom_padding=\u00a0\u00bb15px|15px|15px|15px|true|true\u00a0\u00bb text_orientation=\u00a0\u00bbcenter\u00a0\u00bb animation=\u00a0\u00bboff\u00a0\u00bb border_radii=\u00a0\u00bbon|25px|25px|25px|25px\u00a0\u00bb border_color_all=\u00a0\u00bb#0C71C3&Prime; border_radii_image=\u00a0\u00bbon|100px|100px|100px|100px\u00a0\u00bb global_colors_info=\u00a0\u00bb{}\u00a0\u00bb]S\u00e9lectionnez <strong>4 packs<\/strong> dans notre Collection et ne payez que<br \/><strong>2.00\u20ac par flacon!<\/strong><br \/>\nLivraison gratuite en point relais ou livraison \u00e0 domicile pour 7\u20ac. (<a href=\"\/fr\/accueil\/mentions-legales\/retour-et-remboursement\/\">plus<\/a>).[\/et_pb_blurb][\/et_pb_column][et_pb_column type=\u00a0\u00bb1_3&Prime; _builder_version=\u00a0\u00bb4.27.4&Prime; _module_preset=\u00a0\u00bbdefault\u00a0\u00bb global_colors_info=\u00a0\u00bb{}\u00a0\u00bb][et_pb_blurb title=\u00a0\u00bb48 parfums pour 89.80\u20ac\u00a0\u00bb use_icon=\u00a0\u00bbon\u00a0\u00bb font_icon=\u00a0\u00bb&#xe030;||divi||400&Prime; image_icon_background_color=\u00a0\u00bb#FFFFFF\u00a0\u00bb image_icon_width=\u00a0\u00bb36px\u00a0\u00bb admin_label=\u00a0\u00bb48_Blurb_FR\u00a0\u00bb _builder_version=\u00a0\u00bb4.27.4&Prime; _module_preset=\u00a0\u00bbdefault\u00a0\u00bb header_font=\u00a0\u00bb&#8211;et_global_heading_font|500|||||||\u00a0\u00bb header_text_align=\u00a0\u00bbcenter\u00a0\u00bb body_font=\u00a0\u00bb&#8211;et_global_body_font|500|||||||\u00a0\u00bb body_text_align=\u00a0\u00bbcenter\u00a0\u00bb image_icon_custom_padding=\u00a0\u00bb15px|15px|15px|15px|true|true\u00a0\u00bb animation=\u00a0\u00bboff\u00a0\u00bb border_radii_image=\u00a0\u00bbon|100px|100px|100px|100px\u00a0\u00bb global_colors_info=\u00a0\u00bb{}\u00a0\u00bb]S\u00e9lectionnez <strong>8 packs<\/strong> dans notre Collection et ne payez que<br \/><strong>1.80\u20ac par flacon!<\/strong><br \/>\nLivraison gratuite en point relais ou livraison \u00e0 domicile pour 7\u20ac. (<a href=\"\/fr\/accueil\/mentions-legales\/retour-et-remboursement\/\">plus<\/a>).[\/et_pb_blurb][\/et_pb_column][et_pb_column type=\u00a0\u00bb1_3&Prime; _builder_version=\u00a0\u00bb4.27.4&Prime; _module_preset=\u00a0\u00bbdefault\u00a0\u00bb global_colors_info=\u00a0\u00bb{}\u00a0\u00bb][et_pb_blurb title=\u00a0\u00bb96 parfums pour 149.80\u20ac\u00a0\u00bb use_icon=\u00a0\u00bbon\u00a0\u00bb font_icon=\u00a0\u00bb&#xe0fb;||divi||400&Prime; icon_color=\u00a0\u00bb#FFFFFF\u00a0\u00bb image_icon_background_color=\u00a0\u00bb#E02B20&Prime; image_icon_width=\u00a0\u00bb36px\u00a0\u00bb admin_label=\u00a0\u00bb96_Blurb_FR\u00a0\u00bb _builder_version=\u00a0\u00bb4.27.4&Prime; _module_preset=\u00a0\u00bbdefault\u00a0\u00bb header_font=\u00a0\u00bb&#8211;et_global_heading_font|500|||||||\u00a0\u00bb header_text_align=\u00a0\u00bbcenter\u00a0\u00bb body_font=\u00a0\u00bb&#8211;et_global_body_font|500|||||||\u00a0\u00bb body_text_align=\u00a0\u00bbcenter\u00a0\u00bb image_icon_custom_padding=\u00a0\u00bb15px|15px|15px|15px|true|true\u00a0\u00bb animation=\u00a0\u00bboff\u00a0\u00bb border_radii_image=\u00a0\u00bbon|100px|100px|100px|100px\u00a0\u00bb global_colors_info=\u00a0\u00bb{}\u00a0\u00bb]S\u00e9lectionnez <strong>16 packs<\/strong> dans notre Collection et ne payez que<br \/><strong>1.50\u20ac par flacon!<\/strong><br \/>\nLivraison gratuite en point relais ou livraison \u00e0 domicile pour 7\u20ac. (<a href=\"\/fr\/accueil\/mentions-legales\/retour-et-remboursement\/\">plus<\/a>).[\/et_pb_blurb][\/et_pb_column][\/et_pb_row][\/et_pb_section][et_pb_section fb_built=\u00a0\u00bb1&Prime; _builder_version=\u00a0\u00bb4.27.4&Prime; _module_preset=\u00a0\u00bbdefault\u00a0\u00bb width=\u00a0\u00bb100%\u00a0\u00bb max_width=\u00a0\u00bb100%\u00a0\u00bb module_alignment=\u00a0\u00bbcenter\u00a0\u00bb custom_margin=\u00a0\u00bb||0px||false|false\u00a0\u00bb custom_padding=\u00a0\u00bb30px||10px||false|false\u00a0\u00bb global_colors_info=\u00a0\u00bb{}\u00a0\u00bb][et_pb_row module_class=\u00a0\u00bblink-red\u00a0\u00bb _builder_version=\u00a0\u00bb4.27.4&Prime; _module_preset=\u00a0\u00bbdefault\u00a0\u00bb width=\u00a0\u00bb100%\u00a0\u00bb max_width=\u00a0\u00bb90%\u00a0\u00bb module_alignment=\u00a0\u00bbcenter\u00a0\u00bb custom_padding=\u00a0\u00bb0px||||false|false\u00a0\u00bb global_colors_info=\u00a0\u00bb{}\u00a0\u00bb][et_pb_column type=\u00a0\u00bb4_4&Prime; _builder_version=\u00a0\u00bb4.16&Prime; _module_preset=\u00a0\u00bbdefault\u00a0\u00bb global_colors_info=\u00a0\u00bb{}\u00a0\u00bb][et_pb_code _builder_version=\u00a0\u00bb4.27.4&Prime; _module_preset=\u00a0\u00bbdefault\u00a0\u00bb custom_margin=\u00a0\u00bb||0px||false|false\u00a0\u00bb global_colors_info=\u00a0\u00bb{}\u00a0\u00bb]<\/p>\n<style><!-- [et_pb_line_break_holder] -->.et_pb_wc_cart_products table.cart .product-remove a.remove {<!-- [et_pb_line_break_holder] -->  line-height: 0.85;<!-- [et_pb_line_break_holder] -->  font-family: 'Jost',Helvetica,Arial,Lucida,sans-serif;<!-- [et_pb_line_break_holder] -->}<!-- [et_pb_line_break_holder] -->  <!-- [et_pb_line_break_holder] -->.shipping-calculator-form {<!-- [et_pb_line_break_holder] -->  margin-top: 10px;<!-- [et_pb_line_break_holder] -->} <!-- [et_pb_line_break_holder] -->  <!-- [et_pb_line_break_holder] -->.et_pb_wc_cart_totals .select2-container--default .select2-selection--single, .et_pb_wc_cart_totals form .form-row input.input-text {<!-- [et_pb_line_break_holder] -->  min-height: inherit;<!-- [et_pb_line_break_holder] -->}<!-- [et_pb_line_break_holder] -->  <!-- [et_pb_line_break_holder] -->@media screen and (max-width: 980px) {<!-- [et_pb_line_break_holder] -->#main-content table.cart td {<!-- [et_pb_line_break_holder] -->  padding-left: 20px;<!-- [et_pb_line_break_holder] -->\tpadding-right: 20px;<!-- [et_pb_line_break_holder] -->}<!-- [et_pb_line_break_holder] -->}<!-- [et_pb_line_break_holder] -->  <!-- [et_pb_line_break_holder] -->  @media screen and (max-width: 768px) {<!-- [et_pb_line_break_holder] -->    .woocommerce-page .et_pb_wc_cart_products .quantity input.qty, .woocommerce .et_pb_wc_cart_products .quantity input.qty {<!-- [et_pb_line_break_holder] -->    width: 2em;<!-- [et_pb_line_break_holder] -->}<!-- [et_pb_line_break_holder] -->  }<!-- [et_pb_line_break_holder] --><\/style>\n<p>[\/et_pb_code][et_pb_text admin_label=\u00a0\u00bbShopping_Text\u00a0\u00bb _builder_version=\u00a0\u00bb4.27.4&Prime; _module_preset=\u00a0\u00bbdefault\u00a0\u00bb link_font=\u00a0\u00bb&#8211;et_global_body_font|500||on|||||\u00a0\u00bb link_text_align=\u00a0\u00bbcenter\u00a0\u00bb link_text_color=\u00a0\u00bb#666666&Prime; text_orientation=\u00a0\u00bbcenter\u00a0\u00bb custom_margin=\u00a0\u00bb0px||0px||false|false\u00a0\u00bb global_colors_info=\u00a0\u00bb{}\u00a0\u00bb link_text_color__hover_enabled=\u00a0\u00bbon|desktop\u00a0\u00bb link_text_color__hover=\u00a0\u00bb#E02B20&Prime;]<a href=\"\/fr\/boutique\/\">Continuer vos achats<\/a>[\/et_pb_text][et_pb_wc_cart_notice _builder_version=\u00a0\u00bb4.27.4&Prime; _module_preset=\u00a0\u00bbdefault\u00a0\u00bb title_font=\u00a0\u00bb&#8211;et_global_heading_font|500||on|||||\u00a0\u00bb title_text_color=\u00a0\u00bb#E02B20&Prime; title_font_size=\u00a0\u00bb14px\u00a0\u00bb title_letter_spacing=\u00a0\u00bb0.3px\u00a0\u00bb title_line_height=\u00a0\u00bb1.3em\u00a0\u00bb title_link_text_color=\u00a0\u00bb#E02B20&Prime; error_font=\u00a0\u00bb&#8211;et_global_body_font|500||on|||||\u00a0\u00bb error_text_color=\u00a0\u00bb#E02B20&Prime; error_font_size=\u00a0\u00bb14px\u00a0\u00bb error_letter_spacing=\u00a0\u00bb0.3px\u00a0\u00bb error_line_height=\u00a0\u00bb1.3em\u00a0\u00bb content_text_color=\u00a0\u00bb#000000&Prime; content_font_size=\u00a0\u00bb16px\u00a0\u00bb background_color=\u00a0\u00bb#FFFFFF\u00a0\u00bb custom_button=\u00a0\u00bbon\u00a0\u00bb button_text_size=\u00a0\u00bb16px\u00a0\u00bb button_text_color=\u00a0\u00bb#FFFFFF\u00a0\u00bb button_bg_color=\u00a0\u00bb#E02B20&Prime; button_border_width=\u00a0\u00bb0px\u00a0\u00bb button_border_radius=\u00a0\u00bb0px\u00a0\u00bb button_use_icon=\u00a0\u00bboff\u00a0\u00bb button_custom_padding=\u00a0\u00bb10px|20px|10px|20px|true|true\u00a0\u00bb custom_margin=\u00a0\u00bb30px|0em|0px|0em|false|false\u00a0\u00bb custom_padding=\u00a0\u00bb15px|15px|15px|20px|false|false\u00a0\u00bb title_font_size_tablet=\u00a0\u00bb16px\u00a0\u00bb title_font_size_phone=\u00a0\u00bb16px\u00a0\u00bb title_font_size_last_edited=\u00a0\u00bboff|phone\u00a0\u00bb error_font_size_tablet=\u00a0\u00bb16px\u00a0\u00bb error_font_size_phone=\u00a0\u00bb16px\u00a0\u00bb error_font_size_last_edited=\u00a0\u00bboff|desktop\u00a0\u00bb border_width_top=\u00a0\u00bb1px\u00a0\u00bb border_color_top=\u00a0\u00bb#E02B20&Prime; border_width_bottom=\u00a0\u00bb1px\u00a0\u00bb border_color_bottom=\u00a0\u00bb#E02B20&Prime; box_shadow_style_button=\u00a0\u00bbpreset1&Prime; box_shadow_vertical_button=\u00a0\u00bb0px\u00a0\u00bb box_shadow_blur_button=\u00a0\u00bb0px\u00a0\u00bb global_colors_info=\u00a0\u00bb{}\u00a0\u00bb button_bg_color__hover_enabled=\u00a0\u00bbon|hover\u00a0\u00bb button_border_radius__hover_enabled=\u00a0\u00bboff|hover\u00a0\u00bb button_text_color__hover_enabled=\u00a0\u00bboff|hover\u00a0\u00bb button_text_color__hover=\u00a0\u00bb#FFFFFF\u00a0\u00bb box_shadow_vertical_button__hover_enabled=\u00a0\u00bbon|desktop\u00a0\u00bb box_shadow_vertical_button__hover=\u00a0\u00bb2px\u00a0\u00bb box_shadow_blur_button__hover_enabled=\u00a0\u00bbon|hover\u00a0\u00bb box_shadow_blur_button__hover=\u00a0\u00bb18px\u00a0\u00bb button_bg_color__hover=\u00a0\u00bb#E02B20&Prime;][\/et_pb_wc_cart_notice][\/et_pb_column][\/et_pb_row][et_pb_row column_structure=\u00a0\u00bb3_5,2_5&Prime; _builder_version=\u00a0\u00bb4.27.4&Prime; _module_preset=\u00a0\u00bbdefault\u00a0\u00bb width=\u00a0\u00bb100%\u00a0\u00bb max_width=\u00a0\u00bb90%\u00a0\u00bb module_alignment=\u00a0\u00bbcenter\u00a0\u00bb custom_padding=\u00a0\u00bb0px||||false|false\u00a0\u00bb global_colors_info=\u00a0\u00bb{}\u00a0\u00bb][et_pb_column type=\u00a0\u00bb3_5&Prime; _builder_version=\u00a0\u00bb4.27.4&Prime; _module_preset=\u00a0\u00bbdefault\u00a0\u00bb global_colors_info=\u00a0\u00bb{}\u00a0\u00bb][et_pb_wc_cart_products _builder_version=\u00a0\u00bb4.27.4&Prime; _module_preset=\u00a0\u00bbdefault\u00a0\u00bb table_custom_margin=\u00a0\u00bb||0px||false|false\u00a0\u00bb icon_background_color=\u00a0\u00bbRGBA(255,255,255,0)\u00a0\u00bb icon_text_color=\u00a0\u00bb#E02B20&Prime; form_field_text_color=\u00a0\u00bb#000000&Prime; form_field_focus_text_color=\u00a0\u00bb#000000&Prime; form_field_custom_padding=\u00a0\u00bb10.5px||10.5px||true|false\u00a0\u00bb body_text_color=\u00a0\u00bb#000000&Prime; table_header_font=\u00a0\u00bb|600|||||||\u00a0\u00bb table_header_text_color=\u00a0\u00bb#000000&Prime; form_field_font_size=\u00a0\u00bb16px\u00a0\u00bb custom_button=\u00a0\u00bbon\u00a0\u00bb button_text_size=\u00a0\u00bb14px\u00a0\u00bb button_text_color=\u00a0\u00bb#E02B20&Prime; button_bg_color=\u00a0\u00bb#FFFFFF\u00a0\u00bb button_border_width=\u00a0\u00bb1px\u00a0\u00bb button_border_color=\u00a0\u00bb#E02B20&Prime; button_border_radius=\u00a0\u00bb25px\u00a0\u00bb button_use_icon=\u00a0\u00bboff\u00a0\u00bb button_custom_padding=\u00a0\u00bb10px|20px|10px|20px|true|true\u00a0\u00bb custom_disabled_button=\u00a0\u00bbon\u00a0\u00bb disabled_button_text_size=\u00a0\u00bb16px\u00a0\u00bb disabled_button_text_color=\u00a0\u00bb#FFFFFF\u00a0\u00bb disabled_button_bg_color=\u00a0\u00bb#E02B20&Prime; disabled_button_border_width=\u00a0\u00bb1px\u00a0\u00bb disabled_button_border_color=\u00a0\u00bb#E02B20&Prime; disabled_button_border_radius=\u00a0\u00bb25px\u00a0\u00bb disabled_button_use_icon=\u00a0\u00bboff\u00a0\u00bb disabled_button_custom_padding=\u00a0\u00bb10px|20px|10px|20px|true|true\u00a0\u00bb custom_padding=\u00a0\u00bb10px|20px|10px|20px|true|true\u00a0\u00bb custom_padding_tablet=\u00a0\u00bb0px|0px|0px|0px|true|true\u00a0\u00bb custom_padding_phone=\u00a0\u00bb0px|0px|0px|0px|true|true\u00a0\u00bb custom_padding_last_edited=\u00a0\u00bbon|tablet\u00a0\u00bb button_border_radius_last_edited=\u00a0\u00bboff|desktop\u00a0\u00bb custom_css_table=\u00a0\u00bbtable-layout: auto;\u00a0\u00bb custom_css_product_image=\u00a0\u00bbwidth: 120px;\u00a0\u00bb border_radii_table=\u00a0\u00bbon|0px|0px|0px|0px\u00a0\u00bb border_width_all_table=\u00a0\u00bb0px\u00a0\u00bb box_shadow_vertical_disabled_button_last_edited=\u00a0\u00bboff|desktop\u00a0\u00bb global_colors_info=\u00a0\u00bb{}\u00a0\u00bb button_text_color__hover_enabled=\u00a0\u00bbon|desktop\u00a0\u00bb button_text_color__hover=\u00a0\u00bb#FFFFFF\u00a0\u00bb button_bg_color__hover_enabled=\u00a0\u00bbon|hover\u00a0\u00bb button_bg_enable_color__hover=\u00a0\u00bbon\u00a0\u00bb disabled_button_text_color__hover_enabled=\u00a0\u00bboff|hover\u00a0\u00bb disabled_button_text_color__hover=\u00a0\u00bb#FFFFFF\u00a0\u00bb disabled_button_bg_color__hover_enabled=\u00a0\u00bbon|desktop\u00a0\u00bb disabled_button_bg_enable_color__hover=\u00a0\u00bbon\u00a0\u00bb button_border_radius__hover_enabled=\u00a0\u00bboff|hover\u00a0\u00bb disabled_button_border_radius__hover_enabled=\u00a0\u00bboff|hover\u00a0\u00bb button_custom_margin__hover_enabled=\u00a0\u00bboff|hover\u00a0\u00bb box_shadow_vertical_button__hover_enabled=\u00a0\u00bbon|hover\u00a0\u00bb box_shadow_vertical_button__hover=\u00a0\u00bb2px\u00a0\u00bb box_shadow_blur_button__hover_enabled=\u00a0\u00bbon|desktop\u00a0\u00bb box_shadow_blur_button__hover=\u00a0\u00bb18px\u00a0\u00bb box_shadow_vertical_disabled_button__hover_enabled=\u00a0\u00bbon|hover\u00a0\u00bb box_shadow_vertical_disabled_button__hover=\u00a0\u00bb2px\u00a0\u00bb box_shadow_blur_disabled_button__hover_enabled=\u00a0\u00bbon|hover\u00a0\u00bb box_shadow_blur_disabled_button__hover=\u00a0\u00bb18px\u00a0\u00bb button_bg_color__hover=\u00a0\u00bb#E02B20&Prime; disabled_button_bg_color__hover=\u00a0\u00bb#E02B20&Prime;][\/et_pb_wc_cart_products][et_pb_code _builder_version=\u00a0\u00bb4.27.4&Prime; _module_preset=\u00a0\u00bbdefault\u00a0\u00bb global_colors_info=\u00a0\u00bb{}\u00a0\u00bb]<\/p>\n<style>body #page-container .et_pb_section .et_pb_wc_cart_products_0 table.cart button[name=\"apply_coupon\"] {color:#e02B20!important;border-color: #e02b20 !important;}<!-- [et_pb_line_break_holder] -->  <!-- [et_pb_line_break_holder] -->body #page-container .et_pb_section .et_pb_wc_cart_products_0 table.cart button[name=\"apply_coupon\"]:hover, body #page-container .et_pb_section .et_pb_wc_cart_products_0 table.cart button[name=\"update_cart\"]:hover:not([disabled]) {color: #FFFFFF !important;background-color: #E02B20 !important;border-color: #e02b20 !important;}<!-- [et_pb_line_break_holder] -->  <!-- [et_pb_line_break_holder] -->.et_pb_wc_cart_products_0 table.cart button[name=\"update_cart\"]:disabled {color: #FFFFFF !important;border-width: 1px !important;border-color: #E02B20 !important;background-color: #E02B20 !important;font-size:14px;}<!-- [et_pb_line_break_holder] --><!-- [et_pb_line_break_holder] -->body #page-container .et_pb_section .et_pb_wc_cart_totals_0 a.checkout-button:hover, body #page-container .et_pb_section .et_pb_wc_cart_totals_0 button.button:hover {color: #FFFFFF !important;border-width: 1px !important;background-image: initial;background-color: #E02B20!important;border-color:#e02b20!important;}<\/style>\n<p>[\/et_pb_code][\/et_pb_column][et_pb_column type=\u00a0\u00bb2_5&Prime; _builder_version=\u00a0\u00bb4.27.4&Prime; _module_preset=\u00a0\u00bbdefault\u00a0\u00bb global_colors_info=\u00a0\u00bb{}\u00a0\u00bb][et_pb_wc_cart_totals _builder_version=\u00a0\u00bb4.27.4&Prime; _module_preset=\u00a0\u00bbdefault\u00a0\u00bb form_field_text_color=\u00a0\u00bb#000000&Prime; form_field_focus_text_color=\u00a0\u00bb#000000&Prime; form_field_custom_padding=\u00a0\u00bb10px||10px||true|false\u00a0\u00bb title_font=\u00a0\u00bb&#8211;et_global_heading_font|500||on|||||\u00a0\u00bb title_text_align=\u00a0\u00bbleft\u00a0\u00bb title_text_color=\u00a0\u00bb#000000&Prime; title_font_size=\u00a0\u00bb18px\u00a0\u00bb title_line_height=\u00a0\u00bb1.3em\u00a0\u00bb column_label_font=\u00a0\u00bb|600|||||||\u00a0\u00bb column_label_text_color=\u00a0\u00bb#000000&Prime; body_text_color=\u00a0\u00bb#000000&Prime; link_text_color=\u00a0\u00bb#E02B20&Prime; background_color=\u00a0\u00bb#FFFFFF\u00a0\u00bb custom_button=\u00a0\u00bbon\u00a0\u00bb button_text_color=\u00a0\u00bb#E02B20&Prime; button_bg_color=\u00a0\u00bb#FFFFFF\u00a0\u00bb button_border_color=\u00a0\u00bb#E02B20&Prime; button_border_radius=\u00a0\u00bb25px\u00a0\u00bb button_font=\u00a0\u00bb&#8211;et_global_body_font|500|||||||\u00a0\u00bb button_use_icon=\u00a0\u00bboff\u00a0\u00bb button_custom_padding=\u00a0\u00bb10px|20px|10px|20px|true|true\u00a0\u00bb custom_padding=\u00a0\u00bb20px|20px|0px|20px|false|true\u00a0\u00bb title_font_size_tablet=\u00a0\u00bb24px\u00a0\u00bb title_font_size_phone=\u00a0\u00bb20px\u00a0\u00bb title_font_size_last_edited=\u00a0\u00bboff|desktop\u00a0\u00bb button_border_radius_last_edited=\u00a0\u00bboff|desktop\u00a0\u00bb custom_css_free_form=\u00a0\u00bb.woocommerce table.shop_table td small {font-weight:500;color:#666666;}\u00a0\u00bb custom_css_column_label=\u00a0\u00bbmin-width: 110px;\u00a0\u00bb custom_css_link=\u00a0\u00bbcolor: #e02b20;\u00a0\u00bb custom_css_table=\u00a0\u00bbtable-layout: auto;\u00a0\u00bb border_radii_table=\u00a0\u00bbon|0px|0px|0px|0px\u00a0\u00bb global_colors_info=\u00a0\u00bb{}\u00a0\u00bb button_text_color__hover_enabled=\u00a0\u00bbon|desktop\u00a0\u00bb button_text_color__hover=\u00a0\u00bb#FFFFFF\u00a0\u00bb button_bg_color__hover_enabled=\u00a0\u00bbon|hover\u00a0\u00bb button_bg_enable_color__hover=\u00a0\u00bbon\u00a0\u00bb button_border_radius__hover_enabled=\u00a0\u00bboff|hover\u00a0\u00bb box_shadow_vertical_button__hover_enabled=\u00a0\u00bbon|hover\u00a0\u00bb box_shadow_vertical_button__hover=\u00a0\u00bb2px\u00a0\u00bb box_shadow_blur_button__hover_enabled=\u00a0\u00bbon|hover\u00a0\u00bb box_shadow_blur_button__hover=\u00a0\u00bb18px\u00a0\u00bb button_bg_color__hover=\u00a0\u00bb#E02B20&Prime; custom_css_button__hover_enabled=\u00a0\u00bboff|desktop\u00a0\u00bb custom_css_button__hover=\u00a0\u00bbbackground-color:#e02b20;border:1px solid #e02b20;color:#ffffff;\u00a0\u00bb button_border_width__hover_enabled=\u00a0\u00bbon|hover\u00a0\u00bb button_border_width__hover=\u00a0\u00bb1px\u00a0\u00bb][\/et_pb_wc_cart_totals][\/et_pb_column][\/et_pb_row][\/et_pb_section]<\/p>\n","protected":false},"excerpt":{"rendered":"<p>&nbsp;Accueil&nbsp;\/&nbsp;PanierVoitre Panier sur Le Parfum de France Veuillez examiner les parfums dans votre panier avant de proceder au r\u00e9glement. Vous pouvez r\u00e9gler vos achats avec Visa, Mastercard, Google Pay, Apple Pay et plus encore avec notre partenaire Stripe.S\u00e9lectionnez 4 packs dans notre Collection et ne payez que2.00\u20ac par flacon! Livraison gratuite en point relais ou [&hellip;]<\/p>\n","protected":false},"author":1,"featured_media":0,"parent":0,"menu_order":100,"comment_status":"closed","ping_status":"closed","template":"","meta":{"_et_pb_use_builder":"on","_et_pb_old_content":"<!-- wp:shortcode -->[woocommerce_cart]<!-- \/wp:shortcode -->","_et_gb_content_width":"","footnotes":""},"class_list":["post-110407","page","type-page","status-publish","hentry"],"_links":{"self":[{"href":"https:\/\/leparfumdefrance.com\/fr\/wp-json\/wp\/v2\/pages\/110407","targetHints":{"allow":["GET"]}}],"collection":[{"href":"https:\/\/leparfumdefrance.com\/fr\/wp-json\/wp\/v2\/pages"}],"about":[{"href":"https:\/\/leparfumdefrance.com\/fr\/wp-json\/wp\/v2\/types\/page"}],"author":[{"embeddable":true,"href":"https:\/\/leparfumdefrance.com\/fr\/wp-json\/wp\/v2\/users\/1"}],"replies":[{"embeddable":true,"href":"https:\/\/leparfumdefrance.com\/fr\/wp-json\/wp\/v2\/comments?post=110407"}],"version-history":[{"count":0,"href":"https:\/\/leparfumdefrance.com\/fr\/wp-json\/wp\/v2\/pages\/110407\/revisions"}],"wp:attachment":[{"href":"https:\/\/leparfumdefrance.com\/fr\/wp-json\/wp\/v2\/media?parent=110407"}],"curies":[{"name":"wp","href":"https:\/\/api.w.org\/{rel}","templated":true}]}}