{"id":110885,"date":"2022-02-11T14:24:17","date_gmt":"2022-02-11T13:24:17","guid":{"rendered":"https:\/\/leparfumdefrance.com\/accueil\/about\/"},"modified":"2025-08-27T09:57:06","modified_gmt":"2025-08-27T08:57:06","slug":"a-propos","status":"publish","type":"page","link":"https:\/\/leparfumdefrance.com\/fr\/accueil\/a-propos\/","title":{"rendered":"A Propos"},"content":{"rendered":"<p>[et_pb_section fb_built=\u00a0\u00bb1&Prime; admin_label=\u00a0\u00bbMain_Section\u00a0\u00bb module_class=\u00a0\u00bblink-red\u00a0\u00bb _builder_version=\u00a0\u00bb4.27.4&Prime; width=\u00a0\u00bb100%\u00a0\u00bb max_width=\u00a0\u00bb100%\u00a0\u00bb module_alignment=\u00a0\u00bbcenter\u00a0\u00bb custom_margin=\u00a0\u00bb0px||0px||false|false\u00a0\u00bb custom_padding=\u00a0\u00bb0px||20px||false|false\u00a0\u00bb border_color_top=\u00a0\u00bb#000000&Prime; collapsed=\u00a0\u00bboff\u00a0\u00bb global_colors_info=\u00a0\u00bb{}\u00a0\u00bb][et_pb_row custom_padding_last_edited=\u00a0\u00bboff|desktop\u00a0\u00bb admin_label=\u00a0\u00bbBreadCrumb_Row_FR\u00a0\u00bb module_class=\u00a0\u00bblink-red\u00a0\u00bb _builder_version=\u00a0\u00bb4.27.4&Prime; _module_preset=\u00a0\u00bbdefault\u00a0\u00bb width=\u00a0\u00bb100%\u00a0\u00bb max_width=\u00a0\u00bb90%\u00a0\u00bb module_alignment=\u00a0\u00bbcenter\u00a0\u00bb custom_margin=\u00a0\u00bb0px||0px||false|false\u00a0\u00bb custom_padding=\u00a0\u00bb20px|0px|0px|0px|false|true\u00a0\u00bb custom_padding_tablet=\u00a0\u00bb|30px||30px|false|true\u00a0\u00bb custom_padding_phone=\u00a0\u00bb|30px||30px|false|true\u00a0\u00bb collapsed=\u00a0\u00bboff\u00a0\u00bb global_colors_info=\u00a0\u00bb{}\u00a0\u00bb][et_pb_column type=\u00a0\u00bb4_4&Prime; _builder_version=\u00a0\u00bb4.16&Prime; _module_preset=\u00a0\u00bbdefault\u00a0\u00bb global_colors_info=\u00a0\u00bb{}\u00a0\u00bb][et_pb_text admin_label=\u00a0\u00bbBreadcrumb_Text_FR\u00a0\u00bb _builder_version=\u00a0\u00bb4.27.4&Prime; _module_preset=\u00a0\u00bbdefault\u00a0\u00bb text_orientation=\u00a0\u00bbcenter\u00a0\u00bb custom_padding=\u00a0\u00bb||20px||false|false\u00a0\u00bb custom_padding_tablet=\u00a0\u00bb||0px||false|false\u00a0\u00bb custom_padding_phone=\u00a0\u00bb||0px||false|false\u00a0\u00bb custom_padding_last_edited=\u00a0\u00bbon|phone\u00a0\u00bb global_colors_info=\u00a0\u00bb{}\u00a0\u00bb]<\/p>\n<p><img decoding=\"async\" style=\"max-width: 18px;height: auto;vertical-align: middle;\" src=\"\/wp-content\/uploads\/2025\/05\/Style-Two-Pin-Home_Grey.png\" \/>&nbsp;<a href=\"\/fr\/accueil\/\" title=\"Page d'Accueil\">Accueil<\/a>&nbsp;\/&nbsp;<a href=\"\/fr\/accueil\/a-propos\/\" title=\"Vous \u00eates ici\">A propos de Le Parfum de France<\/a><\/p>\n<p>[\/et_pb_text][\/et_pb_column][\/et_pb_row][et_pb_row make_equal=\u00a0\u00bbon\u00a0\u00bb admin_label=\u00a0\u00bb0_Header_Row\u00a0\u00bb module_id=\u00a0\u00bbmain\u00a0\u00bb _builder_version=\u00a0\u00bb4.27.4&Prime; width=\u00a0\u00bb100%\u00a0\u00bb max_width=\u00a0\u00bb91%\u00a0\u00bb module_alignment=\u00a0\u00bbcenter\u00a0\u00bb custom_margin=\u00a0\u00bb0px||0px||false|false\u00a0\u00bb custom_padding=\u00a0\u00bb0px||0px||false|false\u00a0\u00bb collapsed=\u00a0\u00bboff\u00a0\u00bb global_colors_info=\u00a0\u00bb{}\u00a0\u00bb][et_pb_column type=\u00a0\u00bb4_4&Prime; _builder_version=\u00a0\u00bb4.16&Prime; custom_padding=\u00a0\u00bb|||\u00a0\u00bb global_colors_info=\u00a0\u00bb{}\u00a0\u00bb custom_padding__hover=\u00a0\u00bb|||\u00a0\u00bb][et_pb_text admin_label=\u00a0\u00bbIntro_Title_FR\u00a0\u00bb module_class=\u00a0\u00bblink-red\u00a0\u00bb _builder_version=\u00a0\u00bb4.27.4&Prime; text_font=\u00a0\u00bb||||||||\u00a0\u00bb link_text_color=\u00a0\u00bb#666666&Prime; header_font=\u00a0\u00bb||||||||\u00a0\u00bb header_text_align=\u00a0\u00bbcenter\u00a0\u00bb text_orientation=\u00a0\u00bbcenter\u00a0\u00bb custom_margin=\u00a0\u00bb||30px||false|false\u00a0\u00bb custom_padding=\u00a0\u00bb10px||||false|false\u00a0\u00bb animation_direction=\u00a0\u00bbtop\u00a0\u00bb text_text_align=\u00a0\u00bbcenter\u00a0\u00bb global_colors_info=\u00a0\u00bb{}\u00a0\u00bb]<\/p>\n<h1>A propos de Le Parfum de France<\/h1>\n<p>La marque Le Parfum de France est la fille de la soci\u00e9t\u00e9 <a href=\"https:\/\/paris-elysees.com\" title=\"Visiter le site web de Paris Elysees\" target=\"_blank\" rel=\"noopener\">Paris Elysees Parfums<\/a>.<br \/>\nLa marque a plus de 30 ans d&rsquo;histoire dans l&rsquo;industrie des parfums et des cosm\u00e9tiques et a vendu plus de 500 millions de produits dans le monde.<br \/>\n<em>Dans le plus grand respect de nos clients, nous nous effor\u00e7ons de d\u00e9velopper des produits de parfumerie de qualit\u00e9 \u00e0 un prix \u00e9quitable.<\/em><\/p>\n<p>[\/et_pb_text][\/et_pb_column][\/et_pb_row][et_pb_row column_structure=\u00a0\u00bb3_4,1_4&Prime; make_equal=\u00a0\u00bbon\u00a0\u00bb disabled_on=\u00a0\u00bbon|on|off\u00a0\u00bb admin_label=\u00a0\u00bb1_intro_Row_PC_FR\u00a0\u00bb _builder_version=\u00a0\u00bb4.27.4&Prime; width=\u00a0\u00bb100%\u00a0\u00bb max_width=\u00a0\u00bb90%\u00a0\u00bb module_alignment=\u00a0\u00bbcenter\u00a0\u00bb custom_margin=\u00a0\u00bb0px||||false|false\u00a0\u00bb custom_padding=\u00a0\u00bb20px||30px||false|false\u00a0\u00bb collapsed=\u00a0\u00bboff\u00a0\u00bb global_colors_info=\u00a0\u00bb{}\u00a0\u00bb][et_pb_column type=\u00a0\u00bb3_4&Prime; _builder_version=\u00a0\u00bb4.16&Prime; global_colors_info=\u00a0\u00bb{}\u00a0\u00bb][et_pb_text admin_label=\u00a0\u00bb1_LPDF_Intro_FR\u00a0\u00bb _builder_version=\u00a0\u00bb4.27.4&Prime; text_font=\u00a0\u00bb||||||||\u00a0\u00bb header_font=\u00a0\u00bb||||||||\u00a0\u00bb header_text_align=\u00a0\u00bbright\u00a0\u00bb header_2_text_align=\u00a0\u00bbright\u00a0\u00bb text_orientation=\u00a0\u00bbright\u00a0\u00bb custom_padding=\u00a0\u00bb||10px||false|false\u00a0\u00bb animation_direction=\u00a0\u00bbtop\u00a0\u00bb header_2_text_align_tablet=\u00a0\u00bbcenter\u00a0\u00bb header_2_text_align_phone=\u00a0\u00bbcenter\u00a0\u00bb header_2_text_align_last_edited=\u00a0\u00bbon|desktop\u00a0\u00bb text_orientation_tablet=\u00a0\u00bbright\u00a0\u00bb text_orientation_phone=\u00a0\u00bbcenter\u00a0\u00bb text_orientation_last_edited=\u00a0\u00bbon|tablet\u00a0\u00bb custom_css_main_element=\u00a0\u00bbtext-align: right!important;\u00a0\u00bb text_text_align=\u00a0\u00bbcenter\u00a0\u00bb global_colors_info=\u00a0\u00bb{}\u00a0\u00bb]<\/p>\n<h2>Introduction \u00e0 Le Parfum de France<\/h2>\n<p>La marque Le Parfum de France a \u00e9t\u00e9 con\u00e7ue en 1990 avec l&rsquo;objectif de cr\u00e9er des parfums originaux et de qualit\u00e9 \u00e0 un prix abordable et d\u00e9mocratique.<br \/>\nTous nos parfums sont con\u00e7us et cr\u00e9\u00e9s en France et en Europe.<br \/>\nLa marque a continu\u00e9 \u00e0 se d\u00e9velopper en Europe et dans le monde et est aujourd&rsquo;hui pr\u00e9sente sur les cinq continents.<br \/>\nLe Parfum de France a conclu un partenariat avec Amazon et est vendu en tant que marque Prime sur cette place de march\u00e9 en Europe, en Inde, au Br\u00e9sil et maintenant aux \u00c9tats-Unis.<br \/>Plus d&rsquo;informations ci-dessous ou visitez notre <a title=\"Foire aux Questions Le Parfum de France\" href=\"\/fr\/accueil\/faq-foire-aux-questions\/\">FAQ<\/a> pour en savoir plus sur la marque et ses produits.<\/p>\n<p>[\/et_pb_text][\/et_pb_column][et_pb_column type=\u00a0\u00bb1_4&Prime; _builder_version=\u00a0\u00bb4.16&Prime; global_colors_info=\u00a0\u00bb{}\u00a0\u00bb][et_pb_image src=\u00a0\u00bbhttps:\/\/leparfumdefrance.com\/wp-content\/uploads\/2022\/03\/cropped-LPDF_RoundIcon.png\u00a0\u00bb alt=\u00a0\u00bbA propos | Le Parfum de France\u00a0\u00bb title_text=\u00a0\u00bbParfums originaux de qualit\u00e9 provenant directement du fabricant | Le Parfum de France\u00a0\u00bb disabled_on=\u00a0\u00bbon|on|off\u00a0\u00bb admin_label=\u00a0\u00bbLPDF_Logo_FR\u00a0\u00bb _builder_version=\u00a0\u00bb4.27.4&Prime; width=\u00a0\u00bb170px\u00a0\u00bb max_width=\u00a0\u00bb170px\u00a0\u00bb module_alignment=\u00a0\u00bbcenter\u00a0\u00bb min_height=\u00a0\u00bb170px\u00a0\u00bb height=\u00a0\u00bb170px\u00a0\u00bb max_height=\u00a0\u00bb170px\u00a0\u00bb custom_padding=\u00a0\u00bb15px||||false|false\u00a0\u00bb global_colors_info=\u00a0\u00bb{}\u00a0\u00bb][\/et_pb_image][\/et_pb_column][\/et_pb_row][et_pb_row make_equal=\u00a0\u00bbon\u00a0\u00bb disabled_on=\u00a0\u00bboff|off|on\u00a0\u00bb admin_label=\u00a0\u00bb1_intro_Row_TelTab_FR\u00a0\u00bb _builder_version=\u00a0\u00bb4.27.4&Prime; width=\u00a0\u00bb100%\u00a0\u00bb max_width=\u00a0\u00bb90%\u00a0\u00bb module_alignment=\u00a0\u00bbcenter\u00a0\u00bb custom_padding=\u00a0\u00bb||30px||false|false\u00a0\u00bb collapsed=\u00a0\u00bboff\u00a0\u00bb global_colors_info=\u00a0\u00bb{}\u00a0\u00bb][et_pb_column type=\u00a0\u00bb4_4&Prime; _builder_version=\u00a0\u00bb4.16&Prime; global_colors_info=\u00a0\u00bb{}\u00a0\u00bb][et_pb_text admin_label=\u00a0\u00bb1_LPDF_Intro_FR\u00a0\u00bb _builder_version=\u00a0\u00bb4.27.4&Prime; text_font=\u00a0\u00bb||||||||\u00a0\u00bb header_font=\u00a0\u00bb||||||||\u00a0\u00bb header_text_align=\u00a0\u00bbcenter\u00a0\u00bb header_2_text_align=\u00a0\u00bbcenter\u00a0\u00bb text_orientation=\u00a0\u00bbcenter\u00a0\u00bb custom_padding=\u00a0\u00bb||10px||false|false\u00a0\u00bb animation_direction=\u00a0\u00bbtop\u00a0\u00bb custom_css_main_element=\u00a0\u00bbtext-align: right!important;\u00a0\u00bb text_text_align=\u00a0\u00bbcenter\u00a0\u00bb global_colors_info=\u00a0\u00bb{}\u00a0\u00bb]<\/p>\n<h2>Introduction \u00e0 Le Parfum de France<\/h2>\n<p><center>La marque Le Parfum de France a \u00e9t\u00e9 con\u00e7ue en 1990 avec l&rsquo;objectif de cr\u00e9er des parfums originaux et de qualit\u00e9 \u00e0 un prix abordable et d\u00e9mocratique.<br \/>\nTous nos parfums sont con\u00e7us et cr\u00e9\u00e9s en France et en Europe.<br \/>\nLa marque a continu\u00e9 \u00e0 se d\u00e9velopper en Europe et dans le monde et est aujourd&rsquo;hui pr\u00e9sente sur les cinq continents.<br \/>\nLe Parfum de France a conclu un partenariat avec Amazon et est vendu en tant que marque Prime sur cette place de march\u00e9 en Europe, en Inde, au Br\u00e9sil et maintenant aux \u00c9tats-Unis.<br \/>Plus d&rsquo;informations ci-dessous ou visitez notre <a title=\"Foire aux Questions Le Parfum de France\" href=\"\/fr\/accueil\/faq-foire-aux-questions\/\">FAQ<\/a> pour en savoir plus sur la marque et ses produits.<\/center><\/p>\n<p>[\/et_pb_text][\/et_pb_column][\/et_pb_row][et_pb_row column_structure=\u00a0\u00bb1_2,1_2&Prime; make_equal=\u00a0\u00bbon\u00a0\u00bb admin_label=\u00a0\u00bb2_WWA_Row_FR\u00a0\u00bb _builder_version=\u00a0\u00bb4.27.4&Prime; width=\u00a0\u00bb100%\u00a0\u00bb max_width=\u00a0\u00bb90%\u00a0\u00bb module_alignment=\u00a0\u00bbcenter\u00a0\u00bb custom_margin=\u00a0\u00bb0px||0px||false|false\u00a0\u00bb custom_padding=\u00a0\u00bb20px||30px||false|false\u00a0\u00bb border_color_top=\u00a0\u00bb#b2b2b2&Prime; collapsed=\u00a0\u00bboff\u00a0\u00bb global_colors_info=\u00a0\u00bb{}\u00a0\u00bb][et_pb_column type=\u00a0\u00bb1_2&Prime; _builder_version=\u00a0\u00bb4.16&Prime; global_colors_info=\u00a0\u00bb{}\u00a0\u00bb][et_pb_text admin_label=\u00a0\u00bbWWA_1_FR\u00a0\u00bb _builder_version=\u00a0\u00bb4.27.4&Prime; header_2_text_align=\u00a0\u00bbcenter\u00a0\u00bb text_orientation=\u00a0\u00bbcenter\u00a0\u00bb global_colors_info=\u00a0\u00bb{}\u00a0\u00bb]<\/p>\n<h2>A propos:<br \/>Qualit\u00e9 et durabilit\u00e9<\/h2>\n<p>Parfum de France suit strictement le syst\u00e8me r\u00e9glementaire international R.E.A.C.H. (Registration, Evaluation, Authorization and restriction of Chemicals) et I.F.R.A. (International Fragrance Association) ainsi que toutes les autres normes europ\u00e9ennes et internationales.<\/p>\n<p>Tous nos ingr\u00e9dients sont exp\u00e9di\u00e9s \u00e0 nos laboratoires de Grasse pour une analyse pr\u00e9liminaire afin de garantir les plus hauts standards de qualit\u00e9 (biochimique et botanique).<\/p>\n<p>Les produits Le Parfum de France respectent toutes les exigences en mati\u00e8re d&rsquo;autorisations, d&rsquo;all\u00e9gations, de tra\u00e7abilit\u00e9 et sont valid\u00e9s par des experts externes en toxicologie.<br \/>\nTous nos parfums sont \u00e9galement conformes aux derni\u00e8res normes europ\u00e9ennes.<\/p>\n<p>Nous appliquons des normes strictes en mati\u00e8re d&rsquo;\u00e9galit\u00e9 professionnelle et salariale, ainsi que des conditions de travail \u00e9thiques dans toutes les branches op\u00e9rationnelles, o\u00f9 que nous soyons pr\u00e9sents.[\/et_pb_text][\/et_pb_column][et_pb_column type=\u00a0\u00bb1_2&Prime; _builder_version=\u00a0\u00bb4.16&Prime; global_colors_info=\u00a0\u00bb{}\u00a0\u00bb][et_pb_text admin_label=\u00a0\u00bbWWA_2_FR\u00a0\u00bb _builder_version=\u00a0\u00bb4.27.4&Prime; header_2_text_align=\u00a0\u00bbcenter\u00a0\u00bb text_orientation=\u00a0\u00bbcenter\u00a0\u00bb custom_padding_tablet=\u00a0\u00bb\u00a0\u00bb custom_padding_phone=\u00a0\u00bb30px||||false|false\u00a0\u00bb custom_padding_last_edited=\u00a0\u00bbon|phone\u00a0\u00bb global_colors_info=\u00a0\u00bb{}\u00a0\u00bb]<\/p>\n<h2>A propos:<br \/>Le Parfum de France dans le monde<\/h2>\n<p>Le groupe Paris Elysees, qui g\u00e8re la marque Le Parfum de France, poss\u00e8de aujourd&rsquo;hui plus de 30 ans d&rsquo;exp\u00e9rience dans le domaine de la parfumerie et de la s\u00e9lection de mati\u00e8res premi\u00e8res naturelles \u00e0 travers le monde.<\/p>\n<p>Plus de 500 millions de flacons de parfum (et ce n&rsquo;est pas fini!) ont \u00e9t\u00e9 vendus au cours de cette p\u00e9riode en Europe, en Am\u00e9rique du Nord et en Am\u00e9rique latine, au Moyen-Orient, en Inde et en Chine.<\/p>\n<p>Des succursales op\u00e9rant sur plusieurs continents : Europe, \u00c9tats-Unis, Am\u00e9rique latine, Inde et Chine.<\/p>\n<p>Les fragrances et essences exclusives sont cr\u00e9\u00e9es \u00e0 Grasse (sud de la France) et en Europe.<\/p>\n<p>L&rsquo;exp\u00e9rience et la reconnaissance mondiale du Groupe Paris Elysees dans le secteur ont conduit \u00e0 la cr\u00e9ation en 2012 des Laboratoires Paris Elysees dont l&rsquo;objectif est de proposer des produits exclusifs et naturels compos\u00e9s d&rsquo;Huiles Essentielles 100% pures et naturelles sous la marque <a title=\"Produits Naturels E2 Essential Elements\" href=\"https:\/\/www.e2essentialelements.com\" target=\"_blank\" rel=\"noopener noreferrer\">E2 Essential Elements<\/a>[\/et_pb_text][\/et_pb_column][\/et_pb_row][et_pb_row admin_label=\u00a0\u00bb3_WWA_Black_Row_FR\u00a0\u00bb _builder_version=\u00a0\u00bb4.27.4&Prime; width=\u00a0\u00bb100%\u00a0\u00bb max_width=\u00a0\u00bb90%\u00a0\u00bb module_alignment=\u00a0\u00bbcenter\u00a0\u00bb custom_padding=\u00a0\u00bb30px||30px||true|false\u00a0\u00bb collapsed=\u00a0\u00bboff\u00a0\u00bb global_colors_info=\u00a0\u00bb{}\u00a0\u00bb][et_pb_column type=\u00a0\u00bb4_4&Prime; _builder_version=\u00a0\u00bb4.16&Prime; global_colors_info=\u00a0\u00bb{}\u00a0\u00bb][et_pb_text admin_label=\u00a0\u00bbResume_White_Text\u00a0\u00bb _builder_version=\u00a0\u00bb4.27.4&Prime; text_font=\u00a0\u00bb&#8211;et_global_heading_font|600||on|||||\u00a0\u00bb text_text_color=\u00a0\u00bb#ffffff\u00a0\u00bb text_font_size=\u00a0\u00bb13px\u00a0\u00bb text_letter_spacing=\u00a0\u00bb1px\u00a0\u00bb header_4_text_color=\u00a0\u00bb#ffffff\u00a0\u00bb header_4_letter_spacing=\u00a0\u00bb1px\u00a0\u00bb header_4_line_height=\u00a0\u00bb1.7em\u00a0\u00bb header_5_text_align=\u00a0\u00bbcenter\u00a0\u00bb header_5_text_color=\u00a0\u00bb#ffffff\u00a0\u00bb header_5_line_height=\u00a0\u00bb1.5em\u00a0\u00bb background_color=\u00a0\u00bb#000000&Prime; text_orientation=\u00a0\u00bbcenter\u00a0\u00bb background_layout=\u00a0\u00bbdark\u00a0\u00bb custom_padding=\u00a0\u00bb50px|20px|40px|20px|false|false\u00a0\u00bb hover_enabled=\u00a0\u00bb0&Prime; border_radii=\u00a0\u00bbon|10px|10px|10px|10px\u00a0\u00bb global_colors_info=\u00a0\u00bb{}\u00a0\u00bb sticky_enabled=\u00a0\u00bb0&Prime;]<P>Les formules de nos parfums sont cr\u00e9\u00e9es par des ma\u00eetres parfumeurs en France et en Europe.<\/p>\n<p>NOTRE PRINCIPAL SITE DE PRODUCTION EST SITU\u00c9 \u00c0 JAIPUR, AU RAJASTHAN, EN INDE.<\/p>\n<p>Notre bureau de distribution est situ\u00e9 \u00e0 Mouscron, en Belgique, au c\u0153ur de l&rsquo;Europe.<\/p>\n<p>Notre bureau de commerce international est situ\u00e9 \u00e0 Barcelone, en Espagne.<\/p>\n<p>Des succursales op\u00e9rationnelles sur les cinq continents pour l&rsquo;approvisionnement et la distribution.<\/p>\n<p>[\/et_pb_text][\/et_pb_column][\/et_pb_row][\/et_pb_section]<\/p>\n","protected":false},"excerpt":{"rendered":"<p>&nbsp;Accueil&nbsp;\/&nbsp;A propos de Le Parfum de FranceA propos de Le Parfum de France La marque Le Parfum de France est la fille de la soci\u00e9t\u00e9 Paris Elysees Parfums. La marque a plus de 30 ans d&rsquo;histoire dans l&rsquo;industrie des parfums et des cosm\u00e9tiques et a vendu plus de 500 millions de produits dans le monde. [&hellip;]<\/p>\n","protected":false},"author":1,"featured_media":0,"parent":110691,"menu_order":2,"comment_status":"closed","ping_status":"closed","template":"","meta":{"_et_pb_use_builder":"on","_et_pb_old_content":"","_et_gb_content_width":"","footnotes":""},"class_list":["post-110885","page","type-page","status-publish","hentry"],"_links":{"self":[{"href":"https:\/\/leparfumdefrance.com\/fr\/wp-json\/wp\/v2\/pages\/110885","targetHints":{"allow":["GET"]}}],"collection":[{"href":"https:\/\/leparfumdefrance.com\/fr\/wp-json\/wp\/v2\/pages"}],"about":[{"href":"https:\/\/leparfumdefrance.com\/fr\/wp-json\/wp\/v2\/types\/page"}],"author":[{"embeddable":true,"href":"https:\/\/leparfumdefrance.com\/fr\/wp-json\/wp\/v2\/users\/1"}],"replies":[{"embeddable":true,"href":"https:\/\/leparfumdefrance.com\/fr\/wp-json\/wp\/v2\/comments?post=110885"}],"version-history":[{"count":0,"href":"https:\/\/leparfumdefrance.com\/fr\/wp-json\/wp\/v2\/pages\/110885\/revisions"}],"up":[{"embeddable":true,"href":"https:\/\/leparfumdefrance.com\/fr\/wp-json\/wp\/v2\/pages\/110691"}],"wp:attachment":[{"href":"https:\/\/leparfumdefrance.com\/fr\/wp-json\/wp\/v2\/media?parent=110885"}],"curies":[{"name":"wp","href":"https:\/\/api.w.org\/{rel}","templated":true}]}}