{"id":110902,"date":"2022-02-11T14:26:29","date_gmt":"2022-02-11T13:26:29","guid":{"rendered":"https:\/\/leparfumdefrance.com\/accueil\/mentions-legales\/cookie-policy\/"},"modified":"2025-08-27T14:42:47","modified_gmt":"2025-08-27T13:42:47","slug":"politique-de-cookies","status":"publish","type":"page","link":"https:\/\/leparfumdefrance.com\/fr\/accueil\/mentions-legales\/politique-de-cookies\/","title":{"rendered":"Politique de Cookies"},"content":{"rendered":"<p>[et_pb_section fb_built=\u00a0\u00bb1&Prime; _builder_version=\u00a0\u00bb4.27.4&Prime; _module_preset=\u00a0\u00bbdefault\u00a0\u00bb width=\u00a0\u00bb100%\u00a0\u00bb max_width=\u00a0\u00bb90%\u00a0\u00bb module_alignment=\u00a0\u00bbcenter\u00a0\u00bb custom_margin=\u00a0\u00bb0px|0px|0px|0px|false|true\u00a0\u00bb custom_padding=\u00a0\u00bb0px|0px|0px|0px|false|true\u00a0\u00bb global_colors_info=\u00a0\u00bb{}\u00a0\u00bb admin_label=\u00a0\u00bbSection_FR\u00a0\u00bb][et_pb_row custom_padding_last_edited=\u00a0\u00bboff|desktop\u00a0\u00bb admin_label=\u00a0\u00bbBreadCrumb_Row_FR\u00a0\u00bb module_class=\u00a0\u00bblink-red\u00a0\u00bb _builder_version=\u00a0\u00bb4.27.4&Prime; _module_preset=\u00a0\u00bbdefault\u00a0\u00bb width=\u00a0\u00bb100%\u00a0\u00bb max_width=\u00a0\u00bb100%\u00a0\u00bb module_alignment=\u00a0\u00bbcenter\u00a0\u00bb custom_margin=\u00a0\u00bb0px|0px|0px|0px|false|false\u00a0\u00bb custom_padding=\u00a0\u00bb20px|0px|0px|0px|false|true\u00a0\u00bb custom_padding_tablet=\u00a0\u00bb|30px||30px|false|true\u00a0\u00bb custom_padding_phone=\u00a0\u00bb|30px||30px|false|true\u00a0\u00bb collapsed=\u00a0\u00bboff\u00a0\u00bb global_colors_info=\u00a0\u00bb{}\u00a0\u00bb][et_pb_column type=\u00a0\u00bb4_4&Prime; _builder_version=\u00a0\u00bb4.16&Prime; _module_preset=\u00a0\u00bbdefault\u00a0\u00bb global_colors_info=\u00a0\u00bb{}\u00a0\u00bb][et_pb_text admin_label=\u00a0\u00bbBreadcrumb_Text_FR\u00a0\u00bb _builder_version=\u00a0\u00bb4.27.4&Prime; _module_preset=\u00a0\u00bbdefault\u00a0\u00bb text_orientation=\u00a0\u00bbcenter\u00a0\u00bb custom_padding=\u00a0\u00bb||0px||false|false\u00a0\u00bb custom_padding_tablet=\u00a0\u00bb||0px||false|false\u00a0\u00bb custom_padding_phone=\u00a0\u00bb||0px||false|false\u00a0\u00bb custom_padding_last_edited=\u00a0\u00bbon|desktop\u00a0\u00bb hover_enabled=\u00a0\u00bb0&Prime; global_colors_info=\u00a0\u00bb{}\u00a0\u00bb sticky_enabled=\u00a0\u00bb0&Prime;]<\/p>\n<p><img decoding=\"async\" style=\"max-width: 18px;height: auto;vertical-align: middle;\" src=\"\/wp-content\/uploads\/2025\/05\/Style-Two-Pin-Home_Grey.png\" \/>&nbsp;<a href=\"\/fr\/accueil\/\" title=\"Page d'Accueil\">Accueil<\/a>&nbsp;\/&nbsp;<a href=\"\/fr\/accueil\/mentions-legales\/\" title=\"Mentions L\u00e9gales\">Mentions L\u00e9gales<\/a>&nbsp;\/&nbsp;<a href=\"\/fr\/accueil\/mentions-legales\/politique-de-cookies\/\" title=\"Vous \u00eates ici\">Politique de Cookies<\/a><\/p>\n<p>[\/et_pb_text][\/et_pb_column][\/et_pb_row][et_pb_row column_structure=\u00a0\u00bb2_5,3_5&Prime; make_equal=\u00a0\u00bbon\u00a0\u00bb custom_padding_last_edited=\u00a0\u00bbon|phone\u00a0\u00bb admin_label=\u00a0\u00bbTitle_Row_FR\u00a0\u00bb module_class=\u00a0\u00bblink-red\u00a0\u00bb _builder_version=\u00a0\u00bb4.27.4&Prime; _module_preset=\u00a0\u00bbdefault\u00a0\u00bb width=\u00a0\u00bb100%\u00a0\u00bb max_width=\u00a0\u00bb100%\u00a0\u00bb module_alignment=\u00a0\u00bbcenter\u00a0\u00bb custom_margin=\u00a0\u00bb0px|0px|0px|0px|false|true\u00a0\u00bb custom_padding=\u00a0\u00bb|0px|50px|0px|false|true\u00a0\u00bb custom_padding_tablet=\u00a0\u00bb|0px|10px|0px|false|true\u00a0\u00bb custom_padding_phone=\u00a0\u00bb||10px||false|true\u00a0\u00bb collapsed=\u00a0\u00bboff\u00a0\u00bb global_colors_info=\u00a0\u00bb{}\u00a0\u00bb][et_pb_column type=\u00a0\u00bb2_5&Prime; _builder_version=\u00a0\u00bb4.16&Prime; _module_preset=\u00a0\u00bbdefault\u00a0\u00bb global_colors_info=\u00a0\u00bb{}\u00a0\u00bb][et_pb_text disabled_on=\u00a0\u00bboff|off|on\u00a0\u00bb admin_label=\u00a0\u00bbTitle_Intro_TelTab_FR\u00a0\u00bb _builder_version=\u00a0\u00bb4.27.4&Prime; _module_preset=\u00a0\u00bbdefault\u00a0\u00bb text_text_color=\u00a0\u00bb#666666&Prime; header_font=\u00a0\u00bb|||on|||||\u00a0\u00bb header_text_align=\u00a0\u00bbleft\u00a0\u00bb hover_enabled=\u00a0\u00bb0&Prime; global_colors_info=\u00a0\u00bb{}\u00a0\u00bb sticky_enabled=\u00a0\u00bb0&Prime;]<\/p>\n<h1>Politique en mati\u00e8re de cookies Le Parfum de France<\/h1>\n<p>La pr\u00e9sente politique en mati\u00e8re de cookies contient les informations requises et explique comment et pourquoi nous les utilisons. Vous devez accepter l&rsquo;utilisation de cookies pour continuer \u00e0 utiliser ce site web et cette boutique en ligne.<\/p>\n<p>[\/et_pb_text][et_pb_toggle title=\u00a0\u00bbtable des mati\u00e8res\u00a0\u00bb open_toggle_text_color=\u00a0\u00bb#666666&Prime; open_toggle_background_color=\u00a0\u00bb#FFFFFF\u00a0\u00bb closed_toggle_text_color=\u00a0\u00bb#666666&Prime; closed_toggle_background_color=\u00a0\u00bb#FFFFFF\u00a0\u00bb icon_color=\u00a0\u00bb#929292&Prime; toggle_icon=\u00a0\u00bb&#x3b;||divi||400&Prime; use_icon_font_size=\u00a0\u00bbon\u00a0\u00bb icon_font_size=\u00a0\u00bb22px\u00a0\u00bb open_icon_color=\u00a0\u00bb#929292&Prime; open_toggle_icon=\u00a0\u00bb&#x3a;||divi||400&Prime; open_use_icon_font_size=\u00a0\u00bbon\u00a0\u00bb open_icon_font_size=\u00a0\u00bb22px\u00a0\u00bb admin_label=\u00a0\u00bbBascule_FR\u00a0\u00bb _builder_version=\u00a0\u00bb4.27.4&Prime; _module_preset=\u00a0\u00bbdefault\u00a0\u00bb title_text_color=\u00a0\u00bb#666666&Prime; title_font=\u00a0\u00bbQuicksand|600||on|||||\u00a0\u00bb title_text_align=\u00a0\u00bbleft\u00a0\u00bb title_font_size=\u00a0\u00bb14px\u00a0\u00bb closed_title_font=\u00a0\u00bbQuicksand|600||on|||||\u00a0\u00bb closed_title_text_align=\u00a0\u00bbleft\u00a0\u00bb body_text_align=\u00a0\u00bbleft\u00a0\u00bb body_text_color=\u00a0\u00bb#666666&Prime; text_orientation=\u00a0\u00bbleft\u00a0\u00bb custom_padding=\u00a0\u00bb30px||30px||false|false\u00a0\u00bb custom_padding_tablet=\u00a0\u00bb||30px||false|false\u00a0\u00bb custom_padding_phone=\u00a0\u00bb||30px||false|false\u00a0\u00bb custom_padding_last_edited=\u00a0\u00bboff|desktop\u00a0\u00bb hover_enabled=\u00a0\u00bb0&Prime; custom_css_free_form=\u00a0\u00bb.et_pb_toggle_open, .et_pb_toggle_close {padding-left:0px;}||.entry-content ol {padding-bottom:0px;}\u00a0\u00bb border_color_all=\u00a0\u00bb#b2b2b2&Prime; border_width_right=\u00a0\u00bb0px\u00a0\u00bb border_width_left=\u00a0\u00bb0px\u00a0\u00bb global_colors_info=\u00a0\u00bb{}\u00a0\u00bb sticky_enabled=\u00a0\u00bb0&Prime;]<\/p>\n<ol>\n<li><a title=\"Qu'est-ce qu'un cookie et comment l'utilise-t-on?\" href=\"#whatcookies\">Ce que sont les cookies<\/a><\/li>\n<li><a title=\"Quels sont les cookies que nous utilisons?\" href=\"#declaration\">D\u00e9claration de nos cookies<\/a><\/li>\n<li><a title=\"Envoyer un courriel \u00e0 notre d\u00e9l\u00e9gu\u00e9 \u00e0 la protection des donn\u00e9es\" href=\"#dpo\">Protection des donn\u00e9es<\/a><\/li>\n<\/ol>\n<p>[\/et_pb_toggle][\/et_pb_column][et_pb_column type=\u00a0\u00bb3_5&Prime; _builder_version=\u00a0\u00bb4.16&Prime; _module_preset=\u00a0\u00bbdefault\u00a0\u00bb global_colors_info=\u00a0\u00bb{}\u00a0\u00bb][et_pb_text disabled_on=\u00a0\u00bbon|on|off\u00a0\u00bb admin_label=\u00a0\u00bbTitle_Intro_PC_FR\u00a0\u00bb _builder_version=\u00a0\u00bb4.27.4&Prime; _module_preset=\u00a0\u00bbdefault\u00a0\u00bb text_text_color=\u00a0\u00bb#666666&Prime; header_font=\u00a0\u00bb|||on|||||\u00a0\u00bb header_text_align=\u00a0\u00bbleft\u00a0\u00bb hover_enabled=\u00a0\u00bb0&Prime; global_colors_info=\u00a0\u00bb{}\u00a0\u00bb sticky_enabled=\u00a0\u00bb0&Prime;]<\/p>\n<h1>Politique en mati\u00e8re de cookies Le Parfum de France<\/h1>\n<p>La pr\u00e9sente politique en mati\u00e8re de cookies contient les informations requises et explique comment et pourquoi nous les utilisons. Vous devez accepter l&rsquo;utilisation de cookies pour continuer \u00e0 utiliser ce site web et cette boutique en ligne.<\/p>\n<p>[\/et_pb_text][\/et_pb_column][\/et_pb_row][et_pb_row admin_label=\u00a0\u00bbMain_Row\u00a0\u00bb module_class=\u00a0\u00bblink-red\u00a0\u00bb _builder_version=\u00a0\u00bb4.27.4&Prime; _module_preset=\u00a0\u00bbdefault\u00a0\u00bb width=\u00a0\u00bb100%\u00a0\u00bb max_width=\u00a0\u00bb100%\u00a0\u00bb module_alignment=\u00a0\u00bbcenter\u00a0\u00bb custom_margin=\u00a0\u00bb0px||0px||false|false\u00a0\u00bb custom_padding=\u00a0\u00bb0px||20px||false|false\u00a0\u00bb global_colors_info=\u00a0\u00bb{}\u00a0\u00bb][et_pb_column type=\u00a0\u00bb4_4&Prime; _builder_version=\u00a0\u00bb4.27.4&Prime; _module_preset=\u00a0\u00bbdefault\u00a0\u00bb custom_padding=\u00a0\u00bb0px|0px|0px|0px|true|true\u00a0\u00bb global_colors_info=\u00a0\u00bb{}\u00a0\u00bb][et_pb_text admin_label=\u00a0\u00bb1_What_Cookies_Are_FR\u00a0\u00bb module_id=\u00a0\u00bbwhatcookies\u00a0\u00bb _builder_version=\u00a0\u00bb4.27.4&Prime; _module_preset=\u00a0\u00bbdefault\u00a0\u00bb hover_enabled=\u00a0\u00bb0&Prime; global_colors_info=\u00a0\u00bb{}\u00a0\u00bb sticky_enabled=\u00a0\u00bb0&Prime;]<\/p>\n<h2>1. Qu&rsquo;est-ce que les cookies et qu&rsquo;est-ce qu&rsquo;une politique en mati\u00e8re de cookies?<\/h2>\n<p>(1) Les cookies sont de petits fichiers texte qui sont stock\u00e9s sur votre disque dur et attribu\u00e9s \u00e0 votre navigateur, ils fournissent certaines informations \u00e0 l&rsquo;entit\u00e9 qui a plac\u00e9 le cookie (nous dans ce cas). Les cookies ne peuvent pas entra\u00eener l&rsquo;ex\u00e9cution de programmes ou la transmission de virus \u00e0 votre ordinateur. Ils sont utilis\u00e9s pour rendre notre offre Internet plus conviviale et plus efficace dans son ensemble.<\/p>\n<p>(2) Utilisation de cookies:<\/p>\n<p>a) Ce site web utilise les types de cookies suivants, dont la port\u00e9e et les fonctions sont expliqu\u00e9es dans la pr\u00e9sente politique en mati\u00e8re de cookies :<\/p>\n<p>&#8211; Les cookies de session (voir b).<\/p>\n<p>&#8211; Cookies de session (voir b)<br \/>\n&#8211; Cookies permanents (voir c).<\/p>\n<p>b) Les cookies de session stockent un identifiant de session, qui permet d&rsquo;attribuer les diff\u00e9rentes demandes de votre navigateur \u00e0 la session partag\u00e9e. Les cookies de session sont supprim\u00e9s lorsque vous vous d\u00e9connectez ou fermez votre navigateur. Si vous red\u00e9marrez votre navigateur et revenez sur le site, celui-ci ne vous reconna\u00eetra pas. Vous devrez vous connecter \u00e0 nouveau (si une connexion est requise) ou r\u00e9initialiser vos mod\u00e8les et pr\u00e9f\u00e9rences lorsque le site web offre de telles fonctionnalit\u00e9s. Un nouveau cookie de session est alors g\u00e9n\u00e9r\u00e9, qui stocke vos informations et reste actif jusqu&rsquo;\u00e0 ce que vous quittiez la page ou fermiez votre navigateur.<\/p>\n<p>c) Les cookies permanents sont automatiquement supprim\u00e9s apr\u00e8s une certaine p\u00e9riode, qui peut varier en fonction du cookie. Vous pouvez supprimer les cookies \u00e0 tout moment dans les param\u00e8tres de s\u00e9curit\u00e9 de votre navigateur (voir ci-dessous).<\/p>\n<p>(3) Pourquoi utilisons-nous des cookies?<br \/>\nNous utilisons des cookies pour personnaliser le contenu et les publicit\u00e9s, pour fournir des fonctions de m\u00e9dias sociaux et pour analyser le trafic sur notre site web. En outre, nous fournissons des informations sur votre utilisation de notre site web \u00e0 nos partenaires pour les m\u00e9dias sociaux, la publicit\u00e9 et l&rsquo;analyse. Nos partenaires peuvent combiner ces informations avec d&rsquo;autres donn\u00e9es que vous leur avez fournies ou qu&rsquo;ils ont collect\u00e9es lors de votre utilisation des services. En continuant \u00e0 utiliser notre site web, vous donnez votre accord pour l&rsquo;utilisation de nos cookies.<br \/>\nLes diff\u00e9rents cookies utilis\u00e9s et leur fonctionnement sur le site web peuvent \u00eatre identifi\u00e9s \u00e0 l&rsquo;aide du gestionnaire de cookies Cookiebot. (<a href=\"https:\/\/www.cookiebot.com\" title=\"CookieBot Gestionnaire de cookies\" target=\"_blank\" rel=\"noopener\">https:\/\/www.cookiebot.com<\/a>). La vue d&rsquo;ensemble est mise \u00e0 jour r\u00e9guli\u00e8rement. Vous trouverez une vue simplifi\u00e9e ci-dessous dans la pr\u00e9sente politique en mati\u00e8re de cookies.<\/p>\n<p>&#8211;  Les cookies techniquement essentiels<br \/>\nLes cookies techniquement essentiels vous permettent d&rsquo;utiliser notre site web, en assurant des fonctions de base telles que la navigation sur le site et l&rsquo;acc\u00e8s aux zones s\u00e9curis\u00e9es du site. L&rsquo;acc\u00e8s \u00e0 notre site web peut ne pas fonctionner correctement sans ces cookies.<br \/>\n<em>Les cookies de session sont supprim\u00e9s lorsque le navigateur est ferm\u00e9.<\/em><\/p>\n<p>&#8211;  Performance (par exemple, le navigateur de l&rsquo;utilisateur) et pr\u00e9f\u00e9rences<br \/>\nLors de l&rsquo;utilisation de notre site web, des cookies sont utilis\u00e9s (par exemple pour reconna\u00eetre le navigateur) afin d&rsquo;optimiser les performances (par exemple pour charger le contenu plus rapidement). Lorsque vous visitez notre site web, le pays et la langue que vous avez choisis ou param\u00e9tr\u00e9s sont stock\u00e9s dans des cookies afin que vous n&rsquo;ayez pas \u00e0 les s\u00e9lectionner \u00e0 nouveau lors de vos visites ult\u00e9rieures. Nous v\u00e9rifions au pr\u00e9alable si votre navigateur accepte les cookies et cette information est enregistr\u00e9e dans un cookie suppl\u00e9mentaire. Vous verrez alors des informations de contact qui ont \u00e9t\u00e9 localis\u00e9es en fonction de votre pays et de votre langue et qui sont \u00e9galement sauvegard\u00e9es. La base juridique est l&rsquo;art. 6 para. 1 (1) f) du RGPD.<br \/>\n<em>Les cookies de session sont supprim\u00e9s lorsque le navigateur est ferm\u00e9..<\/em><\/p>\n<p>&#8211;  Cookies analytiques \/ de suivi (statistiques)<br \/>\nNous utilisons des cookies analytiques de tiers pour comprendre comment les visiteurs utilisent notre site web. Cela nous aide \u00e0 am\u00e9liorer la qualit\u00e9 et le contenu de notre site web. Les informations statistiques globales comprennent des donn\u00e9es telles que le nombre total de visiteurs. Par exemple, nous savons combien de fois et dans quel ordre les diff\u00e9rentes pages sont consult\u00e9es et combien de temps les visiteurs passent en moyenne sur nos pages web. Nous savons \u00e9galement si les utilisateurs ont d\u00e9j\u00e0 visit\u00e9 notre site web \u00e0 une date ant\u00e9rieure. Ceci est l\u00e9galement autoris\u00e9 avec le consentement que vous avez donn\u00e9 conform\u00e9ment \u00e0 l&rsquo;art. 6 para. 1 (1) a) du RGPD. Vous trouverez de plus amples informations \u00e0 ce sujet au chapitre 13 (Services d&rsquo;analyse de sites web).<br \/>\n<em>Les cookies permanents &#8211; restent, mais sont automatiquement supprim\u00e9s apr\u00e8s une p\u00e9riode de deux ans si un site web n&rsquo;a pas \u00e9t\u00e9 visit\u00e9 \u00e0 nouveau.<\/em><\/p>\n<p>&#8211;  Cookies publicitaires (Marketing)<br \/>\nNous utilisons des cookies publicitaires afin de pouvoir \u00e9valuer l&rsquo;efficacit\u00e9 de nos efforts publicitaires et d&rsquo;y apporter d&rsquo;\u00e9ventuelles am\u00e9liorations. Ceci est l\u00e9galement autoris\u00e9 avec le consentement que vous avez donn\u00e9 conform\u00e9ment \u00e0 l&rsquo;art. 6 para. 1 (1) a) du GDPR.<br \/>\n<em>Les cookies permanents &#8211; restent, mais sont automatiquement supprim\u00e9s apr\u00e8s une p\u00e9riode de deux ans si un site web n&rsquo;a pas \u00e9t\u00e9 visit\u00e9 \u00e0 nouveau.<\/em><\/p>\n<p>(4) Contr\u00f4le des cookies<br \/>\nVous pouvez configurer votre navigateur pour qu&rsquo;il vous informe de l&rsquo;installation de cookies et pour qu&rsquo;il autorise les cookies uniquement dans des cas particuliers, pour qu&rsquo;il accepte les cookies dans certains cas ou pour qu&rsquo;il les exclue et les supprime automatiquement lorsque vous fermez votre navigateur.<\/p>\n<p>&#8211;  Supprimer, activer et g\u00e9rer les cookies dans Chrome (et les navigateurs utilisant Chrome comme base tels que Opera, Brave, Vivaldi, &#8230;) :<br \/>\n<a href=\"https:\/\/support.google.com\/chrome\/answer\/95647?co=GENIE.Platform%3DDesktop&#038;hl=en\" title=\"Gestion des cookies dans Google Chrome\" target=\"_blank\" rel=\"noopener\">https:\/\/support.google.com\/chrome\/answer\/95647?co=GENIE.Platform%3DDesktop&#038;hl=en<\/a><br \/>\n&#8211;  Supprimer, activer et g\u00e9rer les cookies dans Firefox:<br \/>\n<a href=\"https:\/\/support.mozilla.org\/en-US\/kb\/disable-third-party-cookies\" title=\"Gestion des cookies dans Mozilla Firefox\" target=\"_blank\" rel=\"noopener\">https:\/\/support.mozilla.org\/en-US\/kb\/disable-third-party-cookies<\/a><br \/>\n&#8211; Supprimer, activer et g\u00e9rer les cookies dans Apple Safari:<br \/>\n<a href=\"https:\/\/support.apple.com\/en-gb\/guide\/safari\/sfri11471\/mac\" title=\"Gestion des cookies dans Apple Safari\" target=\"_blank\" rel=\"noopener\">https:\/\/support.apple.com\/en-gb\/guide\/safari\/sfri11471\/mac<\/a><\/p>\n<p>Avis sur la politique en mati\u00e8re de cookies: Veuillez noter que la d\u00e9sactivation des cookies peut limiter les fonctionnalit\u00e9s de ce site web.<\/p>\n<p>[\/et_pb_text][et_pb_text admin_label=\u00a0\u00bb2_Cookie_Declaration_FR\u00a0\u00bb module_id=\u00a0\u00bbdeclaration\u00a0\u00bb _builder_version=\u00a0\u00bb4.27.4&Prime; _module_preset=\u00a0\u00bbdefault\u00a0\u00bb hover_enabled=\u00a0\u00bb0&Prime; global_colors_info=\u00a0\u00bb{}\u00a0\u00bb sticky_enabled=\u00a0\u00bb0&Prime;]<\/p>\n<h2>2. D\u00c9CLARATION DES COOKIES UTILIS\u00c9S PENDANT VOTRE SESSION<\/h2>\n<p><script id=\"CookieDeclaration\" src=\"https:\/\/consent.cookiebot.com\/0cf7efcb-4d6f-4a4b-a2d4-28eb2cc5690f\/cd.js\" type=\"text\/javascript\" async><\/script>[\/et_pb_text][et_pb_text admin_label=\u00a0\u00bb3_DPO_FR\u00a0\u00bb module_id=\u00a0\u00bbdpo\u00a0\u00bb _builder_version=\u00a0\u00bb4.27.4&Prime; _module_preset=\u00a0\u00bbdefault\u00a0\u00bb hover_enabled=\u00a0\u00bb0&Prime; global_colors_info=\u00a0\u00bb{}\u00a0\u00bb sticky_enabled=\u00a0\u00bb0&Prime;]<\/p>\n<h2>3. CONTR\u00d4LEUR, D\u00c9L\u00c9GU\u00c9 \u00c0 LA PROTECTION DES DONN\u00c9ES<\/h2>\n<p>(1) Le responsable du traitement conform\u00e9ment \u00e0 l&rsquo;art. 4 (7) du R\u00e8glement g\u00e9n\u00e9ral sur la protection des donn\u00e9es (RGPD) de l&rsquo;UE est:<\/p>\n<p><strong>Paris Elysees Perfumes and Beauty SL<br \/>\nCalle Gran de Gracia 15 \/ 3 \/ 2<br \/>\n08012 Barcelona, Catalonia, Spain.<br \/>\ne-mail: <a href=\"mailto:info@leparfumdefrance.com\" title=\"Envoyer un email \u00e0 info@leparfumdefrance.com\" target=\"_blank\" rel=\"noopener\">info@leparfumdefrance.com<\/a><\/strong><\/p>\n<p>Pour plus d&rsquo;informations sur le vendeur, veuillez vous r\u00e9f\u00e9rer \u00e0 notre <a href=\"\/fr\/accueil\/mentions-legales\/\" title=\"Mentions L\u00e9gales Le Parfum de France\">Mentions L\u00e9gales<\/i><\/a>.<\/p>\n<p>(2) Le d\u00e9l\u00e9gu\u00e9 \u00e0 la s\u00e9curit\u00e9 des donn\u00e9es peut \u00eatre joint \u00e0 l&rsquo;adresse suivante: <a href=\"mailto:privacy@leparfumdefrance.com\" title=\"Envoyer un email \u00e0 privacy@leparfumdefrance.com\" target=\"_blank\" rel=\"noopener\">privacy@leparfumdefrance.com<\/a> ou en utilisant l&rsquo;adresse postale ci-dessus \u00e0 l&rsquo;attention du d\u00e9l\u00e9gu\u00e9 \u00e0 la s\u00e9curit\u00e9 des donn\u00e9es (DPD).<\/p>\n<p>[\/et_pb_text][\/et_pb_column][\/et_pb_row][et_pb_row custom_padding_last_edited=\u00a0\u00bboff|desktop\u00a0\u00bb _builder_version=\u00a0\u00bb4.27.4&Prime; _module_preset=\u00a0\u00bbdefault\u00a0\u00bb width=\u00a0\u00bb100%\u00a0\u00bb max_width=\u00a0\u00bb100%\u00a0\u00bb module_alignment=\u00a0\u00bbcenter\u00a0\u00bb custom_padding=\u00a0\u00bb|0px||0px|false|true\u00a0\u00bb custom_padding_tablet=\u00a0\u00bb|30px||30px|false|true\u00a0\u00bb custom_padding_phone=\u00a0\u00bb|30px||30px|false|true\u00a0\u00bb global_colors_info=\u00a0\u00bb{}\u00a0\u00bb][et_pb_column type=\u00a0\u00bb4_4&Prime; _builder_version=\u00a0\u00bb4.27.4&Prime; _module_preset=\u00a0\u00bbdefault\u00a0\u00bb custom_padding=\u00a0\u00bb0px|0px|0px|0px|true|true\u00a0\u00bb global_colors_info=\u00a0\u00bb{}\u00a0\u00bb][et_pb_text admin_label=\u00a0\u00bbX_Ours_FR\u00a0\u00bb module_id=\u00a0\u00bbodr\u00a0\u00bb _builder_version=\u00a0\u00bb4.27.4&Prime; _module_preset=\u00a0\u00bbdefault\u00a0\u00bb header_text_align=\u00a0\u00bbright\u00a0\u00bb text_orientation=\u00a0\u00bbcenter\u00a0\u00bb hover_enabled=\u00a0\u00bb0&Prime; global_colors_info=\u00a0\u00bb{}\u00a0\u00bb sticky_enabled=\u00a0\u00bb0&Prime;]<\/p>\n<p><img decoding=\"async\" style=\"max-width: 18px;height: auto;vertical-align: middle;\" alt=\"Politique en mati\u00e8re de cookies Le Parfum de France\" src=\"\/wp-content\/uploads\/2025\/05\/Link_grey.png\" \/>&nbsp;Politique en mati\u00e8re de cookies Le Parfum de France mise \u00e0 jour en Janvier 2024.<\/p>\n<p>[\/et_pb_text][\/et_pb_column][\/et_pb_row][\/et_pb_section]<\/p>\n","protected":false},"excerpt":{"rendered":"<p>&nbsp;Accueil&nbsp;\/&nbsp;Mentions L\u00e9gales&nbsp;\/&nbsp;Politique de CookiesPolitique en mati\u00e8re de cookies Le Parfum de France La pr\u00e9sente politique en mati\u00e8re de cookies contient les informations requises et explique comment et pourquoi nous les utilisons. Vous devez accepter l&rsquo;utilisation de cookies pour continuer \u00e0 utiliser ce site web et cette boutique en ligne. Ce que sont les cookies D\u00e9claration [&hellip;]<\/p>\n","protected":false},"author":1,"featured_media":0,"parent":110894,"menu_order":2,"comment_status":"closed","ping_status":"closed","template":"","meta":{"_et_pb_use_builder":"on","_et_pb_old_content":"","_et_gb_content_width":"","footnotes":""},"class_list":["post-110902","page","type-page","status-publish","hentry"],"_links":{"self":[{"href":"https:\/\/leparfumdefrance.com\/fr\/wp-json\/wp\/v2\/pages\/110902","targetHints":{"allow":["GET"]}}],"collection":[{"href":"https:\/\/leparfumdefrance.com\/fr\/wp-json\/wp\/v2\/pages"}],"about":[{"href":"https:\/\/leparfumdefrance.com\/fr\/wp-json\/wp\/v2\/types\/page"}],"author":[{"embeddable":true,"href":"https:\/\/leparfumdefrance.com\/fr\/wp-json\/wp\/v2\/users\/1"}],"replies":[{"embeddable":true,"href":"https:\/\/leparfumdefrance.com\/fr\/wp-json\/wp\/v2\/comments?post=110902"}],"version-history":[{"count":0,"href":"https:\/\/leparfumdefrance.com\/fr\/wp-json\/wp\/v2\/pages\/110902\/revisions"}],"up":[{"embeddable":true,"href":"https:\/\/leparfumdefrance.com\/fr\/wp-json\/wp\/v2\/pages\/110894"}],"wp:attachment":[{"href":"https:\/\/leparfumdefrance.com\/fr\/wp-json\/wp\/v2\/media?parent=110902"}],"curies":[{"name":"wp","href":"https:\/\/api.w.org\/{rel}","templated":true}]}}