{"id":110927,"date":"2025-08-12T09:27:29","date_gmt":"2025-08-12T08:27:29","guid":{"rendered":"https:\/\/leparfumdefrance.com\/wishlist\/"},"modified":"2025-08-27T10:40:53","modified_gmt":"2025-08-27T09:40:53","slug":"liste-de-souhaits","status":"publish","type":"page","link":"https:\/\/leparfumdefrance.com\/fr\/liste-de-souhaits\/","title":{"rendered":"Liste de Souhaits"},"content":{"rendered":"<p>[et_pb_section fb_built=\u00a0\u00bb1&Prime; _builder_version=\u00a0\u00bb4.27.4&Prime; _module_preset=\u00a0\u00bbdefault\u00a0\u00bb width=\u00a0\u00bb100%\u00a0\u00bb max_width=\u00a0\u00bb100%\u00a0\u00bb module_alignment=\u00a0\u00bbcenter\u00a0\u00bb custom_margin=\u00a0\u00bb0px||||false|false\u00a0\u00bb custom_padding=\u00a0\u00bb0px||50px||false|false\u00a0\u00bb global_colors_info=\u00a0\u00bb{}\u00a0\u00bb][et_pb_row custom_padding_last_edited=\u00a0\u00bboff|desktop\u00a0\u00bb admin_label=\u00a0\u00bbBreadCrumb_Row\u00a0\u00bb module_class=\u00a0\u00bblink-red\u00a0\u00bb _builder_version=\u00a0\u00bb4.27.4&Prime; _module_preset=\u00a0\u00bbdefault\u00a0\u00bb width=\u00a0\u00bb100%\u00a0\u00bb max_width=\u00a0\u00bb90%\u00a0\u00bb module_alignment=\u00a0\u00bbcenter\u00a0\u00bb custom_margin=\u00a0\u00bb0px||0px||false|false\u00a0\u00bb custom_padding=\u00a0\u00bb20px|0px|0px|0px|false|true\u00a0\u00bb custom_padding_tablet=\u00a0\u00bb|30px||30px|false|true\u00a0\u00bb custom_padding_phone=\u00a0\u00bb|30px||30px|false|true\u00a0\u00bb collapsed=\u00a0\u00bboff\u00a0\u00bb global_colors_info=\u00a0\u00bb{}\u00a0\u00bb][et_pb_column type=\u00a0\u00bb4_4&Prime; _builder_version=\u00a0\u00bb4.16&Prime; _module_preset=\u00a0\u00bbdefault\u00a0\u00bb global_colors_info=\u00a0\u00bb{}\u00a0\u00bb][et_pb_text admin_label=\u00a0\u00bbBreadcrumb_Text\u00a0\u00bb _builder_version=\u00a0\u00bb4.27.4&Prime; _module_preset=\u00a0\u00bbdefault\u00a0\u00bb text_orientation=\u00a0\u00bbcenter\u00a0\u00bb custom_padding=\u00a0\u00bb||20px||false|false\u00a0\u00bb custom_padding_tablet=\u00a0\u00bb||0px||false|false\u00a0\u00bb custom_padding_phone=\u00a0\u00bb||0px||false|false\u00a0\u00bb custom_padding_last_edited=\u00a0\u00bbon|phone\u00a0\u00bb global_colors_info=\u00a0\u00bb{}\u00a0\u00bb]<\/p>\n<p><img decoding=\"async\" style=\"max-width: 18px;height: auto;vertical-align: middle;\" src=\"\/wp-content\/uploads\/2025\/05\/Style-Two-Pin-Home_Grey.png\" \/>&nbsp;<a href=\"\/fr\/accueil\/\" title=\"Page d'Accueil\">Accueil<\/a>&nbsp;\/&nbsp;<a href=\"\/fr\/liste-de-souhaits\/\" title=\"Vous \u00eates ici\">Votre Liste de Souhaits<\/a><\/p>\n<p>[\/et_pb_text][\/et_pb_column][\/et_pb_row][et_pb_row make_equal=\u00a0\u00bbon\u00a0\u00bb admin_label=\u00a0\u00bbTitle_Row\u00a0\u00bb _builder_version=\u00a0\u00bb4.27.4&Prime; _module_preset=\u00a0\u00bbdefault\u00a0\u00bb module_alignment=\u00a0\u00bbcenter\u00a0\u00bb custom_margin=\u00a0\u00bb0px||0px||false|false\u00a0\u00bb custom_padding=\u00a0\u00bb10px||30px||false|false\u00a0\u00bb collapsed=\u00a0\u00bboff\u00a0\u00bb global_colors_info=\u00a0\u00bb{}\u00a0\u00bb][et_pb_column type=\u00a0\u00bb4_4&Prime; _builder_version=\u00a0\u00bb4.16&Prime; _module_preset=\u00a0\u00bbdefault\u00a0\u00bb global_colors_info=\u00a0\u00bb{}\u00a0\u00bb][et_pb_text admin_label=\u00a0\u00bbTitle_Intro-FR\u00a0\u00bb _builder_version=\u00a0\u00bb4.27.4&Prime; _module_preset=\u00a0\u00bbdefault\u00a0\u00bb text_text_color=\u00a0\u00bb#666666&Prime; header_font=\u00a0\u00bb|||on|||||\u00a0\u00bb header_text_align=\u00a0\u00bbcenter\u00a0\u00bb text_orientation=\u00a0\u00bbcenter\u00a0\u00bb global_colors_info=\u00a0\u00bb{}\u00a0\u00bb]<\/p>\n<h1>Votre liste de souhaits sur Le Parfum de France<\/h1>\n<p>Veuillez trouver ci-dessous les parfums que vous avez ajout\u00e9s \u00e0 votre liste de souhaits.<br \/>\nVous pouvez les commander en les ajoutant simplement \u00e0 votre panier et en ajustant la quantit\u00e9 si n\u00e9cessaire.<\/p>\n<p>[\/et_pb_text][\/et_pb_column][\/et_pb_row][et_pb_row admin_label=\u00a0\u00bbFAQ_Rows\u00a0\u00bb _builder_version=\u00a0\u00bb4.27.4&Prime; custom_margin=\u00a0\u00bb50px||20px||false|false\u00a0\u00bb custom_padding=\u00a0\u00bb0px||0px||false|false\u00a0\u00bb collapsed=\u00a0\u00bboff\u00a0\u00bb global_colors_info=\u00a0\u00bb{}\u00a0\u00bb][et_pb_column type=\u00a0\u00bb4_4&Prime; _builder_version=\u00a0\u00bb4.16&Prime; custom_padding_tablet=\u00a0\u00bb||0px||false|false\u00a0\u00bb custom_padding_phone=\u00a0\u00bb\u00a0\u00bb custom_padding_last_edited=\u00a0\u00bbon|tablet\u00a0\u00bb custom_css_main_element=\u00a0\u00bbmargin-bottom:10px;\u00a0\u00bb global_colors_info=\u00a0\u00bb{}\u00a0\u00bb][dwe_wishlists use_masonry=\u00a0\u00bbon\u00a0\u00bb add_to_cart_use_icon=\u00a0\u00bboff\u00a0\u00bb add_to_cart_bg_color=\u00a0\u00bb#FFFFFF\u00a0\u00bb number_of_columns_tablet=\u00a0\u00bb3&Prime; number_of_columns_phone=\u00a0\u00bb2&Prime; number_of_columns_last_edited=\u00a0\u00bbon|phone\u00a0\u00bb _builder_version=\u00a0\u00bb4.27.4&Prime; _module_preset=\u00a0\u00bbdefault\u00a0\u00bb title_font=\u00a0\u00bb&#8211;et_global_heading_font|600||on|||||\u00a0\u00bb title_font_size=\u00a0\u00bb16px\u00a0\u00bb price_font=\u00a0\u00bb&#8211;et_global_heading_font|600|||||||\u00a0\u00bb price_text_color=\u00a0\u00bb#E02B20&Prime; price_font_size=\u00a0\u00bb14px\u00a0\u00bb price_letter_spacing=\u00a0\u00bb0.5px\u00a0\u00bb add_to_cart_font=\u00a0\u00bb&#8211;et_global_heading_font|500||on|||||\u00a0\u00bb add_to_cart_text_color=\u00a0\u00bb#E02B20&Prime; add_to_cart_font_size=\u00a0\u00bb14px\u00a0\u00bb add_to_cart_letter_spacing=\u00a0\u00bb0.5px\u00a0\u00bb hover_enabled=\u00a0\u00bb0&Prime; custom_css_free_form=\u00a0\u00bb.dwe_wishlisted_product .dwe_wishlisted_product_add_to_cart_wrapper a.add_to_cart_button, .dwe_wishlisted_product .dwe_wishlisted_product_add_to_cart_wrapper a.added_to_cart, .dwe_wishlisted_product .dwe_wishlisted_product_add_to_cart_wrapper a.button|| {font-family: &lsquo;Quicksand&rsquo;, Helvetica, Arial, Lucida, sans-serif !important;||    font-weight: 500 !important;||    text-transform: uppercase !important;||    font-size: 14px !important;||    color: #E02B20 !important;||    text-align: center !important;||    border-radius: 25px 25px 25px 25px;||    overflow: hidden;||    border-width: 1px !important;||    border-color: #E02B20 !important;||    transition: color 300ms ease 0ms;||    justify-content: center;||    width:100%;||   background-color: rgba(224, 43, 32, 0) !important;}||.dwe_wishlisted_product .add_to_cart_inline {width:100%;}||.dwe_wishlists_0 .dwe_wishlisted_product_add_to_cart_wrapper a.add_to_cart_button:hover, .dwe_wishlists_0 .dwe_wishlisted_product_add_to_cart_wrapper a.added_to_cart:hover, .dwe_wishlists_0 .dwe_wishlisted_product_add_to_cart_wrapper a.button:hover {color:#ffffff!important;}\u00a0\u00bb global_colors_info=\u00a0\u00bb{}\u00a0\u00bb add_to_cart_bg_color__hover_enabled=\u00a0\u00bbon|desktop\u00a0\u00bb add_to_cart_bg_color__hover=\u00a0\u00bb#E02B20&Prime; add_to_cart_bg_enable_color__hover=\u00a0\u00bbon\u00a0\u00bb add_to_cart_text_color__hover_enabled=\u00a0\u00bbon|desktop\u00a0\u00bb add_to_cart_text_color__hover=\u00a0\u00bb#FFFFFF\u00a0\u00bb no_result_text=\u00a0\u00bbAucun Parfum dans votre Liste de Souhaits.\u00a0\u00bb out_of_stock_add_to_cart_text=\u00a0\u00bbEn rupture\u00a0\u00bb sticky_enabled=\u00a0\u00bb0&Prime;][\/dwe_wishlists][\/et_pb_column][\/et_pb_row][\/et_pb_section]<\/p>\n","protected":false},"excerpt":{"rendered":"<p>&nbsp;Accueil&nbsp;\/&nbsp;Votre Liste de SouhaitsVotre liste de souhaits sur Le Parfum de France Veuillez trouver ci-dessous les parfums que vous avez ajout\u00e9s \u00e0 votre liste de souhaits. Vous pouvez les commander en les ajoutant simplement \u00e0 votre panier et en ajustant la quantit\u00e9 si n\u00e9cessaire.<div class=\"et_pb_module dwe_wishlists dwe_wishlists_0\">\n\t\t\t\t\n\t\t\t\t\n\t\t\t\t\n\t\t\t\t\n\t\t\t\t\n\t\t\t\t\n\t\t\t\t<div class=\"et_pb_module_inner\">\n\t\t\t\t\t<p class=\"dwe_wishlisted_products_no_results\">No products found in your wishlist.<\/p>\n\t\t\t\t<\/div>\n\t\t\t<\/div><\/p>\n","protected":false},"author":1,"featured_media":0,"parent":0,"menu_order":996,"comment_status":"closed","ping_status":"closed","template":"","meta":{"_et_pb_use_builder":"on","_et_pb_old_content":"","_et_gb_content_width":"","footnotes":""},"class_list":["post-110927","page","type-page","status-publish","hentry"],"_links":{"self":[{"href":"https:\/\/leparfumdefrance.com\/fr\/wp-json\/wp\/v2\/pages\/110927","targetHints":{"allow":["GET"]}}],"collection":[{"href":"https:\/\/leparfumdefrance.com\/fr\/wp-json\/wp\/v2\/pages"}],"about":[{"href":"https:\/\/leparfumdefrance.com\/fr\/wp-json\/wp\/v2\/types\/page"}],"author":[{"embeddable":true,"href":"https:\/\/leparfumdefrance.com\/fr\/wp-json\/wp\/v2\/users\/1"}],"replies":[{"embeddable":true,"href":"https:\/\/leparfumdefrance.com\/fr\/wp-json\/wp\/v2\/comments?post=110927"}],"version-history":[{"count":0,"href":"https:\/\/leparfumdefrance.com\/fr\/wp-json\/wp\/v2\/pages\/110927\/revisions"}],"wp:attachment":[{"href":"https:\/\/leparfumdefrance.com\/fr\/wp-json\/wp\/v2\/media?parent=110927"}],"curies":[{"name":"wp","href":"https:\/\/api.w.org\/{rel}","templated":true}]}}