{"id":110710,"date":"2022-03-18T14:02:23","date_gmt":"2022-03-18T13:02:23","guid":{"rendered":"https:\/\/leparfumdefrance.com\/homepage\/shop\/non%20class\u00e9\/aces\/"},"modified":"2026-03-23T17:25:51","modified_gmt":"2026-03-23T16:25:51","slug":"aces","status":"publish","type":"product","link":"https:\/\/leparfumdefrance.com\/fr\/accueil\/boutique\/parfums-hommes\/aces\/","title":{"rendered":"Aces"},"content":{"rendered":"<h3>Eau de Toilette Aces 75ml. pour Hommes par Le Parfum de France<\/h3>\n<p>Aces&#8230; sortez votre meilleure carte et gagnez la partie !<\/p>\n<p>C&rsquo;est un parfum id\u00e9al pour les hommes qui prennent des risques, \u00e0 la fois \u00ab\u00a0joueurs\u00a0\u00bb et aventuriers. Sensuel dans ses notes, la sauge et le citron lui donnent un c\u00f4t\u00e9 \u00ab\u00a0\u00e9pic\u00e9\u00a0\u00bb qui ne d\u00e9pla\u00eet pas, loin de l\u00e0! Adouci par des touches de cannelle et de bois de rose, il reste s\u00e9duisant par son c\u00f4t\u00e9 exotique que l&rsquo;on retrouve \u00e0 travers le patchouli et l&rsquo;ambre&#8230; \u00e0 coup s\u00fbr le parfum des hommes qui gagnent \u00e0 tous les coups!<\/p>\n<p>Son univers :<br \/>\nMonte Carlo, une table de jeu o\u00f9 se d\u00e9roule la partie de poker la plus intense de la soir\u00e9e&#8230; Un homme est assis juste en face de sa partenaire de jeu, qui ne le quitte pas des yeux&#8230; Il sait que s&rsquo;il baisse sa garde, elle prendra le dessus. Une partie de poker bas\u00e9e sur la s\u00e9duction, un parfum qui s&rsquo;\u00e9chappe de sa veste donne au jeu une note sensuelle et d\u00e9stabilisante. Il la regarde en posant ses trois As, elle sait que la partie est perdue, et pourtant, la nuit ne fait que commencer&#8230; Aces a d&rsquo;autres cartes \u00e0 jouer!<\/p>\n<p>Sa pyramide olfactive :<br \/>\nNote de t\u00eate : sauge, tagette, citron | Note de c\u0153ur : cannelle, cardamome | Note de fond : bois de rose, patchouli, ambre<\/p>\n<p><img decoding=\"async\" style=\"width:100px;height:100px;margin-top:20px;\" alt=\"Aces Parfum Hommes 75ml. | Le Parfum de France\" src=\"\/wp-content\/uploads\/2022\/03\/cropped-LPDF_RoundIcon-1.png\" width=\"100px;\" height=\"100px;\" \/><\/p>\n<p><strong>Eau de Toilette pour Hommes Aces 75ml. est achet\u00e9 chez nous et est vendu directement par <a href=\"https:\/\/www.amazon.fr\/PARFUM-FRANCE-Aces-Toilette-Homme\/dp\/B07PCVCF9N\" title=\"Parfum Hommes Aces sur Amazon\" target=\"_blank\" rel=\"noopener\">Amazon<\/a>.<br \/>\nNot\u00e9 3,7 sur 5 \u00e9toiles avec 26 commentaires &#8211; Class\u00e9 568 dans Eaux de Toilette pour Homme &#8211; Vendu au prix de 6,99\u20ac + frais de port.<\/strong><\/p>\n","protected":false},"excerpt":{"rendered":"<p class=\"proddesc\">Parfum oriental \/ bois\u00e9<br \/>\n<a href=\"https:\/\/leparfumdefrance.com\/fr\/categorie-produit\/parfums-hommes\/\">Eau de Toilette pour Hommes<\/a><\/p>\n","protected":false},"featured_media":110474,"template":"","meta":{"_et_pb_use_builder":"off","_et_pb_old_content":"Blue c\u00e9leste, la tendresse estivale sous les arbres fruitiers\u2026\r\n\r\nLa fragrance parfaite d\u2019une femme l\u00e9g\u00e8re, sensuelle dans la douceur de l\u2019\u00e9t\u00e9. La fraicheur des agrumes, avec ses notes de bergamote et de mandarine, se marie avec tendresse aux po\u00e9tiques parfums du jasmin et de la rose. Cette po\u00e9sie s\u2019\u00e9tire sur des notes d\u00e9licatement bois\u00e9es d\u2019ambre et de musc voluptueux. Un parfum qui sublime la volupt\u00e9 naturelle d\u2019une femme romantique et admir\u00e9e.\r\n\r\nSon univers\u00a0:\r\nUn ciel d\u2019un bleu envoutant, sur lequel se d\u00e9coupe la blancheur du paysage Grec de Santorin. \u00c0 l\u2019ombre des mandariniers, les joues ros\u00e9es par le soleil sous lequel il fait bon se pr\u00e9lasser, la lumi\u00e8re danse sur la peau sal\u00e9e d\u2019une belle endormie, apr\u00e8s une baignade \u00e0 la mer.... Telle une jeune femme sortie des pages d\u2019un livre, d\u2019une tendre romance d\u2019\u00e9t\u00e9, le simple fait de poser les yeux sur elle fait r\u00eaver aux d\u00e9esses grecques d\u2019un autre temps, \u00e0 Aphrodite et son \u00e9ternelle beaut\u00e9. Blue c\u00e9leste est n\u00e9 de cette beaut\u00e9.","_et_gb_content_width":""},"product_brand":[],"product_cat":[32],"product_tag":[],"class_list":{"0":"post-110710","1":"product","2":"type-product","3":"status-publish","4":"has-post-thumbnail","6":"product_cat-men-perfumes","8":"first","9":"instock","10":"taxable","11":"shipping-taxable","12":"purchasable","13":"product-type-simple"},"_links":{"self":[{"href":"https:\/\/leparfumdefrance.com\/fr\/wp-json\/wp\/v2\/product\/110710","targetHints":{"allow":["GET"]}}],"collection":[{"href":"https:\/\/leparfumdefrance.com\/fr\/wp-json\/wp\/v2\/product"}],"about":[{"href":"https:\/\/leparfumdefrance.com\/fr\/wp-json\/wp\/v2\/types\/product"}],"wp:featuredmedia":[{"embeddable":true,"href":"https:\/\/leparfumdefrance.com\/fr\/wp-json\/wp\/v2\/media\/110474"}],"wp:attachment":[{"href":"https:\/\/leparfumdefrance.com\/fr\/wp-json\/wp\/v2\/media?parent=110710"}],"wp:term":[{"taxonomy":"product_brand","embeddable":true,"href":"https:\/\/leparfumdefrance.com\/fr\/wp-json\/wp\/v2\/product_brand?post=110710"},{"taxonomy":"product_cat","embeddable":true,"href":"https:\/\/leparfumdefrance.com\/fr\/wp-json\/wp\/v2\/product_cat?post=110710"},{"taxonomy":"product_tag","embeddable":true,"href":"https:\/\/leparfumdefrance.com\/fr\/wp-json\/wp\/v2\/product_tag?post=110710"}],"curies":[{"name":"wp","href":"https:\/\/api.w.org\/{rel}","templated":true}]}}