{"id":110779,"date":"2022-03-18T14:19:50","date_gmt":"2022-03-18T13:19:50","guid":{"rendered":"https:\/\/leparfumdefrance.com\/homepage\/shop\/non%20class\u00e9\/apolo\/"},"modified":"2026-05-03T07:21:40","modified_gmt":"2026-05-03T06:21:40","slug":"apolo","status":"publish","type":"product","link":"https:\/\/leparfumdefrance.com\/fr\/accueil\/boutique\/parfums-hommes\/apolo\/","title":{"rendered":"Apolo"},"content":{"rendered":"<h3>Eau de Toilette Apolo 75ml. pour Hommes par Le Parfum de France<\/h3>\n<p>Apolo, le parfum des hommes en voyage lointain&#8230;<\/p>\n<p>Le parfum qui vous transportera d&rsquo;un seul \u00ab\u00a0jet\u00a0\u00bb vers une contr\u00e9e lointaine&#8230; A travers ses effluves bois\u00e9s, anis\u00e9s et \u00e9pic\u00e9s, vous aurez la sensation d&rsquo;un voyage sans limite, et pourrez vous imaginer rejoindre une plan\u00e8te \u00e0 la fois ambr\u00e9e et musqu\u00e9e o\u00f9 le v\u00e9tiver et la cardamome vous laisseront une douce sensation de fra\u00eecheur, tandis que le patchouli \u00e9veillera vos sens&#8230; Mais le fenouil et la lavande vous ram\u00e8neront \u00e0 la Terre, et vous rappelleront combien il est doux de vivre ici-bas!<\/p>\n<p>Son univers:<br \/>\nUn homme qui travaille dans le domaine de l&rsquo;a\u00e9ronautique, en contact avec la Nasa et les scientifiques. Son r\u00f4le est de s&rsquo;assurer que tout se passe bien et que chaque d\u00e9part dans l&rsquo;espace est une r\u00e9ussite. Il ne quitte jamais ses \u00e9crans des yeux, il sait que sans eux, rien ne serait possible. Il voyage aussi \u00e0 travers les hommes et les femmes qu&rsquo;il envoie visiter les \u00e9toiles, leur transf\u00e9rant des images en direct, ce qui lui permet de vivre \u00e0 son tour cet \u00ab\u00a0Univers\u00a0\u00bb&#8230; Apolo a rempli sa mission!<\/p>\n<p>Sa pyramide olfactive:<br \/>\nNote de t\u00eate : fenouil, lavande, anis | Note de c\u0153ur : notes \u00e9pic\u00e9es, cardamome | Note de fond : patchouli, v\u00e9tiver, ambre, musc<\/p>\n<p><img decoding=\"async\" style=\"width:100px;height:100px;margin-top:20px;\" alt=\"Parfum Hommes Apolo 75ml. | Le Parfum de France\" src=\"\/wp-content\/uploads\/2022\/03\/cropped-LPDF_RoundIcon-1.png\" width=\"100px;\" height=\"100px;\" \/><\/p>\n<p><strong>L&rsquo;eau de Toilette pour Homme Apolo 75ml. est achet\u00e9 chez nous et est vendu directement par <a href=\"https:\/\/www.amazon.fr\/PARFUM-FRANCE-Apolo-Toilette-Homme\/dp\/B012H9C4I2\" title=\"Apolo Men&#039;s Perfume on Amazon\" target=\"_blank\" rel=\"noopener\">Amazon<\/a>.<br \/>\nNot\u00e9 4,1 \u00e9toiles sur 5 avec 88 commentaires &#8211; Class\u00e9 392\u00e8me dans les Eaux de Toilette pour Homme &#8211; Vendu au prix unitaire de 6,99\u20ac + frais de port.<\/strong><\/p>\n","protected":false},"excerpt":{"rendered":"<p class=\"proddesc\">Parfum foug\u00e8re \/ bois\u00e9<br \/>\n<a href=\"https:\/\/leparfumdefrance.com\/fr\/categorie-produit\/parfums-hommes\/\">Eau de Toilette pour Hommes<\/a><\/p>\n","protected":false},"featured_media":110481,"template":"","meta":{"_et_pb_use_builder":"off","_et_pb_old_content":"Blue c\u00e9leste, la tendresse estivale sous les arbres fruitiers\u2026\r\n\r\nLa fragrance parfaite d\u2019une femme l\u00e9g\u00e8re, sensuelle dans la douceur de l\u2019\u00e9t\u00e9. La fraicheur des agrumes, avec ses notes de bergamote et de mandarine, se marie avec tendresse aux po\u00e9tiques parfums du jasmin et de la rose. Cette po\u00e9sie s\u2019\u00e9tire sur des notes d\u00e9licatement bois\u00e9es d\u2019ambre et de musc voluptueux. Un parfum qui sublime la volupt\u00e9 naturelle d\u2019une femme romantique et admir\u00e9e.\r\n\r\nSon univers\u00a0:\r\nUn ciel d\u2019un bleu envoutant, sur lequel se d\u00e9coupe la blancheur du paysage Grec de Santorin. \u00c0 l\u2019ombre des mandariniers, les joues ros\u00e9es par le soleil sous lequel il fait bon se pr\u00e9lasser, la lumi\u00e8re danse sur la peau sal\u00e9e d\u2019une belle endormie, apr\u00e8s une baignade \u00e0 la mer.... Telle une jeune femme sortie des pages d\u2019un livre, d\u2019une tendre romance d\u2019\u00e9t\u00e9, le simple fait de poser les yeux sur elle fait r\u00eaver aux d\u00e9esses grecques d\u2019un autre temps, \u00e0 Aphrodite et son \u00e9ternelle beaut\u00e9. Blue c\u00e9leste est n\u00e9 de cette beaut\u00e9.","_et_gb_content_width":""},"product_brand":[],"product_cat":[50],"product_tag":[67],"class_list":{"0":"post-110779","1":"product","2":"type-product","3":"status-publish","4":"has-post-thumbnail","6":"product_cat-parfums-hommes","7":"product_tag-best-seller","9":"first","10":"instock","11":"taxable","12":"shipping-taxable","13":"purchasable","14":"product-type-simple"},"_links":{"self":[{"href":"https:\/\/leparfumdefrance.com\/fr\/wp-json\/wp\/v2\/product\/110779","targetHints":{"allow":["GET"]}}],"collection":[{"href":"https:\/\/leparfumdefrance.com\/fr\/wp-json\/wp\/v2\/product"}],"about":[{"href":"https:\/\/leparfumdefrance.com\/fr\/wp-json\/wp\/v2\/types\/product"}],"wp:featuredmedia":[{"embeddable":true,"href":"https:\/\/leparfumdefrance.com\/fr\/wp-json\/wp\/v2\/media\/110481"}],"wp:attachment":[{"href":"https:\/\/leparfumdefrance.com\/fr\/wp-json\/wp\/v2\/media?parent=110779"}],"wp:term":[{"taxonomy":"product_brand","embeddable":true,"href":"https:\/\/leparfumdefrance.com\/fr\/wp-json\/wp\/v2\/product_brand?post=110779"},{"taxonomy":"product_cat","embeddable":true,"href":"https:\/\/leparfumdefrance.com\/fr\/wp-json\/wp\/v2\/product_cat?post=110779"},{"taxonomy":"product_tag","embeddable":true,"href":"https:\/\/leparfumdefrance.com\/fr\/wp-json\/wp\/v2\/product_tag?post=110779"}],"curies":[{"name":"wp","href":"https:\/\/api.w.org\/{rel}","templated":true}]}}