{"id":110782,"date":"2025-06-05T13:08:30","date_gmt":"2025-06-05T12:08:30","guid":{"rendered":"https:\/\/leparfumdefrance.com\/homepage\/shop\/non%20class\u00e9\/audacity\/"},"modified":"2026-04-01T08:21:00","modified_gmt":"2026-04-01T07:21:00","slug":"audacity","status":"publish","type":"product","link":"https:\/\/leparfumdefrance.com\/fr\/accueil\/boutique\/parfums-hommes\/audacity\/","title":{"rendered":"Audacity"},"content":{"rendered":"<h3>Eau de Toilette Audacity 75ml. pour Hommes par Le Parfum de France<\/h3>\n<p>Audacity est un parfum audacieux et vivifiant d&rsquo;agrumes aromatiques qui incarne l&rsquo;essence d&rsquo;un homme confiant et moderne qui trace sans crainte son propre chemin. Il s&rsquo;ouvre sur une explosion de fra\u00eecheur vibrante et \u00e9lectrisante, o\u00f9 l&rsquo;\u00e9clat piquant du citron et de la bergamote se m\u00eale \u00e0 la douceur croquante et juteuse de la pomme. Cette introduction dynamique stimule les sens, exsudant \u00e9nergie et charisme d\u00e8s le premier spritz.<\/p>\n<p>En son c\u0153ur, le parfum se d\u00e9ploie en un m\u00e9lange raffin\u00e9 et aromatique. L&rsquo;\u00e9l\u00e9gance v\u00e9g\u00e9tale du lavandin fusionne avec la nuance verte et l\u00e9g\u00e8rement poudr\u00e9e des feuilles de violette, tandis que la chaleur terreuse de la sauge ajoute une touche de profondeur sophistiqu\u00e9e, \u00e9voquant un sentiment de force et d&rsquo;individualit\u00e9.<\/p>\n<p>La base est un sillage puissant et ancr\u00e9 qui persiste avec une allure magn\u00e9tique. Le patchouli terreux fournit une base riche et bois\u00e9e, compl\u00e9t\u00e9e par l&rsquo;intensit\u00e9 fum\u00e9e et herbac\u00e9e du v\u00e9tiver. Flowerpool, avec sa chaleur florale subtile, ajoute une couche inattendue de raffinement, ancrant le parfum dans un final audacieux mais \u00e9l\u00e9gant.<\/p>\n<p>Audacity est le parfum d&rsquo;un homme qui attire l&rsquo;attention avec une assurance sans effort et un style intemporel. C&rsquo;est un parfum qui rehausse chaque moment, des activit\u00e9s d\u00e9cisives de la journ\u00e9e \u00e0 la pr\u00e9sence imposante en soir\u00e9e.<\/p>\n<p>Caract\u00e8re : Aromatique, agrumes, audacieux, raffin\u00e9.<br \/>\nOccasion : Id\u00e9al pour l&rsquo;homme moderne qui cherche \u00e0 s&rsquo;affirmer, de jour comme de nuit.<\/p>\n<p>Sa pyramide olfactive :<br \/>\nNote d&rsquo;ensemble : Aromatique, Agrumes<br \/>\nNote de t\u00eate : Citron, Bergamote, Pomme | Note de c\u0153ur : Lavandin, Feuilles de Violette, Sauge | Note de fond : Patchouli, V\u00e9tiver, Flowerpool.<\/p>\n<p><img decoding=\"async\" style=\"width:100px;height:100px;margin-top:20px;\" alt=\"Parfum Homme Audacity 75ml. | Le Parfum de France\" src=\"\/wp-content\/uploads\/2022\/03\/cropped-LPDF_RoundIcon-1.png\" width=\"100px;\" height=\"100px;\" \/><\/p>\n<p><strong>Le Parfum de France est vendu directement par <a title=\"Le Parfum de France sur Amazon\" href=\"https:\/\/www.amazon.fr\/stores\/LE+PARFUM+DE+FRANCE\/page\/AB21AF9C-82FA-4C78-A34A-5AE3A6D5226A?ref_=ast_bln\" target=\"_blank\" rel=\"noopener\">Amazon<\/a>.<\/p>\n","protected":false},"excerpt":{"rendered":"<p class=\"proddesc\">Parfum Aromatique \/ Agrumes<br \/>\n<a href=\"https:\/\/leparfumdefrance.com\/fr\/categorie-produit\/parfums-hommes\/\">Eau de Toilette pour Hommes<\/a><\/p>\n","protected":false},"featured_media":110674,"template":"","meta":{"_et_pb_use_builder":"off","_et_pb_old_content":"Blue c\u00e9leste, la tendresse estivale sous les arbres fruitiers\u2026\r\n\r\nLa fragrance parfaite d\u2019une femme l\u00e9g\u00e8re, sensuelle dans la douceur de l\u2019\u00e9t\u00e9. La fraicheur des agrumes, avec ses notes de bergamote et de mandarine, se marie avec tendresse aux po\u00e9tiques parfums du jasmin et de la rose. Cette po\u00e9sie s\u2019\u00e9tire sur des notes d\u00e9licatement bois\u00e9es d\u2019ambre et de musc voluptueux. Un parfum qui sublime la volupt\u00e9 naturelle d\u2019une femme romantique et admir\u00e9e.\r\n\r\nSon univers\u00a0:\r\nUn ciel d\u2019un bleu envoutant, sur lequel se d\u00e9coupe la blancheur du paysage Grec de Santorin. \u00c0 l\u2019ombre des mandariniers, les joues ros\u00e9es par le soleil sous lequel il fait bon se pr\u00e9lasser, la lumi\u00e8re danse sur la peau sal\u00e9e d\u2019une belle endormie, apr\u00e8s une baignade \u00e0 la mer.... Telle une jeune femme sortie des pages d\u2019un livre, d\u2019une tendre romance d\u2019\u00e9t\u00e9, le simple fait de poser les yeux sur elle fait r\u00eaver aux d\u00e9esses grecques d\u2019un autre temps, \u00e0 Aphrodite et son \u00e9ternelle beaut\u00e9. Blue c\u00e9leste est n\u00e9 de cette beaut\u00e9.","_et_gb_content_width":""},"product_brand":[],"product_cat":[32],"product_tag":[38],"class_list":{"0":"post-110782","1":"product","2":"type-product","3":"status-publish","4":"has-post-thumbnail","6":"product_cat-men-perfumes","7":"product_tag-new","9":"first","10":"instock","11":"taxable","12":"shipping-taxable","13":"purchasable","14":"product-type-simple"},"_links":{"self":[{"href":"https:\/\/leparfumdefrance.com\/fr\/wp-json\/wp\/v2\/product\/110782","targetHints":{"allow":["GET"]}}],"collection":[{"href":"https:\/\/leparfumdefrance.com\/fr\/wp-json\/wp\/v2\/product"}],"about":[{"href":"https:\/\/leparfumdefrance.com\/fr\/wp-json\/wp\/v2\/types\/product"}],"wp:featuredmedia":[{"embeddable":true,"href":"https:\/\/leparfumdefrance.com\/fr\/wp-json\/wp\/v2\/media\/110674"}],"wp:attachment":[{"href":"https:\/\/leparfumdefrance.com\/fr\/wp-json\/wp\/v2\/media?parent=110782"}],"wp:term":[{"taxonomy":"product_brand","embeddable":true,"href":"https:\/\/leparfumdefrance.com\/fr\/wp-json\/wp\/v2\/product_brand?post=110782"},{"taxonomy":"product_cat","embeddable":true,"href":"https:\/\/leparfumdefrance.com\/fr\/wp-json\/wp\/v2\/product_cat?post=110782"},{"taxonomy":"product_tag","embeddable":true,"href":"https:\/\/leparfumdefrance.com\/fr\/wp-json\/wp\/v2\/product_tag?post=110782"}],"curies":[{"name":"wp","href":"https:\/\/api.w.org\/{rel}","templated":true}]}}