{"id":110784,"date":"2022-03-18T15:15:48","date_gmt":"2022-03-18T14:15:48","guid":{"rendered":"https:\/\/leparfumdefrance.com\/homepage\/shop\/non%20class\u00e9\/black-legend\/"},"modified":"2026-03-28T15:13:27","modified_gmt":"2026-03-28T14:13:27","slug":"black-legend","status":"publish","type":"product","link":"https:\/\/leparfumdefrance.com\/fr\/accueil\/boutique\/parfums-hommes\/black-legend\/","title":{"rendered":"Black Legend"},"content":{"rendered":"<h3>Eau de Toilette Black Legend 75ml. pour Hommes par Le Parfum de France<\/h3>\n<p>Black Legend, le parfum des aventuriers au long cours&#8230;<\/p>\n<p>Une brass\u00e9e de notes aromatiques comme la coriandre, le geni\u00e8vre, le basilic et le romarin, un soup\u00e7on de lavande, et c&rsquo;est toute la magie du Sud qui vous envahit! Mais rehauss\u00e9 par des notes bois\u00e9es et masculines, comme le v\u00e9tiver, le sapin baumier ou la mousse de ch\u00eane, car c&rsquo;est de bois massif qu&rsquo;est fait cet homme! Un parfum qui ne laissera pas indiff\u00e9rent ceux qui r\u00eavent d&rsquo;aventure, de travers\u00e9e des oc\u00e9ans ou de voyages improbables.<\/p>\n<p>Son univers :<br \/>\nUn vieux gr\u00e9ement de bois qui vogue sur les mers lointaines&#8230; A bord, un homme solitaire m\u00e8ne son bateau comme un vieux loup de mer, les yeux plong\u00e9s dans l&rsquo;horizon sans fin. Il est beau, la peau tann\u00e9e par les vents sal\u00e9s et le soleil. Son voyage d&rsquo;\u00eele en \u00eele lui rappelle combien la vie est luxuriante si l&rsquo;on sait l&rsquo;appr\u00e9cier \u00e0 sa juste valeur. Il aime sa solitude, mais est-il vraiment seul? Il ne part jamais sans l&rsquo;odeur qui lui rappelle son ancienne vie, l&rsquo;odeur de Black Legend envahit la cabine et impr\u00e8gne chaque espace de son lieu de vie. Si vous voulez le suivre, vous le reconna\u00eetrez \u00e0 la trace qu&rsquo;il laisse derri\u00e8re lui&#8230;<\/p>\n<p>Sa pyramide olfactive:<br \/>\nNote de t\u00eate : Citron, Bergamote | Note de c\u0153ur : Badiane, C\u00e8dre | Note de fond : Ambre, F\u00e8ve Tonka.<\/p>\n<p><img decoding=\"async\" style=\"width:100px;height:100px;margin-top:20px;\" alt=\"Black Legend Parfum Hommes 75ml. | Le Parfum de France\" src=\"\/wp-content\/uploads\/2022\/03\/cropped-LPDF_RoundIcon-1.png\" width=\"100px;\" height=\"100px;\" \/><\/p>\n<p><strong>Eau de Toilette pour Homme Black Legend 75ml. est achet\u00e9 chez nous et vendu directement par <a title=\"Black Legend Parfum Hommes sur Amazon\" href=\"https:\/\/www.amazon.fr\/Eau-Toilette-Black-Legend-75mL\/dp\/B072R4JB2M\" target=\"_blank\" rel=\"noopener\">Amazon<\/a>.<br \/>\nNot\u00e9 4.0 sur 5 \u00e9toiles avec 77 commentaires &#8211; Class\u00e9 233 dans les Eaux de Toilette pour Homme &#8211; Vendu \u00e0 6.47\u20ac + frais de port.<br \/>\n<u>Ce parfum est pr\u00e9sent\u00e9 par Amazon comme un \u00ab\u00a0Choix d&rsquo;Amazon\u00a0\u00bb.<\/u><\/strong><\/p>\n","protected":false},"excerpt":{"rendered":"<p class=\"proddesc\">Parfum agrumes \/ bois\u00e9<br \/>\n<a href=\"https:\/\/leparfumdefrance.com\/fr\/categorie-produit\/parfums-hommes\/\">Eau de Toilette pour Hommes<\/a><\/p>\n","protected":false},"featured_media":110485,"template":"","meta":{"_et_pb_use_builder":"off","_et_pb_old_content":"Blue c\u00e9leste, la tendresse estivale sous les arbres fruitiers\u2026\r\n\r\nLa fragrance parfaite d\u2019une femme l\u00e9g\u00e8re, sensuelle dans la douceur de l\u2019\u00e9t\u00e9. La fraicheur des agrumes, avec ses notes de bergamote et de mandarine, se marie avec tendresse aux po\u00e9tiques parfums du jasmin et de la rose. Cette po\u00e9sie s\u2019\u00e9tire sur des notes d\u00e9licatement bois\u00e9es d\u2019ambre et de musc voluptueux. Un parfum qui sublime la volupt\u00e9 naturelle d\u2019une femme romantique et admir\u00e9e.\r\n\r\nSon univers\u00a0:\r\nUn ciel d\u2019un bleu envoutant, sur lequel se d\u00e9coupe la blancheur du paysage Grec de Santorin. \u00c0 l\u2019ombre des mandariniers, les joues ros\u00e9es par le soleil sous lequel il fait bon se pr\u00e9lasser, la lumi\u00e8re danse sur la peau sal\u00e9e d\u2019une belle endormie, apr\u00e8s une baignade \u00e0 la mer.... Telle une jeune femme sortie des pages d\u2019un livre, d\u2019une tendre romance d\u2019\u00e9t\u00e9, le simple fait de poser les yeux sur elle fait r\u00eaver aux d\u00e9esses grecques d\u2019un autre temps, \u00e0 Aphrodite et son \u00e9ternelle beaut\u00e9. Blue c\u00e9leste est n\u00e9 de cette beaut\u00e9.","_et_gb_content_width":""},"product_brand":[],"product_cat":[50],"product_tag":[67],"class_list":{"0":"post-110784","1":"product","2":"type-product","3":"status-publish","4":"has-post-thumbnail","6":"product_cat-parfums-hommes","7":"product_tag-best-seller","9":"first","10":"instock","11":"taxable","12":"shipping-taxable","13":"purchasable","14":"product-type-simple"},"_links":{"self":[{"href":"https:\/\/leparfumdefrance.com\/fr\/wp-json\/wp\/v2\/product\/110784","targetHints":{"allow":["GET"]}}],"collection":[{"href":"https:\/\/leparfumdefrance.com\/fr\/wp-json\/wp\/v2\/product"}],"about":[{"href":"https:\/\/leparfumdefrance.com\/fr\/wp-json\/wp\/v2\/types\/product"}],"wp:featuredmedia":[{"embeddable":true,"href":"https:\/\/leparfumdefrance.com\/fr\/wp-json\/wp\/v2\/media\/110485"}],"wp:attachment":[{"href":"https:\/\/leparfumdefrance.com\/fr\/wp-json\/wp\/v2\/media?parent=110784"}],"wp:term":[{"taxonomy":"product_brand","embeddable":true,"href":"https:\/\/leparfumdefrance.com\/fr\/wp-json\/wp\/v2\/product_brand?post=110784"},{"taxonomy":"product_cat","embeddable":true,"href":"https:\/\/leparfumdefrance.com\/fr\/wp-json\/wp\/v2\/product_cat?post=110784"},{"taxonomy":"product_tag","embeddable":true,"href":"https:\/\/leparfumdefrance.com\/fr\/wp-json\/wp\/v2\/product_tag?post=110784"}],"curies":[{"name":"wp","href":"https:\/\/api.w.org\/{rel}","templated":true}]}}