{"id":110787,"date":"2022-03-22T10:21:17","date_gmt":"2022-03-22T09:21:17","guid":{"rendered":"https:\/\/leparfumdefrance.com\/homepage\/shop\/non%20class\u00e9\/black-rose\/"},"modified":"2026-05-06T18:34:48","modified_gmt":"2026-05-06T17:34:48","slug":"black-rose","status":"publish","type":"product","link":"https:\/\/leparfumdefrance.com\/fr\/accueil\/boutique\/parfums-femmes\/black-rose\/","title":{"rendered":"Black Rose"},"content":{"rendered":"<h3>Eau de Toilette Black Rose 75ml. pour Femmes par Le Parfum de France<\/h3>\n<p>Black Rose, fleur de soir\u00e9e \u00e9l\u00e9gante&#8230;<\/p>\n<p>Avec l&rsquo;\u00e9l\u00e9gance d&rsquo;un bouton de rose, Black Rose est un parfum d&rsquo;une f\u00e9minit\u00e9 in\u00e9gal\u00e9e. L&rsquo;irr\u00e9sistible fleur d&rsquo;amandier se m\u00eale \u00e0 la bergamote et aux fruits rouges. La rose et la r\u00e9glisse se joignent ensuite \u00e0 la fragrance pour l&rsquo;enrichir et lui donner une touche sensuelle. Ce parfum s&rsquo;\u00e9tire avec d\u00e9lice sur les notes sucr\u00e9es du patchouli et de la vanille.<\/p>\n<p>Son univers :<br \/>\nUn boudoir parisien o\u00f9 les secrets se chuchotent, \u00e0 l&rsquo;abri des regards. Une belle dame est lov\u00e9e entre des coussins moelleux, son \u00e9l\u00e9gance se dessine de la pointe de ses talons \u00e0 la ligne de son cou, par\u00e9e de son doux parfum. Au loin, un air de piano, souvenirs classiques d&rsquo;une autre \u00e9poque. La nuit \u00e0 Paris a un charme et un romantisme que l&rsquo;on n&rsquo;oublie pas, comme la Rose Noire, irr\u00e9sistible \u00e0 jamais.<\/p>\n<p>Sa pyramide olfactive :<br \/>\nNote de t\u00eate : amande, bergamote, fruits rouges | Note de c\u0153ur : rose, r\u00e9glisse | Note de fond : patchouli, vanille<\/p>\n<p><img decoding=\"async\" style=\"width:100px;height:100px;margin-top:20px;\" alt=\"Black Rose parfum Femmes 75ml. | Le Parfum de France\" src=\"\/wp-content\/uploads\/2022\/03\/cropped-LPDF_RoundIcon-1.png\" width=\"100px;\" height=\"100px;\" \/><\/p>\n<p><strong>Eau de Toilette pour Femme Black Rose 75ml. est achet\u00e9 chez nous et vendu directement par <a href=\"https:\/\/www.amazon.fr\/PARFUM-FRANCE-Black-Toilette-Femme\/dp\/B07PBS77NC\" title=\"Black Rose parfum Femmes sur Amazon\" target=\"_blank\" rel=\"noopener\">Amazon<\/a>.<br \/>\nNot\u00e9 4,5 \u00e9toiles sur 5 avec 12 commentaires &#8211; Class\u00e9 320\u00e8me dans les Eaux de Toilette pour femmes &#8211; Vendu au prix unitaire de 6,99\u20ac + frais de port.<\/strong><\/p>\n","protected":false},"excerpt":{"rendered":"<p class=\"proddesc\">Parfum Oriental \/ Floral<br \/>\n<a href=\"https:\/\/leparfumdefrance.com\/fr\/categorie-produit\/parfums-femmes\/\">Eau de Toilette pour Femmes<\/a><\/p>\n","protected":false},"featured_media":110499,"template":"","meta":{"_et_pb_use_builder":"off","_et_pb_old_content":"Blue c\u00e9leste, la tendresse estivale sous les arbres fruitiers\u2026\r\n\r\nLa fragrance parfaite d\u2019une femme l\u00e9g\u00e8re, sensuelle dans la douceur de l\u2019\u00e9t\u00e9. La fraicheur des agrumes, avec ses notes de bergamote et de mandarine, se marie avec tendresse aux po\u00e9tiques parfums du jasmin et de la rose. Cette po\u00e9sie s\u2019\u00e9tire sur des notes d\u00e9licatement bois\u00e9es d\u2019ambre et de musc voluptueux. Un parfum qui sublime la volupt\u00e9 naturelle d\u2019une femme romantique et admir\u00e9e.\r\n\r\nSon univers\u00a0:\r\nUn ciel d\u2019un bleu envoutant, sur lequel se d\u00e9coupe la blancheur du paysage Grec de Santorin. \u00c0 l\u2019ombre des mandariniers, les joues ros\u00e9es par le soleil sous lequel il fait bon se pr\u00e9lasser, la lumi\u00e8re danse sur la peau sal\u00e9e d\u2019une belle endormie, apr\u00e8s une baignade \u00e0 la mer.... Telle une jeune femme sortie des pages d\u2019un livre, d\u2019une tendre romance d\u2019\u00e9t\u00e9, le simple fait de poser les yeux sur elle fait r\u00eaver aux d\u00e9esses grecques d\u2019un autre temps, \u00e0 Aphrodite et son \u00e9ternelle beaut\u00e9. Blue c\u00e9leste est n\u00e9 de cette beaut\u00e9.","_et_gb_content_width":""},"product_brand":[],"product_cat":[51],"product_tag":[],"class_list":{"0":"post-110787","1":"product","2":"type-product","3":"status-publish","4":"has-post-thumbnail","6":"product_cat-parfums-femmes","8":"first","9":"instock","10":"taxable","11":"shipping-taxable","12":"purchasable","13":"product-type-simple"},"_links":{"self":[{"href":"https:\/\/leparfumdefrance.com\/fr\/wp-json\/wp\/v2\/product\/110787","targetHints":{"allow":["GET"]}}],"collection":[{"href":"https:\/\/leparfumdefrance.com\/fr\/wp-json\/wp\/v2\/product"}],"about":[{"href":"https:\/\/leparfumdefrance.com\/fr\/wp-json\/wp\/v2\/types\/product"}],"wp:featuredmedia":[{"embeddable":true,"href":"https:\/\/leparfumdefrance.com\/fr\/wp-json\/wp\/v2\/media\/110499"}],"wp:attachment":[{"href":"https:\/\/leparfumdefrance.com\/fr\/wp-json\/wp\/v2\/media?parent=110787"}],"wp:term":[{"taxonomy":"product_brand","embeddable":true,"href":"https:\/\/leparfumdefrance.com\/fr\/wp-json\/wp\/v2\/product_brand?post=110787"},{"taxonomy":"product_cat","embeddable":true,"href":"https:\/\/leparfumdefrance.com\/fr\/wp-json\/wp\/v2\/product_cat?post=110787"},{"taxonomy":"product_tag","embeddable":true,"href":"https:\/\/leparfumdefrance.com\/fr\/wp-json\/wp\/v2\/product_tag?post=110787"}],"curies":[{"name":"wp","href":"https:\/\/api.w.org\/{rel}","templated":true}]}}