{"id":110790,"date":"2025-06-05T13:22:20","date_gmt":"2025-06-05T12:22:20","guid":{"rendered":"https:\/\/leparfumdefrance.com\/homepage\/shop\/non%20class\u00e9\/black-suit\/"},"modified":"2026-03-27T15:56:17","modified_gmt":"2026-03-27T14:56:17","slug":"black-suit","status":"publish","type":"product","link":"https:\/\/leparfumdefrance.com\/fr\/accueil\/boutique\/parfums-hommes\/black-suit\/","title":{"rendered":"Black Suit"},"content":{"rendered":"<h3>Eau de Toilette Black Suit 75ml. pour Hommes par Le Parfum de France<\/h3>\n<p>Black Suit est un parfum bois\u00e9-\u00e9pic\u00e9 sophistiqu\u00e9 qui incarne l&rsquo;essence d&rsquo;un gentleman moderne &#8211; raffin\u00e9, confiant et charismatique sans effort. Il s&rsquo;ouvre sur une explosion vibrante et revigorante, o\u00f9 le zeste vif de l&rsquo;orange se m\u00eale \u00e0 la fra\u00eecheur aromatique de la lavande, ponctu\u00e9e par le coup de pied vif et ardent du poivre. Cette introduction dynamique donne un ton \u00e0 la fois audacieux et raffin\u00e9, d\u00e9gageant une \u00e9l\u00e9gance intemporelle d\u00e8s le premier instant.<\/p>\n<p>En son c\u0153ur, le parfum r\u00e9v\u00e8le un m\u00e9lange raffin\u00e9 et textur\u00e9. L&rsquo;\u00e9l\u00e9gance poudr\u00e9e de l&rsquo;orris lui conf\u00e8re une sophistication suave et velout\u00e9e, tandis que l&rsquo;ar\u00eate florale et vive du g\u00e9ranium ajoute une touche de masculinit\u00e9 vibrante. L&rsquo;artemisia, avec sa nuance herbac\u00e9e et l\u00e9g\u00e8rement am\u00e8re, approfondit la composition, \u00e9voquant une sensation d&rsquo;intensit\u00e9 pos\u00e9e.<\/p>\n<p>La base s&rsquo;installe dans un sillage chaud et durable qui rayonne de force et de raffinement. Le bois de santal cr\u00e9meux offre une \u00e9treinte douce et bois\u00e9e, compl\u00e9t\u00e9e par la richesse terreuse du patchouli. Le bois de c\u00e8dre ancre le parfum avec sa profondeur croustillante et r\u00e9sineuse, laissant un sillage \u00e0 la fois imposant et impeccablement poli.<\/p>\n<p>Black Suit est le parfum d&rsquo;un homme qui navigue dans le monde avec une confiance tranquille et un style in\u00e9branlable. C&rsquo;est un parfum qui met en valeur toutes les occasions, qu&rsquo;il s&rsquo;agisse d&rsquo;une journ\u00e9e bien remplie ou d&rsquo;une soir\u00e9e sophistiqu\u00e9e.<\/p>\n<p>Caract\u00e8re : Bois\u00e9, \u00e9pic\u00e9, raffin\u00e9, charismatique.<br \/>\nOccasion : Parfait pour le gentleman moderne, id\u00e9al pour les contextes formels ou les moments qui exigent une puissance discr\u00e8te.<\/p>\n<p>Sa pyramide olfactive :<br \/>\nNote d&rsquo;ensemble : bois\u00e9e, \u00e9pic\u00e9e<br \/>\nNote de t\u00eate : Orange, Lavande, Poivre | Note de c\u0153ur : Orris, G\u00e9ranium, Art\u00e9misia | Note de fond : Santal, Patchouli, Bois de C\u00e8dre.<\/p>\n<p><img decoding=\"async\" style=\"width:100px;height:100px;margin-top:20px;\" alt=\"Black Suit Parfum Hommes 75ml. | Le Parfum de France\" src=\"\/wp-content\/uploads\/2022\/03\/cropped-LPDF_RoundIcon-1.png\" width=\"100px;\" height=\"100px;\" \/><\/p>\n<p><strong>Le Parfum de France est vendu directement par <a title=\"Le Parfum de France on Amazon\" href=\"https:\/\/www.amazon.fr\/stores\/LE+PARFUM+DE+FRANCE\/page\/AB21AF9C-82FA-4C78-A34A-5AE3A6D5226A?ref_=ast_bln\" target=\"_blank\" rel=\"noopener\">Amazon<\/a>.<\/p>\n","protected":false},"excerpt":{"rendered":"<p class=\"proddesc\">Parfum Bois\u00e9 \/ \u00c9pic\u00e9<br \/>\n<a href=\"https:\/\/leparfumdefrance.com\/fr\/categorie-produit\/parfums-hommes\/\">Eau de Toilette pour Hommes<\/a><\/p>\n","protected":false},"featured_media":110679,"template":"","meta":{"_et_pb_use_builder":"off","_et_pb_old_content":"Blue c\u00e9leste, la tendresse estivale sous les arbres fruitiers\u2026\r\n\r\nLa fragrance parfaite d\u2019une femme l\u00e9g\u00e8re, sensuelle dans la douceur de l\u2019\u00e9t\u00e9. La fraicheur des agrumes, avec ses notes de bergamote et de mandarine, se marie avec tendresse aux po\u00e9tiques parfums du jasmin et de la rose. Cette po\u00e9sie s\u2019\u00e9tire sur des notes d\u00e9licatement bois\u00e9es d\u2019ambre et de musc voluptueux. Un parfum qui sublime la volupt\u00e9 naturelle d\u2019une femme romantique et admir\u00e9e.\r\n\r\nSon univers\u00a0:\r\nUn ciel d\u2019un bleu envoutant, sur lequel se d\u00e9coupe la blancheur du paysage Grec de Santorin. \u00c0 l\u2019ombre des mandariniers, les joues ros\u00e9es par le soleil sous lequel il fait bon se pr\u00e9lasser, la lumi\u00e8re danse sur la peau sal\u00e9e d\u2019une belle endormie, apr\u00e8s une baignade \u00e0 la mer.... Telle une jeune femme sortie des pages d\u2019un livre, d\u2019une tendre romance d\u2019\u00e9t\u00e9, le simple fait de poser les yeux sur elle fait r\u00eaver aux d\u00e9esses grecques d\u2019un autre temps, \u00e0 Aphrodite et son \u00e9ternelle beaut\u00e9. Blue c\u00e9leste est n\u00e9 de cette beaut\u00e9.","_et_gb_content_width":""},"product_brand":[],"product_cat":[32],"product_tag":[38],"class_list":{"0":"post-110790","1":"product","2":"type-product","3":"status-publish","4":"has-post-thumbnail","6":"product_cat-men-perfumes","7":"product_tag-new","9":"first","10":"instock","11":"taxable","12":"shipping-taxable","13":"purchasable","14":"product-type-simple"},"_links":{"self":[{"href":"https:\/\/leparfumdefrance.com\/fr\/wp-json\/wp\/v2\/product\/110790","targetHints":{"allow":["GET"]}}],"collection":[{"href":"https:\/\/leparfumdefrance.com\/fr\/wp-json\/wp\/v2\/product"}],"about":[{"href":"https:\/\/leparfumdefrance.com\/fr\/wp-json\/wp\/v2\/types\/product"}],"wp:featuredmedia":[{"embeddable":true,"href":"https:\/\/leparfumdefrance.com\/fr\/wp-json\/wp\/v2\/media\/110679"}],"wp:attachment":[{"href":"https:\/\/leparfumdefrance.com\/fr\/wp-json\/wp\/v2\/media?parent=110790"}],"wp:term":[{"taxonomy":"product_brand","embeddable":true,"href":"https:\/\/leparfumdefrance.com\/fr\/wp-json\/wp\/v2\/product_brand?post=110790"},{"taxonomy":"product_cat","embeddable":true,"href":"https:\/\/leparfumdefrance.com\/fr\/wp-json\/wp\/v2\/product_cat?post=110790"},{"taxonomy":"product_tag","embeddable":true,"href":"https:\/\/leparfumdefrance.com\/fr\/wp-json\/wp\/v2\/product_tag?post=110790"}],"curies":[{"name":"wp","href":"https:\/\/api.w.org\/{rel}","templated":true}]}}