{"id":110793,"date":"2025-06-05T10:54:09","date_gmt":"2025-06-05T09:54:09","guid":{"rendered":"https:\/\/leparfumdefrance.com\/homepage\/shop\/non%20class\u00e9\/blossom\/"},"modified":"2026-04-18T14:10:57","modified_gmt":"2026-04-18T13:10:57","slug":"blossom","status":"publish","type":"product","link":"https:\/\/leparfumdefrance.com\/fr\/accueil\/boutique\/parfums-femmes\/blossom\/","title":{"rendered":"Blossom"},"content":{"rendered":"<h3>Eau de Toilette Blossom 75ml. pour Femmes Le Parfum de France<\/h3>\n<p>Blossom est une c\u00e9l\u00e9bration radieuse de la f\u00e9minit\u00e9, un parfum floral qui capture l&rsquo;essence d&rsquo;un jardin vibrant baign\u00e9 par la lumi\u00e8re du soleil. D\u00e8s les premi\u00e8res notes, il d\u00e9voile une fra\u00eecheur lumineuse o\u00f9 le ch\u00e8vrefeuille d\u00e9licat et mielleux se m\u00eale au zeste vibrant de la fleur d&rsquo;oranger. Une touche d&rsquo;estragon, subtilement \u00e9pic\u00e9e et herbac\u00e9e, apporte une \u00e9l\u00e9gance inattendue, \u00e9veillant les sens avec une pointe d&rsquo;audace.<\/p>\n<p>En son c\u0153ur, le parfum s&rsquo;\u00e9panouit en un bouquet floral captivant. Le jasmin, riche et enivrant, se m\u00eale \u00e0 la tub\u00e9reuse, dont l&rsquo;opulence cr\u00e9meuse \u00e9voque une sensualit\u00e9 assum\u00e9e. Le muguet, avec sa d\u00e9licatesse cristalline, ajoute une l\u00e9g\u00e8ret\u00e9 a\u00e9rienne, comme une douce brise de printemps.<\/p>\n<p>Le fond, chaud et raffin\u00e9, s&rsquo;installe dans un sillage enveloppant. Le bois de santal cr\u00e9meux se m\u00eale \u00e0 la sensualit\u00e9 velout\u00e9e du musc, tandis que le bois de c\u00e8dre apporte une profondeur structur\u00e9e et bois\u00e9e, ancrant la fragrance dans une \u00e9l\u00e9gance intemporelle.<\/p>\n<p>Blossom incarne une femme libre et rayonnante qui allie gr\u00e2ce naturelle et assurance moderne. Un parfum qui illumine chaque instant, des matins ensoleill\u00e9s aux soir\u00e9es inoubliables.<\/p>\n<p>Caract\u00e8re: Floral, lumineux, audacieux, sophistiqu\u00e9.<\/p>\n<p>Occasion: Parfait pour le quotidien et les occasions sp\u00e9ciales.<\/p>\n<p>Sa pyramide olfactive:<br \/>\nNote de t\u00eate: Ch\u00e8vrefeuille, Estragon, Fleur d&rsquo;oranger | Note de c\u0153ur : Jasmin, Tub\u00e9reuse, Muguet | Note de fond : Santal, Musc, Bois de c\u00e8dre.<\/p>\n<p><img decoding=\"async\" style=\"width:100px;height:100px;margin-top:20px;\" alt=\"Blossom Parfum Femmes 75ml. | Le Parfum de France\" src=\"\/wp-content\/uploads\/2022\/03\/cropped-LPDF_RoundIcon-1.png\" width=\"100px;\" height=\"100px;\" \/><\/p>\n<p><strong>Le Parfum de France est vendu directement par <a title=\"Le Parfum de France on Amazon\" href=\"https:\/\/www.amazon.fr\/stores\/LE+PARFUM+DE+FRANCE\/page\/AB21AF9C-82FA-4C78-A34A-5AE3A6D5226A?ref_=ast_bln\" target=\"_blank\" rel=\"noopener\">Amazon<\/a>.<\/p>\n","protected":false},"excerpt":{"rendered":"<p class=\"proddesc\">Parfum Floral<br \/>\n<a href=\"https:\/\/leparfumdefrance.com\/fr\/categorie-produit\/parfums-femmes\/\">Eau de Toilette pour Femmes<\/a><\/p>\n","protected":false},"featured_media":110655,"template":"","meta":{"_et_pb_use_builder":"off","_et_pb_old_content":"Blue c\u00e9leste, la tendresse estivale sous les arbres fruitiers\u2026\r\n\r\nLa fragrance parfaite d\u2019une femme l\u00e9g\u00e8re, sensuelle dans la douceur de l\u2019\u00e9t\u00e9. La fraicheur des agrumes, avec ses notes de bergamote et de mandarine, se marie avec tendresse aux po\u00e9tiques parfums du jasmin et de la rose. Cette po\u00e9sie s\u2019\u00e9tire sur des notes d\u00e9licatement bois\u00e9es d\u2019ambre et de musc voluptueux. Un parfum qui sublime la volupt\u00e9 naturelle d\u2019une femme romantique et admir\u00e9e.\r\n\r\nSon univers\u00a0:\r\nUn ciel d\u2019un bleu envoutant, sur lequel se d\u00e9coupe la blancheur du paysage Grec de Santorin. \u00c0 l\u2019ombre des mandariniers, les joues ros\u00e9es par le soleil sous lequel il fait bon se pr\u00e9lasser, la lumi\u00e8re danse sur la peau sal\u00e9e d\u2019une belle endormie, apr\u00e8s une baignade \u00e0 la mer.... Telle une jeune femme sortie des pages d\u2019un livre, d\u2019une tendre romance d\u2019\u00e9t\u00e9, le simple fait de poser les yeux sur elle fait r\u00eaver aux d\u00e9esses grecques d\u2019un autre temps, \u00e0 Aphrodite et son \u00e9ternelle beaut\u00e9. Blue c\u00e9leste est n\u00e9 de cette beaut\u00e9.","_et_gb_content_width":""},"product_brand":[],"product_cat":[31],"product_tag":[38],"class_list":{"0":"post-110793","1":"product","2":"type-product","3":"status-publish","4":"has-post-thumbnail","6":"product_cat-women-perfumes","7":"product_tag-new","9":"first","10":"instock","11":"taxable","12":"shipping-taxable","13":"purchasable","14":"product-type-simple"},"_links":{"self":[{"href":"https:\/\/leparfumdefrance.com\/fr\/wp-json\/wp\/v2\/product\/110793","targetHints":{"allow":["GET"]}}],"collection":[{"href":"https:\/\/leparfumdefrance.com\/fr\/wp-json\/wp\/v2\/product"}],"about":[{"href":"https:\/\/leparfumdefrance.com\/fr\/wp-json\/wp\/v2\/types\/product"}],"wp:featuredmedia":[{"embeddable":true,"href":"https:\/\/leparfumdefrance.com\/fr\/wp-json\/wp\/v2\/media\/110655"}],"wp:attachment":[{"href":"https:\/\/leparfumdefrance.com\/fr\/wp-json\/wp\/v2\/media?parent=110793"}],"wp:term":[{"taxonomy":"product_brand","embeddable":true,"href":"https:\/\/leparfumdefrance.com\/fr\/wp-json\/wp\/v2\/product_brand?post=110793"},{"taxonomy":"product_cat","embeddable":true,"href":"https:\/\/leparfumdefrance.com\/fr\/wp-json\/wp\/v2\/product_cat?post=110793"},{"taxonomy":"product_tag","embeddable":true,"href":"https:\/\/leparfumdefrance.com\/fr\/wp-json\/wp\/v2\/product_tag?post=110793"}],"curies":[{"name":"wp","href":"https:\/\/api.w.org\/{rel}","templated":true}]}}