{"id":110794,"date":"2022-03-17T14:46:06","date_gmt":"2022-03-17T13:46:06","guid":{"rendered":"https:\/\/leparfumdefrance.com\/homepage\/shop\/non%20class\u00e9\/blue-celeste\/"},"modified":"2026-04-29T13:52:14","modified_gmt":"2026-04-29T12:52:14","slug":"blue-celeste","status":"publish","type":"product","link":"https:\/\/leparfumdefrance.com\/fr\/accueil\/boutique\/parfums-femmes\/blue-celeste\/","title":{"rendered":"Blue Celeste"},"content":{"rendered":"<h3>Eau de Toilette Blue Celeste 75ml. pour Femmes par Le Parfum de France<\/h3>\n<p>Blue Celeste, tendresse d&rsquo;\u00e9t\u00e9 sous les arbres fruitiers&#8230;<\/p>\n<p>Le parfum id\u00e9al pour une femme l\u00e9g\u00e8re et sensuelle dans la douceur de l&rsquo;\u00e9t\u00e9. La fra\u00eecheur des agrumes, avec ses notes de bergamote et de mandarine, s&rsquo;allie avec tendresse aux senteurs po\u00e9tiques du jasmin et de la rose. Cette po\u00e9sie s&rsquo;\u00e9tire sur de d\u00e9licates notes bois\u00e9es d&rsquo;ambre et de musc voluptueux. Un parfum qui sublime la volupt\u00e9 naturelle d&rsquo;une femme romantique et admir\u00e9e.<\/p>\n<p>Son univers :<br \/>\nUn ciel d&rsquo;un bleu envo\u00fbtant, sur lequel se d\u00e9tache la blancheur du paysage grec de Santorin. A l&rsquo;ombre des mandariniers, les joues rosies par le soleil sous lequel il fait bon se pr\u00e9lasser, la lumi\u00e8re danse sur la peau sal\u00e9e d&rsquo;une belle endormie, apr\u00e8s un bain de mer&#8230;. Comme une jeune femme sortie des pages d&rsquo;un livre, d&rsquo;une tendre romance d&rsquo;\u00e9t\u00e9, le simple fait de poser les yeux sur elle fait r\u00eaver aux d\u00e9esses grecques d&rsquo;un autre temps, \u00e0 Aphrodite et \u00e0 sa beaut\u00e9 \u00e9ternelle. C&rsquo;est de cette beaut\u00e9 qu&rsquo;est n\u00e9e Blue Celeste.<\/p>\n<p>Sa pyramide olfactive :<br \/>\nNote de t\u00eate : Bergamote, Mandarine | Note de c\u0153ur : Jasmin, Rose | Note de fond : Ambre, Musc<\/p>\n<p><img decoding=\"async\" style=\"width:100px;height:100px;margin-top:20px;\" alt=\"Blue Celeste Parfum Femmes 75ml. | Le Parfum de France\" src=\"\/wp-content\/uploads\/2022\/03\/cropped-LPDF_RoundIcon-1.png\" width=\"100px;\" height=\"100px;\" \/><\/p>\n<p><strong>L&rsquo;eau de Toilette pour Femme Blue Celeste 75ml. est achet\u00e9 chez nous et vendu directement par <a href=\"https:\/\/www.amazon.fr\/PARFUM-FRANCE-C%C3%A9leste-Toilette-Femme\/dp\/B07P8J8CPH\" title=\"Blue Celeste Women&#039;s Perfume on Amazon\" target=\"_blank\" rel=\"noopener\">Amazon<\/a>.<br \/>\nVendu au prix unitaire de 5,15\u20ac + frais de port.<\/strong><\/p>\n","protected":false},"excerpt":{"rendered":"<p class=\"proddesc\">Parfum Oriental \/ Vanille<br \/>\n<a href=\"https:\/\/leparfumdefrance.com\/fr\/categorie-produit\/parfums-femmes\/\">Eau de Toilette pour Femmes<\/a><\/p>\n","protected":false},"featured_media":110461,"template":"","meta":{"_et_pb_use_builder":"off","_et_pb_old_content":"Blue c\u00e9leste, la tendresse estivale sous les arbres fruitiers\u2026\r\n\r\nLa fragrance parfaite d\u2019une femme l\u00e9g\u00e8re, sensuelle dans la douceur de l\u2019\u00e9t\u00e9. La fraicheur des agrumes, avec ses notes de bergamote et de mandarine, se marie avec tendresse aux po\u00e9tiques parfums du jasmin et de la rose. Cette po\u00e9sie s\u2019\u00e9tire sur des notes d\u00e9licatement bois\u00e9es d\u2019ambre et de musc voluptueux. Un parfum qui sublime la volupt\u00e9 naturelle d\u2019une femme romantique et admir\u00e9e.\r\n\r\nSon univers\u00a0:\r\nUn ciel d\u2019un bleu envoutant, sur lequel se d\u00e9coupe la blancheur du paysage Grec de Santorin. \u00c0 l\u2019ombre des mandariniers, les joues ros\u00e9es par le soleil sous lequel il fait bon se pr\u00e9lasser, la lumi\u00e8re danse sur la peau sal\u00e9e d\u2019une belle endormie, apr\u00e8s une baignade \u00e0 la mer.... Telle une jeune femme sortie des pages d\u2019un livre, d\u2019une tendre romance d\u2019\u00e9t\u00e9, le simple fait de poser les yeux sur elle fait r\u00eaver aux d\u00e9esses grecques d\u2019un autre temps, \u00e0 Aphrodite et son \u00e9ternelle beaut\u00e9. Blue c\u00e9leste est n\u00e9 de cette beaut\u00e9.","_et_gb_content_width":""},"product_brand":[],"product_cat":[31],"product_tag":[],"class_list":{"0":"post-110794","1":"product","2":"type-product","3":"status-publish","4":"has-post-thumbnail","6":"product_cat-women-perfumes","8":"first","9":"instock","10":"taxable","11":"shipping-taxable","12":"purchasable","13":"product-type-simple"},"_links":{"self":[{"href":"https:\/\/leparfumdefrance.com\/fr\/wp-json\/wp\/v2\/product\/110794","targetHints":{"allow":["GET"]}}],"collection":[{"href":"https:\/\/leparfumdefrance.com\/fr\/wp-json\/wp\/v2\/product"}],"about":[{"href":"https:\/\/leparfumdefrance.com\/fr\/wp-json\/wp\/v2\/types\/product"}],"wp:featuredmedia":[{"embeddable":true,"href":"https:\/\/leparfumdefrance.com\/fr\/wp-json\/wp\/v2\/media\/110461"}],"wp:attachment":[{"href":"https:\/\/leparfumdefrance.com\/fr\/wp-json\/wp\/v2\/media?parent=110794"}],"wp:term":[{"taxonomy":"product_brand","embeddable":true,"href":"https:\/\/leparfumdefrance.com\/fr\/wp-json\/wp\/v2\/product_brand?post=110794"},{"taxonomy":"product_cat","embeddable":true,"href":"https:\/\/leparfumdefrance.com\/fr\/wp-json\/wp\/v2\/product_cat?post=110794"},{"taxonomy":"product_tag","embeddable":true,"href":"https:\/\/leparfumdefrance.com\/fr\/wp-json\/wp\/v2\/product_tag?post=110794"}],"curies":[{"name":"wp","href":"https:\/\/api.w.org\/{rel}","templated":true}]}}