{"id":110795,"date":"2022-03-22T11:44:48","date_gmt":"2022-03-22T10:44:48","guid":{"rendered":"https:\/\/leparfumdefrance.com\/homepage\/shop\/non%20class\u00e9\/cash\/"},"modified":"2026-04-13T13:59:11","modified_gmt":"2026-04-13T12:59:11","slug":"cash","status":"publish","type":"product","link":"https:\/\/leparfumdefrance.com\/fr\/accueil\/boutique\/parfums-hommes\/cash\/","title":{"rendered":"Cash"},"content":{"rendered":"<h3>Eau de Toilette Cash 75ml. pour Hommes par Le Parfum de France<\/h3>\n<p>Cash pour Hommes est sans aucun doute le parfum des hommes qui aiment briller en soci\u00e9t\u00e9\u00a0<\/p>\n<p>Trio gagnant pour ce subtil m\u00e9lange de mandarine, de pamplemousse et de rose qui donne la note acidul\u00e9e et fleurie \u00e0 ce parfum d&rsquo;exception. Relev\u00e9 par quelques touches d&rsquo;\u00e9pices et rafra\u00eechi par la pr\u00e9sence de la menthe poivr\u00e9e, vous aimerez laisser derri\u00e8re vous ce sillage qui \u00e9veille les sens&#8230; La touche masculine est bien pr\u00e9sente \u00e0 travers les trois accords essentiels \u00e0 tout homme viril: Le cuir, l&rsquo;ambre et le patchouli! Cash, vous avez tous les pouvoirs&#8230;<\/p>\n<p>Son univers:<br \/>\nHomme d&rsquo;affaires charismatique, l&rsquo;homme derri\u00e8re ce parfum est plut\u00f4t du genre \u00e0 ne pas se laisser dicter son existence! Il sait ce qu&rsquo;il veut&#8230; et il l&rsquo;obtient. Il dirige une entreprise prosp\u00e8re, il a tout le confort dont il a besoin, il voyage r\u00e9guli\u00e8rement, il a cr\u00e9\u00e9 la vie qui lui convient! Son parfum r\u00e9v\u00e8le tout de lui: A la fois doux et \u00e9pic\u00e9, viril et pr\u00e9cieux, son pouvoir de s\u00e9duction est \u00e0 la hauteur de ce qu&rsquo;il entreprend&#8230; C&rsquo;est un homme \u00ab\u00a0Cash\u00a0\u00bb!<\/p>\n<p>Sa pyramide olfactive :<br \/>\nNote de fond: Patchouli, Ambre, Cuir. | Note de t\u00eate: Menthe poivr\u00e9e, Mandarine, Pamplemousse | Note de c\u0153ur: Cannelle, Rose, Epices.<\/p>\n<p><img decoding=\"async\" style=\"width:100px;height:100px;margin-top:20px;\" alt=\"Cash Parfum Hommes 75ml. | Le Parfum de France\" src=\"\/wp-content\/uploads\/2022\/03\/cropped-LPDF_RoundIcon-1.png\" width=\"100px;\" height=\"100px;\" \/><\/p>\n<p><strong>L&rsquo;eau de Toilette pour Homme Cash 75ml. est achet\u00e9 chez nous et est vendu directement par <a href=\"https:\/\/www.amazon.fr\/PARFUM-FRANCE-Cash-Toilette-Homme\/dp\/B07PBS7NR5\" title=\"Cash Parfum Hommes sur Amazon\" target=\"_blank\" rel=\"noopener\">Amazon<\/a>.<br \/>\nNot\u00e9 4,1 \u00e9toiles sur 5 avec 17 commentaires &#8211; Class\u00e9 275\u00e8me dans les Eaux de Toilette pour Homme &#8211; Vendu au prix unitaire de 6,29\u20ac + frais de port.<\/strong><\/p>\n","protected":false},"excerpt":{"rendered":"<p class=\"proddesc\">Parfum Bois\u00e9 \/ \u00c9pic\u00e9<br \/>\n<a href=\"https:\/\/leparfumdefrance.com\/fr\/categorie-produit\/parfums-hommes\/\">Eau de Toilette pour Hommes<\/a><\/p>\n","protected":false},"featured_media":110515,"template":"","meta":{"_et_pb_use_builder":"off","_et_pb_old_content":"Blue c\u00e9leste, la tendresse estivale sous les arbres fruitiers\u2026\r\n\r\nLa fragrance parfaite d\u2019une femme l\u00e9g\u00e8re, sensuelle dans la douceur de l\u2019\u00e9t\u00e9. La fraicheur des agrumes, avec ses notes de bergamote et de mandarine, se marie avec tendresse aux po\u00e9tiques parfums du jasmin et de la rose. Cette po\u00e9sie s\u2019\u00e9tire sur des notes d\u00e9licatement bois\u00e9es d\u2019ambre et de musc voluptueux. Un parfum qui sublime la volupt\u00e9 naturelle d\u2019une femme romantique et admir\u00e9e.\r\n\r\nSon univers\u00a0:\r\nUn ciel d\u2019un bleu envoutant, sur lequel se d\u00e9coupe la blancheur du paysage Grec de Santorin. \u00c0 l\u2019ombre des mandariniers, les joues ros\u00e9es par le soleil sous lequel il fait bon se pr\u00e9lasser, la lumi\u00e8re danse sur la peau sal\u00e9e d\u2019une belle endormie, apr\u00e8s une baignade \u00e0 la mer.... Telle une jeune femme sortie des pages d\u2019un livre, d\u2019une tendre romance d\u2019\u00e9t\u00e9, le simple fait de poser les yeux sur elle fait r\u00eaver aux d\u00e9esses grecques d\u2019un autre temps, \u00e0 Aphrodite et son \u00e9ternelle beaut\u00e9. Blue c\u00e9leste est n\u00e9 de cette beaut\u00e9.","_et_gb_content_width":""},"product_brand":[],"product_cat":[32],"product_tag":[39],"class_list":{"0":"post-110795","1":"product","2":"type-product","3":"status-publish","4":"has-post-thumbnail","6":"product_cat-men-perfumes","7":"product_tag-best-seller","9":"first","10":"instock","11":"taxable","12":"shipping-taxable","13":"purchasable","14":"product-type-simple"},"_links":{"self":[{"href":"https:\/\/leparfumdefrance.com\/fr\/wp-json\/wp\/v2\/product\/110795","targetHints":{"allow":["GET"]}}],"collection":[{"href":"https:\/\/leparfumdefrance.com\/fr\/wp-json\/wp\/v2\/product"}],"about":[{"href":"https:\/\/leparfumdefrance.com\/fr\/wp-json\/wp\/v2\/types\/product"}],"wp:featuredmedia":[{"embeddable":true,"href":"https:\/\/leparfumdefrance.com\/fr\/wp-json\/wp\/v2\/media\/110515"}],"wp:attachment":[{"href":"https:\/\/leparfumdefrance.com\/fr\/wp-json\/wp\/v2\/media?parent=110795"}],"wp:term":[{"taxonomy":"product_brand","embeddable":true,"href":"https:\/\/leparfumdefrance.com\/fr\/wp-json\/wp\/v2\/product_brand?post=110795"},{"taxonomy":"product_cat","embeddable":true,"href":"https:\/\/leparfumdefrance.com\/fr\/wp-json\/wp\/v2\/product_cat?post=110795"},{"taxonomy":"product_tag","embeddable":true,"href":"https:\/\/leparfumdefrance.com\/fr\/wp-json\/wp\/v2\/product_tag?post=110795"}],"curies":[{"name":"wp","href":"https:\/\/api.w.org\/{rel}","templated":true}]}}