{"id":110797,"date":"2022-03-22T12:07:05","date_gmt":"2022-03-22T11:07:05","guid":{"rendered":"https:\/\/leparfumdefrance.com\/homepage\/shop\/non%20class\u00e9\/cash-casino\/"},"modified":"2026-05-08T09:47:08","modified_gmt":"2026-05-08T08:47:08","slug":"cash-casino","status":"publish","type":"product","link":"https:\/\/leparfumdefrance.com\/fr\/accueil\/boutique\/parfums-hommes\/cash-casino\/","title":{"rendered":"Cash Casino"},"content":{"rendered":"<h3>Eau de Toilette Cash Casino 75ml. pour Hommes par Le Parfum de France<\/h3>\n<p>Cash Casino, for the lovers of Life<\/p>\n<p>Parfum subtil et inattendu, Cash Casino pourrait convenir aux hommes qui aiment la douceur et les jeux de l&rsquo;Amour&#8230; Doux m\u00e9lange de notes vertes et citronn\u00e9es, et d&rsquo;\u00e9pices lointaines comme la Muscade ou le Musc, il ravira celui qui ne peut s&#8217;emp\u00eacher d&rsquo;attiser la curiosit\u00e9! Port\u00e9 par les accords de Patchouli et d&rsquo;Ambre, il ne risque pas d&rsquo;\u00eatre trop discret sur vous, et c&rsquo;est tant mieux car la s\u00e9duction est sa passion!<\/p>\n<p>Son univers:<br \/>\nLe jeu fait partie de sa vie, il est abonn\u00e9 \u00e0 tout ce qui peut lui permettre de tenter sa chance! L&rsquo;homme Cash Casino est un amoureux de la vie, des belles choses, et des autres. Il n&rsquo;est pas difficile de tomber sous son charme, il a besoin de s\u00e9duire, mais il aime aussi \u00eatre s\u00e9duit. Lorsqu&rsquo;il se d\u00e9place, son parfum laisse un souvenir qui ne laisse personne indiff\u00e9rent. Alors il tente sa chance, il joue et souvent, il gagne&#8230; En notori\u00e9t\u00e9, en influence et en s\u00e9duction. Mais n&rsquo;essayez pas de le retenir, c&rsquo;est un homme libre, qui aime savoir que partout dans le monde, on l&rsquo;attend quelque part&#8230;<\/p>\n<p>Sa pyramide olfactive :<br \/>\nNote de fond: Patchouli, Ambre, Cuir. | Note de t\u00eate: Menthe poivr\u00e9e, Mandarine, Pamplemousse | Note de c\u0153ur: Cannelle, Rose, Epices.<\/p>\n<p><img decoding=\"async\" style=\"width:100px;height:100px;margin-top:20px;\" alt=\"Cash Casino Parfum Hommes 75ml. | Le Parfum de France\" src=\"\/wp-content\/uploads\/2022\/03\/cropped-LPDF_RoundIcon-1.png\" width=\"100px;\" height=\"100px;\" \/><\/p>\n<p><strong>Le Parfum de France est vendu directement par <a title=\"Le Parfum de France sur Amazon\" href=\"https:\/\/www.amazon.fr\/stores\/LE+PARFUM+DE+FRANCE\/page\/AB21AF9C-82FA-4C78-A34A-5AE3A6D5226A?ref_=ast_bln\" target=\"_blank\" rel=\"noopener\">Amazon<\/a>.<\/p>\n","protected":false},"excerpt":{"rendered":"<p class=\"proddesc\">Parfum Bois\u00e9 \/ \u00c9pic\u00e9<br \/>\n<a href=\"https:\/\/leparfumdefrance.com\/fr\/categorie-produit\/parfums-hommes\/\">Eau de Toilette pour Hommes<\/a><\/p>\n","protected":false},"featured_media":110519,"template":"","meta":{"_et_pb_use_builder":"off","_et_pb_old_content":"Blue c\u00e9leste, la tendresse estivale sous les arbres fruitiers\u2026\r\n\r\nLa fragrance parfaite d\u2019une femme l\u00e9g\u00e8re, sensuelle dans la douceur de l\u2019\u00e9t\u00e9. La fraicheur des agrumes, avec ses notes de bergamote et de mandarine, se marie avec tendresse aux po\u00e9tiques parfums du jasmin et de la rose. Cette po\u00e9sie s\u2019\u00e9tire sur des notes d\u00e9licatement bois\u00e9es d\u2019ambre et de musc voluptueux. Un parfum qui sublime la volupt\u00e9 naturelle d\u2019une femme romantique et admir\u00e9e.\r\n\r\nSon univers\u00a0:\r\nUn ciel d\u2019un bleu envoutant, sur lequel se d\u00e9coupe la blancheur du paysage Grec de Santorin. \u00c0 l\u2019ombre des mandariniers, les joues ros\u00e9es par le soleil sous lequel il fait bon se pr\u00e9lasser, la lumi\u00e8re danse sur la peau sal\u00e9e d\u2019une belle endormie, apr\u00e8s une baignade \u00e0 la mer.... Telle une jeune femme sortie des pages d\u2019un livre, d\u2019une tendre romance d\u2019\u00e9t\u00e9, le simple fait de poser les yeux sur elle fait r\u00eaver aux d\u00e9esses grecques d\u2019un autre temps, \u00e0 Aphrodite et son \u00e9ternelle beaut\u00e9. Blue c\u00e9leste est n\u00e9 de cette beaut\u00e9.","_et_gb_content_width":""},"product_brand":[],"product_cat":[50],"product_tag":[],"class_list":{"0":"post-110797","1":"product","2":"type-product","3":"status-publish","4":"has-post-thumbnail","6":"product_cat-parfums-hommes","8":"first","9":"instock","10":"taxable","11":"shipping-taxable","12":"purchasable","13":"product-type-simple"},"_links":{"self":[{"href":"https:\/\/leparfumdefrance.com\/fr\/wp-json\/wp\/v2\/product\/110797","targetHints":{"allow":["GET"]}}],"collection":[{"href":"https:\/\/leparfumdefrance.com\/fr\/wp-json\/wp\/v2\/product"}],"about":[{"href":"https:\/\/leparfumdefrance.com\/fr\/wp-json\/wp\/v2\/types\/product"}],"wp:featuredmedia":[{"embeddable":true,"href":"https:\/\/leparfumdefrance.com\/fr\/wp-json\/wp\/v2\/media\/110519"}],"wp:attachment":[{"href":"https:\/\/leparfumdefrance.com\/fr\/wp-json\/wp\/v2\/media?parent=110797"}],"wp:term":[{"taxonomy":"product_brand","embeddable":true,"href":"https:\/\/leparfumdefrance.com\/fr\/wp-json\/wp\/v2\/product_brand?post=110797"},{"taxonomy":"product_cat","embeddable":true,"href":"https:\/\/leparfumdefrance.com\/fr\/wp-json\/wp\/v2\/product_cat?post=110797"},{"taxonomy":"product_tag","embeddable":true,"href":"https:\/\/leparfumdefrance.com\/fr\/wp-json\/wp\/v2\/product_tag?post=110797"}],"curies":[{"name":"wp","href":"https:\/\/api.w.org\/{rel}","templated":true}]}}