{"id":110801,"date":"2022-03-21T14:58:08","date_gmt":"2022-03-21T13:58:08","guid":{"rendered":"https:\/\/leparfumdefrance.com\/homepage\/shop\/non%20class\u00e9\/cash-woman\/"},"modified":"2026-04-17T20:33:51","modified_gmt":"2026-04-17T19:33:51","slug":"cash-woman","status":"publish","type":"product","link":"https:\/\/leparfumdefrance.com\/fr\/accueil\/boutique\/parfums-femmes\/cash-woman\/","title":{"rendered":"Cash Woman"},"content":{"rendered":"<h3>Eau de Toilette Cash Woman 75ml. pour Femmes par Le Parfum de France<\/h3>\n<p>Cash Woman, Le parfum d&rsquo;une femme qui brille en soci\u00e9t\u00e9<\/p>\n<p>Autant de belles senteurs r\u00e9unies dans un parfum, tout pour plaire aux femmes sensorielles et ultra f\u00e9minines&#8230;. Des notes hesp\u00e9rid\u00e9es, avec tout l&rsquo;\u00e9clat de l&rsquo;orange et de la mandarine, mais aussi florales pour le c\u00f4t\u00e9 f\u00e9minin avec comme notes de coeur la rose et les fleurs blanches&#8230; mais cette femme est de caract\u00e8re, nous y ajouterons une pointe de musc et de patchouli pour le rendre inoubliable&#8230;.<\/p>\n<p>Son univers :<br \/>\nFemme de t\u00eate, mais aussi de c\u0153ur, celle qui choisira Cash Woman n&rsquo;ira pas par quatre chemins pour vous s\u00e9duire! Plut\u00f4t urbain, son univers est celui des affaires. Elle g\u00e8re avec brio son entreprise et sait diriger ses \u00e9quipes&#8230; dans un m\u00e9lange de douceur et de fermet\u00e9, elle laissera un souvenir imp\u00e9rissable \u00e0 ceux qui la rencontreront. Sans doute un peu par son charme, sans doute aussi par son talent, mais aussi parce que son parfum laisse une trace ind\u00e9l\u00e9bile dans la m\u00e9moire.<\/p>\n<p>Sa pyramide olfactive :<br \/>\nNote d&rsquo;ensemble: chypre\/fruit\u00e9.<br \/>\nNote de t\u00eate: orange, mandarine | Note de c\u0153ur: fleurs blanches, rose | Note de fond: musc, patchouli.<\/p>\n<p><img decoding=\"async\" style=\"width:100px;height:100px;margin-top:20px;\" alt=\"Cash Woman Parfum Femmes 75ml. | Le Parfum de France\" src=\"\/wp-content\/uploads\/2022\/03\/cropped-LPDF_RoundIcon-1.png\" width=\"100px;\" height=\"100px;\" \/><\/p>\n<p><strong>L&rsquo;eau de Toilette pour Femme Cash Woman 75ml. est achet\u00e9 chez nous et est vendu directement par <a href=\"https:\/\/www.amazon.fr\/PARFUM-FRANCE-Woman-Toilette-Femme\/dp\/B07P7CZMQ8\" title=\"Cash Woman Parfum Femmes sur Amazon\" target=\"_blank\" rel=\"noopener\">Amazon<\/a>.<br \/>\nNot\u00e9 3,8 \u00e9toiles sur 5 avec 12 commentaires &#8211; Class\u00e9 582\u00e8me dans les Eaux de Toilette pour femmes &#8211; Vendu au prix unitaire de 6,99\u20ac + frais de port.<\/strong><\/p>\n","protected":false},"excerpt":{"rendered":"<p class=\"proddesc\">Parfum Chypr\u00e9 \/ Fruit\u00e9<br \/>\n<a href=\"https:\/\/leparfumdefrance.com\/fr\/categorie-produit\/parfums-femmes\/\">Eau de Toilette pour Femmes<\/a><\/p>\n","protected":false},"featured_media":110491,"template":"","meta":{"_et_pb_use_builder":"off","_et_pb_old_content":"Blue c\u00e9leste, la tendresse estivale sous les arbres fruitiers\u2026\r\n\r\nLa fragrance parfaite d\u2019une femme l\u00e9g\u00e8re, sensuelle dans la douceur de l\u2019\u00e9t\u00e9. La fraicheur des agrumes, avec ses notes de bergamote et de mandarine, se marie avec tendresse aux po\u00e9tiques parfums du jasmin et de la rose. Cette po\u00e9sie s\u2019\u00e9tire sur des notes d\u00e9licatement bois\u00e9es d\u2019ambre et de musc voluptueux. Un parfum qui sublime la volupt\u00e9 naturelle d\u2019une femme romantique et admir\u00e9e.\r\n\r\nSon univers\u00a0:\r\nUn ciel d\u2019un bleu envoutant, sur lequel se d\u00e9coupe la blancheur du paysage Grec de Santorin. \u00c0 l\u2019ombre des mandariniers, les joues ros\u00e9es par le soleil sous lequel il fait bon se pr\u00e9lasser, la lumi\u00e8re danse sur la peau sal\u00e9e d\u2019une belle endormie, apr\u00e8s une baignade \u00e0 la mer.... Telle une jeune femme sortie des pages d\u2019un livre, d\u2019une tendre romance d\u2019\u00e9t\u00e9, le simple fait de poser les yeux sur elle fait r\u00eaver aux d\u00e9esses grecques d\u2019un autre temps, \u00e0 Aphrodite et son \u00e9ternelle beaut\u00e9. Blue c\u00e9leste est n\u00e9 de cette beaut\u00e9.","_et_gb_content_width":""},"product_brand":[],"product_cat":[51],"product_tag":[],"class_list":{"0":"post-110801","1":"product","2":"type-product","3":"status-publish","4":"has-post-thumbnail","6":"product_cat-parfums-femmes","8":"first","9":"instock","10":"taxable","11":"shipping-taxable","12":"purchasable","13":"product-type-simple"},"_links":{"self":[{"href":"https:\/\/leparfumdefrance.com\/fr\/wp-json\/wp\/v2\/product\/110801","targetHints":{"allow":["GET"]}}],"collection":[{"href":"https:\/\/leparfumdefrance.com\/fr\/wp-json\/wp\/v2\/product"}],"about":[{"href":"https:\/\/leparfumdefrance.com\/fr\/wp-json\/wp\/v2\/types\/product"}],"wp:featuredmedia":[{"embeddable":true,"href":"https:\/\/leparfumdefrance.com\/fr\/wp-json\/wp\/v2\/media\/110491"}],"wp:attachment":[{"href":"https:\/\/leparfumdefrance.com\/fr\/wp-json\/wp\/v2\/media?parent=110801"}],"wp:term":[{"taxonomy":"product_brand","embeddable":true,"href":"https:\/\/leparfumdefrance.com\/fr\/wp-json\/wp\/v2\/product_brand?post=110801"},{"taxonomy":"product_cat","embeddable":true,"href":"https:\/\/leparfumdefrance.com\/fr\/wp-json\/wp\/v2\/product_cat?post=110801"},{"taxonomy":"product_tag","embeddable":true,"href":"https:\/\/leparfumdefrance.com\/fr\/wp-json\/wp\/v2\/product_tag?post=110801"}],"curies":[{"name":"wp","href":"https:\/\/api.w.org\/{rel}","templated":true}]}}