{"id":110803,"date":"2022-03-22T10:36:32","date_gmt":"2022-03-22T09:36:32","guid":{"rendered":"https:\/\/leparfumdefrance.com\/homepage\/shop\/non%20class\u00e9\/cool-madam\/"},"modified":"2026-05-02T20:58:47","modified_gmt":"2026-05-02T19:58:47","slug":"cool-madam","status":"publish","type":"product","link":"https:\/\/leparfumdefrance.com\/fr\/accueil\/boutique\/parfums-femmes\/cool-madam\/","title":{"rendered":"Cool Madam"},"content":{"rendered":"<h3>Eau de Toilette Cool Madam 75ml. pour Femmes par Le Parfum de France<\/h3>\n<p>Cool Madam, fra\u00eecheur et audace d&rsquo;une f\u00e9minit\u00e9 absolue<\/p>\n<p>Femme enfant par excellence, celle qui choisit Cool Madam sait jouer de ses charmes, et obtenir ce qu&rsquo;elle veut! Un parfum original, alliant des notes fruit\u00e9es et florales avec la rose et le jasmin, mais aussi des notes beaucoup plus chaudes avec le patchouli et le musc blanc&#8230; La vanille apporte une touche exotique, rappelant les saveurs de l&rsquo;enfance.<\/p>\n<p>Son univers :<br \/>\nUne villa sur la C\u00f4te d&rsquo;Azur, avec une vue imprenable sur la M\u00e9diterran\u00e9e, au bord de la piscine, se pr\u00e9lassant celle qui vous rendra fou d&rsquo;un coup de foudre&#8230; A la fois espi\u00e8gle et envo\u00fbtante, elle joue de son charme enfantin pour que tous ses caprices soient exauc\u00e9s&#8230; La belle oisive sait se laisser g\u00e2ter, mais elle sait aussi \u00eatre une femme raisonnable lorsqu&rsquo;il faut reprendre le contr\u00f4le d&rsquo;une situation. Cool Madam restera dans son sillage longtemps apr\u00e8s avoir quitt\u00e9 les lieux, soyez-en s\u00fbrs!<\/p>\n<p>Sa pyramide olfactive :<br \/>\nNote de fond: Vanille, Patchouli, V\u00e9tiver, Muscs blancs | Note de t\u00eate: Bergamote, Orange | Note de c\u0153ur: Jasmin, Rose<\/p>\n<p><img decoding=\"async\" style=\"width:100px;height:100px;margin-top:20px;\" alt=\"Cool Madam Parfum femmes 75ml. | Le Parfum de France\" src=\"\/wp-content\/uploads\/2022\/03\/cropped-LPDF_RoundIcon-1.png\" width=\"100px;\" height=\"100px;\" \/><\/p>\n<p><strong>L&rsquo;eau de Toilette pour Femme Cool Madam 75ml. est achet\u00e9e chez nous et vendue directement par <a href=\"https:\/\/www.amazon.fr\/PARFUM-FRANCE-Madam-Toilette-Femme\/dp\/B07PCVDN6J\" title=\"Cool Madam Parfum Femmes sur Amazon\" target=\"_blank\" rel=\"noopener\">Amazon<\/a>.<br \/>\nNot\u00e9 3,8 \u00e9toiles sur 5 avec 79 commentaires &#8211; Class\u00e9 359\u00e8me dans les Eaux de Toilette pour femmes &#8211; Vendu au prix unitaire de 6,99\u20ac + frais de port.<\/strong><\/p>\n","protected":false},"excerpt":{"rendered":"<p class=\"proddesc\">Parfum Chypr\u00e9 \/ Floral<br \/>\n<a href=\"https:\/\/leparfumdefrance.com\/fr\/categorie-produit\/parfums-femmes\/\">Eau de Toilette pour Femmes<\/a><\/p>\n","protected":false},"featured_media":110503,"template":"","meta":{"_et_pb_use_builder":"off","_et_pb_old_content":"Blue c\u00e9leste, la tendresse estivale sous les arbres fruitiers\u2026\r\n\r\nLa fragrance parfaite d\u2019une femme l\u00e9g\u00e8re, sensuelle dans la douceur de l\u2019\u00e9t\u00e9. La fraicheur des agrumes, avec ses notes de bergamote et de mandarine, se marie avec tendresse aux po\u00e9tiques parfums du jasmin et de la rose. Cette po\u00e9sie s\u2019\u00e9tire sur des notes d\u00e9licatement bois\u00e9es d\u2019ambre et de musc voluptueux. Un parfum qui sublime la volupt\u00e9 naturelle d\u2019une femme romantique et admir\u00e9e.\r\n\r\nSon univers\u00a0:\r\nUn ciel d\u2019un bleu envoutant, sur lequel se d\u00e9coupe la blancheur du paysage Grec de Santorin. \u00c0 l\u2019ombre des mandariniers, les joues ros\u00e9es par le soleil sous lequel il fait bon se pr\u00e9lasser, la lumi\u00e8re danse sur la peau sal\u00e9e d\u2019une belle endormie, apr\u00e8s une baignade \u00e0 la mer.... Telle une jeune femme sortie des pages d\u2019un livre, d\u2019une tendre romance d\u2019\u00e9t\u00e9, le simple fait de poser les yeux sur elle fait r\u00eaver aux d\u00e9esses grecques d\u2019un autre temps, \u00e0 Aphrodite et son \u00e9ternelle beaut\u00e9. Blue c\u00e9leste est n\u00e9 de cette beaut\u00e9.","_et_gb_content_width":""},"product_brand":[],"product_cat":[31],"product_tag":[39],"class_list":{"0":"post-110803","1":"product","2":"type-product","3":"status-publish","4":"has-post-thumbnail","6":"product_cat-women-perfumes","7":"product_tag-best-seller","9":"first","10":"instock","11":"taxable","12":"shipping-taxable","13":"purchasable","14":"product-type-simple"},"_links":{"self":[{"href":"https:\/\/leparfumdefrance.com\/fr\/wp-json\/wp\/v2\/product\/110803","targetHints":{"allow":["GET"]}}],"collection":[{"href":"https:\/\/leparfumdefrance.com\/fr\/wp-json\/wp\/v2\/product"}],"about":[{"href":"https:\/\/leparfumdefrance.com\/fr\/wp-json\/wp\/v2\/types\/product"}],"wp:featuredmedia":[{"embeddable":true,"href":"https:\/\/leparfumdefrance.com\/fr\/wp-json\/wp\/v2\/media\/110503"}],"wp:attachment":[{"href":"https:\/\/leparfumdefrance.com\/fr\/wp-json\/wp\/v2\/media?parent=110803"}],"wp:term":[{"taxonomy":"product_brand","embeddable":true,"href":"https:\/\/leparfumdefrance.com\/fr\/wp-json\/wp\/v2\/product_brand?post=110803"},{"taxonomy":"product_cat","embeddable":true,"href":"https:\/\/leparfumdefrance.com\/fr\/wp-json\/wp\/v2\/product_cat?post=110803"},{"taxonomy":"product_tag","embeddable":true,"href":"https:\/\/leparfumdefrance.com\/fr\/wp-json\/wp\/v2\/product_tag?post=110803"}],"curies":[{"name":"wp","href":"https:\/\/api.w.org\/{rel}","templated":true}]}}