{"id":110804,"date":"2025-06-05T11:03:55","date_gmt":"2025-06-05T10:03:55","guid":{"rendered":"https:\/\/leparfumdefrance.com\/homepage\/shop\/non%20class\u00e9\/destiny\/"},"modified":"2026-04-29T13:52:13","modified_gmt":"2026-04-29T12:52:13","slug":"destiny","status":"publish","type":"product","link":"https:\/\/leparfumdefrance.com\/fr\/accueil\/boutique\/parfums-femmes\/destiny\/","title":{"rendered":"Destiny"},"content":{"rendered":"<h3>Eau de Toilette Destiny 75ml. pour Femmes par Le Parfum de France<\/h3>\n<p>Destiny est un parfum captivant qui allie l&rsquo;allure vibrante des fleurs \u00e0 l&rsquo;\u00e9treinte chaleureuse de l&rsquo;ambre, incarnant le voyage d&rsquo;une femme vers l&rsquo;\u00e9l\u00e9gance et la d\u00e9couverte de soi. Il s&rsquo;ouvre sur une explosion de fra\u00eecheur, o\u00f9 l&rsquo;orange juteuse et la poire m\u00fbre dansent aux c\u00f4t\u00e9s de la fleur d\u00e9licate et hesp\u00e9rid\u00e9e du n\u00e9roli, cr\u00e9ant ainsi une introduction radieuse et exaltante.<\/p>\n<p>En son c\u0153ur, le parfum se d\u00e9ploie en une luxueuse \u00e9treinte florale. La richesse enivrante du jasmin se m\u00eale \u00e0 l&rsquo;opulence cr\u00e9meuse de la tub\u00e9reuse, tandis qu&rsquo;une touche de gingembre \u00e9pic\u00e9 apporte une chaleur vibrante et inattendue, conf\u00e9rant au bouquet une touche audacieuse et moderne.<\/p>\n<p>Les notes de fond s&rsquo;installent dans un sillage sensuel et durable. Le c\u00e8dre apporte une profondeur bois\u00e9e et raffin\u00e9e, adoucie par la caresse douce et velout\u00e9e de la vanille. Les salicyl\u00e9s, avec leur subtile chaleur solaire et ambr\u00e9e, enveloppent la composition d&rsquo;un \u00e9clat lumineux, laissant un sillage \u00e0 la fois sophistiqu\u00e9 et inoubliable.<\/p>\n<p>Destiny est l&rsquo;essence d&rsquo;une femme qui trace son propre chemin avec gr\u00e2ce et confiance, un parfum qui brille de l&rsquo;aube au cr\u00e9puscule, parfait pour les moments qui la d\u00e9finissent.<\/p>\n<p>Caract\u00e8re: Floral, ambr\u00e9, vibrant, \u00e9l\u00e9gant.<br \/>\nOccasion: Id\u00e9al pour une tenue quotidienne ou pour les moments qui n\u00e9cessitent une touche d&rsquo;allure intemporelle.<\/p>\n<p>Sa pyramide olfactive :<br \/>\nNote Globale: Floral, Ambr\u00e9<br \/>\nNote de t\u00eate: orange, poire, n\u00e9roli | Note de c\u0153ur: jasmin, tub\u00e9reuse, gingembre | Note de fond: bois de c\u00e8dre, vanille, salicylates.<\/p>\n<p><img decoding=\"async\" style=\"width:100px;height:100px;margin-top:20px;\" alt=\"Destiny Parfum Femmes 75ml. | Le Parfum de France\" src=\"\/wp-content\/uploads\/2022\/03\/cropped-LPDF_RoundIcon-1.png\" width=\"100px;\" height=\"100px;\" \/><\/p>\n<p><strong>Le Parfum de France est vendu directement par <a title=\"Le Parfum de France on Amazon\" href=\"https:\/\/www.amazon.fr\/stores\/LE+PARFUM+DE+FRANCE\/page\/AB21AF9C-82FA-4C78-A34A-5AE3A6D5226A?ref_=ast_bln\" target=\"_blank\" rel=\"noopener\">Amazon<\/a>.<\/p>\n","protected":false},"excerpt":{"rendered":"<p class=\"proddesc\">Parfum Floral \/ Ambr\u00e9<br \/>\n<a href=\"https:\/\/leparfumdefrance.com\/fr\/categorie-produit\/parfums-femmes\/\">Eau de Toilette pour Femmes<\/a><\/p>\n","protected":false},"featured_media":110659,"template":"","meta":{"_et_pb_use_builder":"off","_et_pb_old_content":"Blue c\u00e9leste, la tendresse estivale sous les arbres fruitiers\u2026\r\n\r\nLa fragrance parfaite d\u2019une femme l\u00e9g\u00e8re, sensuelle dans la douceur de l\u2019\u00e9t\u00e9. La fraicheur des agrumes, avec ses notes de bergamote et de mandarine, se marie avec tendresse aux po\u00e9tiques parfums du jasmin et de la rose. Cette po\u00e9sie s\u2019\u00e9tire sur des notes d\u00e9licatement bois\u00e9es d\u2019ambre et de musc voluptueux. Un parfum qui sublime la volupt\u00e9 naturelle d\u2019une femme romantique et admir\u00e9e.\r\n\r\nSon univers\u00a0:\r\nUn ciel d\u2019un bleu envoutant, sur lequel se d\u00e9coupe la blancheur du paysage Grec de Santorin. \u00c0 l\u2019ombre des mandariniers, les joues ros\u00e9es par le soleil sous lequel il fait bon se pr\u00e9lasser, la lumi\u00e8re danse sur la peau sal\u00e9e d\u2019une belle endormie, apr\u00e8s une baignade \u00e0 la mer.... Telle une jeune femme sortie des pages d\u2019un livre, d\u2019une tendre romance d\u2019\u00e9t\u00e9, le simple fait de poser les yeux sur elle fait r\u00eaver aux d\u00e9esses grecques d\u2019un autre temps, \u00e0 Aphrodite et son \u00e9ternelle beaut\u00e9. Blue c\u00e9leste est n\u00e9 de cette beaut\u00e9.","_et_gb_content_width":""},"product_brand":[],"product_cat":[31],"product_tag":[38],"class_list":{"0":"post-110804","1":"product","2":"type-product","3":"status-publish","4":"has-post-thumbnail","6":"product_cat-women-perfumes","7":"product_tag-new","9":"first","10":"instock","11":"taxable","12":"shipping-taxable","13":"purchasable","14":"product-type-simple"},"_links":{"self":[{"href":"https:\/\/leparfumdefrance.com\/fr\/wp-json\/wp\/v2\/product\/110804","targetHints":{"allow":["GET"]}}],"collection":[{"href":"https:\/\/leparfumdefrance.com\/fr\/wp-json\/wp\/v2\/product"}],"about":[{"href":"https:\/\/leparfumdefrance.com\/fr\/wp-json\/wp\/v2\/types\/product"}],"wp:featuredmedia":[{"embeddable":true,"href":"https:\/\/leparfumdefrance.com\/fr\/wp-json\/wp\/v2\/media\/110659"}],"wp:attachment":[{"href":"https:\/\/leparfumdefrance.com\/fr\/wp-json\/wp\/v2\/media?parent=110804"}],"wp:term":[{"taxonomy":"product_brand","embeddable":true,"href":"https:\/\/leparfumdefrance.com\/fr\/wp-json\/wp\/v2\/product_brand?post=110804"},{"taxonomy":"product_cat","embeddable":true,"href":"https:\/\/leparfumdefrance.com\/fr\/wp-json\/wp\/v2\/product_cat?post=110804"},{"taxonomy":"product_tag","embeddable":true,"href":"https:\/\/leparfumdefrance.com\/fr\/wp-json\/wp\/v2\/product_tag?post=110804"}],"curies":[{"name":"wp","href":"https:\/\/api.w.org\/{rel}","templated":true}]}}