{"id":110805,"date":"2025-06-05T11:12:17","date_gmt":"2025-06-05T10:12:17","guid":{"rendered":"https:\/\/leparfumdefrance.com\/homepage\/shop\/non%20class\u00e9\/divine\/"},"modified":"2026-05-06T18:34:48","modified_gmt":"2026-05-06T17:34:48","slug":"divine","status":"publish","type":"product","link":"https:\/\/leparfumdefrance.com\/fr\/accueil\/boutique\/parfums-femmes\/divine\/","title":{"rendered":"Divine"},"content":{"rendered":"<h3>Eau de Toilette Divine 75ml. pour Femmes par Le Parfum de France<\/h3>\n<p>Divine est un parfum floral ambr\u00e9 lumineux qui capture l&rsquo;essence de l&rsquo;esprit radieux et de l&rsquo;\u00e9l\u00e9gance intemporelle d&rsquo;une femme. Il s&rsquo;ouvre sur un \u00e9clat vibrant et juteux, o\u00f9 la douceur succulente de la poire se m\u00eale au zeste p\u00e9tillant de la mandarine et \u00e0 la chaleur vive et hesp\u00e9rid\u00e9e de l&rsquo;orange. Cette introduction effervescente \u00e9veille les sens, \u00e9voquant un sentiment de d\u00e9couverte joyeuse.<\/p>\n<p>En son c\u0153ur, le parfum s&rsquo;\u00e9panouit en un bouquet floral captivant. La richesse opulente du jasmin se m\u00eale \u00e0 la fra\u00eecheur douce et aromatique de la lavande, tandis que l&rsquo;\u00e9clat mielleux de la fleur d&rsquo;oranger ajoute une touche de f\u00e9minit\u00e9 radieuse, cr\u00e9ant ainsi un c\u0153ur harmonieux et sophistiqu\u00e9.<\/p>\n<p>La base s&rsquo;installe dans un sillage chaud, qui persiste avec une allure discr\u00e8te. La chaleur cr\u00e9meuse et noiset\u00e9e de l&rsquo;amande enveloppe les sens, compl\u00e9t\u00e9e par la profondeur croustillante et bois\u00e9e du bois de c\u00e8dre. La mousse, avec sa nuance verte et terreuse, ancre le parfum, ajoutant une touche d&rsquo;\u00e9l\u00e9gance naturelle qui perdure.<\/p>\n<p>Divine est le parfum d&rsquo;une femme qui entreprend son voyage avec confiance et gr\u00e2ce, laissant un sillage de chaleur et de sophistication. C&rsquo;est un parfum qui brille \u00e0 chaque instant, des journ\u00e9es vibrantes aux soir\u00e9es enchanteresses.<\/p>\n<p>Caract\u00e8re: Floral, ambr\u00e9, radieux, \u00e9l\u00e9gant.<br \/>\nOccasion: Parfait pour une utilisation quotidienne ou pour des moments sp\u00e9ciaux qui n\u00e9cessitent une allure intemporelle.<\/p>\n<p>Sa pyramide olfactive :<br \/>\nNote Globale: Floral, Ambr\u00e9<br \/>\nNote de t\u00eate: poire, mandarine, orange | Note de c\u0153ur: jasmin, lavande, fleur d&rsquo;oranger | Note de fond: amande, bois de c\u00e8dre, mousse.<\/p>\n<p><img decoding=\"async\" style=\"width:100px;height:100px;margin-top:20px;\" alt=\"Divine Parfum Femmes 75ml. | Le Parfum de France\" src=\"\/wp-content\/uploads\/2022\/03\/cropped-LPDF_RoundIcon-1.png\" width=\"100px;\" height=\"100px;\" \/><\/p>\n<p><strong>Le Parfum de France est vendu directement par <a title=\"Le Parfum de France on Amazon\" href=\"https:\/\/www.amazon.fr\/stores\/LE+PARFUM+DE+FRANCE\/page\/AB21AF9C-82FA-4C78-A34A-5AE3A6D5226A?ref_=ast_bln\" target=\"_blank\" rel=\"noopener\">Amazon<\/a>.<\/p>\n","protected":false},"excerpt":{"rendered":"<p class=\"proddesc\">Parfum Floral \/ Ambr\u00e9 <br \/>\n<a href=\"https:\/\/leparfumdefrance.com\/fr\/categorie-produit\/parfums-femmes\/\">Eau de Toilette pour Femmes<\/a><\/p>\n","protected":false},"featured_media":110661,"template":"","meta":{"_et_pb_use_builder":"off","_et_pb_old_content":"Blue c\u00e9leste, la tendresse estivale sous les arbres fruitiers\u2026\r\n\r\nLa fragrance parfaite d\u2019une femme l\u00e9g\u00e8re, sensuelle dans la douceur de l\u2019\u00e9t\u00e9. La fraicheur des agrumes, avec ses notes de bergamote et de mandarine, se marie avec tendresse aux po\u00e9tiques parfums du jasmin et de la rose. Cette po\u00e9sie s\u2019\u00e9tire sur des notes d\u00e9licatement bois\u00e9es d\u2019ambre et de musc voluptueux. Un parfum qui sublime la volupt\u00e9 naturelle d\u2019une femme romantique et admir\u00e9e.\r\n\r\nSon univers\u00a0:\r\nUn ciel d\u2019un bleu envoutant, sur lequel se d\u00e9coupe la blancheur du paysage Grec de Santorin. \u00c0 l\u2019ombre des mandariniers, les joues ros\u00e9es par le soleil sous lequel il fait bon se pr\u00e9lasser, la lumi\u00e8re danse sur la peau sal\u00e9e d\u2019une belle endormie, apr\u00e8s une baignade \u00e0 la mer.... Telle une jeune femme sortie des pages d\u2019un livre, d\u2019une tendre romance d\u2019\u00e9t\u00e9, le simple fait de poser les yeux sur elle fait r\u00eaver aux d\u00e9esses grecques d\u2019un autre temps, \u00e0 Aphrodite et son \u00e9ternelle beaut\u00e9. Blue c\u00e9leste est n\u00e9 de cette beaut\u00e9.","_et_gb_content_width":""},"product_brand":[],"product_cat":[51],"product_tag":[66],"class_list":{"0":"post-110805","1":"product","2":"type-product","3":"status-publish","4":"has-post-thumbnail","6":"product_cat-parfums-femmes","7":"product_tag-new","9":"first","10":"instock","11":"taxable","12":"shipping-taxable","13":"purchasable","14":"product-type-simple"},"_links":{"self":[{"href":"https:\/\/leparfumdefrance.com\/fr\/wp-json\/wp\/v2\/product\/110805","targetHints":{"allow":["GET"]}}],"collection":[{"href":"https:\/\/leparfumdefrance.com\/fr\/wp-json\/wp\/v2\/product"}],"about":[{"href":"https:\/\/leparfumdefrance.com\/fr\/wp-json\/wp\/v2\/types\/product"}],"wp:featuredmedia":[{"embeddable":true,"href":"https:\/\/leparfumdefrance.com\/fr\/wp-json\/wp\/v2\/media\/110661"}],"wp:attachment":[{"href":"https:\/\/leparfumdefrance.com\/fr\/wp-json\/wp\/v2\/media?parent=110805"}],"wp:term":[{"taxonomy":"product_brand","embeddable":true,"href":"https:\/\/leparfumdefrance.com\/fr\/wp-json\/wp\/v2\/product_brand?post=110805"},{"taxonomy":"product_cat","embeddable":true,"href":"https:\/\/leparfumdefrance.com\/fr\/wp-json\/wp\/v2\/product_cat?post=110805"},{"taxonomy":"product_tag","embeddable":true,"href":"https:\/\/leparfumdefrance.com\/fr\/wp-json\/wp\/v2\/product_tag?post=110805"}],"curies":[{"name":"wp","href":"https:\/\/api.w.org\/{rel}","templated":true}]}}