{"id":110812,"date":"2022-03-23T14:07:12","date_gmt":"2022-03-23T13:07:12","guid":{"rendered":"https:\/\/leparfumdefrance.com\/homepage\/shop\/non%20class\u00e9\/dragoon\/"},"modified":"2026-03-20T11:50:21","modified_gmt":"2026-03-20T10:50:21","slug":"dragoon","status":"publish","type":"product","link":"https:\/\/leparfumdefrance.com\/fr\/accueil\/boutique\/parfums-hommes\/dragoon\/","title":{"rendered":"Dragoon"},"content":{"rendered":"<h3>Eau de Toilette Dragoon 75ml. pour Hommes par Le Parfum de France<\/h3>\n<p>Dragoon est le symbole de la force et de la s\u00e9duction&#8230;<\/p>\n<p>L&rsquo;homme Dragoon est un homme de force qui sait s&rsquo;appuyer sur sa s\u00e9duction naturelle.<br \/>\nParfum intense, inspir\u00e9 du mythique Dragon, le parfum Dragoon est une r\u00e9f\u00e9rence olfactive rac\u00e9e et explosive pour qui sait la porter. Sa note principale de foug\u00e8re, tr\u00e8s verte et tonique, \u00e9voque le c\u00f4t\u00e9 sauvage et brut de l&rsquo;homme qui le porte mais est vite adoucie par la douceur et le c\u00f4t\u00e9 suave de la lavande et du romarin, une alliance fine et s\u00e9duisante&#8230; Les \u00e9pices en c\u0153ur ram\u00e8nent un c\u00f4t\u00e9 piquant et sophistiqu\u00e9 pour parfaire la note tandis que le patchouli et le v\u00e9tiver viennent adoucir l&rsquo;accord pour une composition parfaite.<\/p>\n<p>Son univers :<br \/>\nDans la mythologie grecque, le dragon (dr\u00e1k\u014dn) est celui qui perce avec ses yeux, celui qui voit. Il est investi par les dieux de la garde des lieux sacr\u00e9s ou des tr\u00e9sors anciens, ce qui fait de lui la force protectrice des secrets cach\u00e9s. Dans les mythes asiatiques, le dragon est a\u00e9rien et n&rsquo;a pas d&rsquo;ailes, il est g\u00e9n\u00e9ralement associ\u00e9 au pouvoir en place de mani\u00e8re symbolique.<\/p>\n<p>Sa pyramide olfactive :<br \/>\nNote globale: Foug\u00e8re | Note de t\u00eate: lavande, romarin | Note de c\u0153ur: cannelle, coriandre | Note de fond: patchouli, v\u00e9tiver.<\/p>\n<p><img decoding=\"async\" style=\"width:100px;height:100px;margin-top:20px;\" alt=\"Dragoon Parfum Hommes 75ml. | Le Parfum de France\" src=\"\/wp-content\/uploads\/2022\/03\/cropped-LPDF_RoundIcon-1.png\" width=\"100px;\" height=\"100px;\" \/><\/p>\n<p><strong>Dragoon Men&rsquo;s Eau de Toilette 75ml. nous est achet\u00e9e et vendue directement par <a href=\"https:\/\/www.amazon.fr\/PARFUM-FRANCE-Dragoon-Toilette-Homme\/dp\/B07P7CZC45\" title=\"Dragoon Men&#039;s Perfume on Amazon\" target=\"_blank\" rel=\"noopener\">Amazon<\/a>.<br \/>\nNot\u00e9 4,2 \u00e9toiles sur 5 avec 46 commentaires &#8211; Class\u00e9 385\u00e8me dans les Eaux de Toilette pour Homme &#8211; Vendu au prix unitaire de 6,99\u20ac + frais de port.<\/strong><\/p>\n","protected":false},"excerpt":{"rendered":"<p class=\"proddesc\">Parfum Foug\u00e8re \/ Aromatique<br \/>\n<a href=\"https:\/\/leparfumdefrance.com\/fr\/categorie-produit\/parfums-hommes\/\">Eau de Toilette pour Hommes<\/a><\/p>\n","protected":false},"featured_media":110549,"template":"","meta":{"_et_pb_use_builder":"off","_et_pb_old_content":"Blue c\u00e9leste, la tendresse estivale sous les arbres fruitiers\u2026\r\n\r\nLa fragrance parfaite d\u2019une femme l\u00e9g\u00e8re, sensuelle dans la douceur de l\u2019\u00e9t\u00e9. La fraicheur des agrumes, avec ses notes de bergamote et de mandarine, se marie avec tendresse aux po\u00e9tiques parfums du jasmin et de la rose. Cette po\u00e9sie s\u2019\u00e9tire sur des notes d\u00e9licatement bois\u00e9es d\u2019ambre et de musc voluptueux. Un parfum qui sublime la volupt\u00e9 naturelle d\u2019une femme romantique et admir\u00e9e.\r\n\r\nSon univers\u00a0:\r\nUn ciel d\u2019un bleu envoutant, sur lequel se d\u00e9coupe la blancheur du paysage Grec de Santorin. \u00c0 l\u2019ombre des mandariniers, les joues ros\u00e9es par le soleil sous lequel il fait bon se pr\u00e9lasser, la lumi\u00e8re danse sur la peau sal\u00e9e d\u2019une belle endormie, apr\u00e8s une baignade \u00e0 la mer.... Telle une jeune femme sortie des pages d\u2019un livre, d\u2019une tendre romance d\u2019\u00e9t\u00e9, le simple fait de poser les yeux sur elle fait r\u00eaver aux d\u00e9esses grecques d\u2019un autre temps, \u00e0 Aphrodite et son \u00e9ternelle beaut\u00e9. Blue c\u00e9leste est n\u00e9 de cette beaut\u00e9.","_et_gb_content_width":""},"product_brand":[],"product_cat":[32],"product_tag":[39],"class_list":{"0":"post-110812","1":"product","2":"type-product","3":"status-publish","4":"has-post-thumbnail","6":"product_cat-men-perfumes","7":"product_tag-best-seller","9":"first","10":"instock","11":"taxable","12":"shipping-taxable","13":"purchasable","14":"product-type-simple"},"_links":{"self":[{"href":"https:\/\/leparfumdefrance.com\/fr\/wp-json\/wp\/v2\/product\/110812","targetHints":{"allow":["GET"]}}],"collection":[{"href":"https:\/\/leparfumdefrance.com\/fr\/wp-json\/wp\/v2\/product"}],"about":[{"href":"https:\/\/leparfumdefrance.com\/fr\/wp-json\/wp\/v2\/types\/product"}],"wp:featuredmedia":[{"embeddable":true,"href":"https:\/\/leparfumdefrance.com\/fr\/wp-json\/wp\/v2\/media\/110549"}],"wp:attachment":[{"href":"https:\/\/leparfumdefrance.com\/fr\/wp-json\/wp\/v2\/media?parent=110812"}],"wp:term":[{"taxonomy":"product_brand","embeddable":true,"href":"https:\/\/leparfumdefrance.com\/fr\/wp-json\/wp\/v2\/product_brand?post=110812"},{"taxonomy":"product_cat","embeddable":true,"href":"https:\/\/leparfumdefrance.com\/fr\/wp-json\/wp\/v2\/product_cat?post=110812"},{"taxonomy":"product_tag","embeddable":true,"href":"https:\/\/leparfumdefrance.com\/fr\/wp-json\/wp\/v2\/product_tag?post=110812"}],"curies":[{"name":"wp","href":"https:\/\/api.w.org\/{rel}","templated":true}]}}