{"id":110825,"date":"2022-03-18T12:10:37","date_gmt":"2022-03-18T11:10:37","guid":{"rendered":"https:\/\/leparfumdefrance.com\/homepage\/shop\/non%20class\u00e9\/epsilon\/"},"modified":"2026-05-06T18:34:48","modified_gmt":"2026-05-06T17:34:48","slug":"epsilon","status":"publish","type":"product","link":"https:\/\/leparfumdefrance.com\/fr\/accueil\/boutique\/parfums-femmes\/epsilon\/","title":{"rendered":"Epsilon"},"content":{"rendered":"<h3>Eau de Toilette Epsilon 75ml. pour Femmes par Le Parfum de France<\/h3>\n<p>Epsilon, l&rsquo;\u00e9l\u00e9gance de la femme suave&#8230;<\/p>\n<p>Le parfum sophistiqu\u00e9 d&rsquo;une femme fatale myst\u00e9rieuse et sensuelle. Les notes riches du pr\u00e9cieux safran se m\u00ealent \u00e0 la touche acidul\u00e9e de la bergamote, soulign\u00e9e par un c\u00f4t\u00e9 l\u00e9g\u00e8rement poivr\u00e9 et la rose envo\u00fbtante. L&rsquo;association du benjoin et du patchouli apporte de la chaleur \u00e0 cet univers oriental suave. Une fragrance qui ne peut que vous conduire vers de nouveaux horizons.<\/p>\n<p>Son univers :<br \/>\nUne nuit enivrante et intemporelle, sous un ciel o\u00f9 brille la lune rouge. Ce parfum caresse la peau de la femme qui le porte comme le satin de sa robe de soir\u00e9e. Un cocktail p\u00e9tillant \u00e0 la main, les yeux perdus dans l&rsquo;horizon, elle suscite l&rsquo;admiration et l&rsquo;envie. Elle r\u00eave de voyage et du bel inconnu qui la transportera dans son palais d&rsquo;Orient, l\u00e0 o\u00f9 les nuits semblent infinies et sans fronti\u00e8res. Sur sa peau, Epsilon a la chaleur d&rsquo;un amant imaginaire et inoubliable.<\/p>\n<p>Sa pyramide olfactive :<br \/>\nNote d&rsquo;ensemble: florale \/ \u00e9pic\u00e9e | Note de t\u00eate: safran, bergamote | Note de c\u0153ur: poivre, rose | Note de fond: benjoin, patchouli<\/p>\n<p><img decoding=\"async\" style=\"width:100px;height:100px;margin-top:20px;\" alt=\"Epsilon Parfum Femmes 75ml. | Le Parfum de France\" src=\"\/wp-content\/uploads\/2022\/03\/cropped-LPDF_RoundIcon-1.png\" width=\"100px;\" height=\"100px;\" \/><\/p>\n<p><strong>L&rsquo;eau de Toilette pour Femme Epsilon 75ml. est achet\u00e9e chez nous et vendue directement par <a title=\"Epsilon Women&#039;s Perfume on Amazon\" href=\"https:\/\/www.amazon.fr\/PARFUM-FRANCE-Epsilon-Toilette-Femme\/dp\/B07P9MR5YY\" target=\"_blank\" rel=\"noopener\">Amazon<\/a>.<br \/>\nNot\u00e9 4,0 sur 5 \u00e9toiles avec 22 commentaires &#8211; Class\u00e9 266\u00e8me dans les Eaux de Toilette pour femmes &#8211; Vendu au prix unitaire de 6,99\u20ac + frais de port.<\/strong><\/p>\n","protected":false},"excerpt":{"rendered":"<p class=\"proddesc\">Parfum Floral \/ \u00c9pic\u00e9 <br \/>\n<a href=\"https:\/\/leparfumdefrance.com\/fr\/categorie-produit\/parfums-femmes\/\">Eau de Toilette pour Femmes<\/a><\/p>\n","protected":false},"featured_media":110470,"template":"","meta":{"_et_pb_use_builder":"off","_et_pb_old_content":"Blue c\u00e9leste, la tendresse estivale sous les arbres fruitiers\u2026\r\n\r\nLa fragrance parfaite d\u2019une femme l\u00e9g\u00e8re, sensuelle dans la douceur de l\u2019\u00e9t\u00e9. La fraicheur des agrumes, avec ses notes de bergamote et de mandarine, se marie avec tendresse aux po\u00e9tiques parfums du jasmin et de la rose. Cette po\u00e9sie s\u2019\u00e9tire sur des notes d\u00e9licatement bois\u00e9es d\u2019ambre et de musc voluptueux. Un parfum qui sublime la volupt\u00e9 naturelle d\u2019une femme romantique et admir\u00e9e.\r\n\r\nSon univers\u00a0:\r\nUn ciel d\u2019un bleu envoutant, sur lequel se d\u00e9coupe la blancheur du paysage Grec de Santorin. \u00c0 l\u2019ombre des mandariniers, les joues ros\u00e9es par le soleil sous lequel il fait bon se pr\u00e9lasser, la lumi\u00e8re danse sur la peau sal\u00e9e d\u2019une belle endormie, apr\u00e8s une baignade \u00e0 la mer.... Telle une jeune femme sortie des pages d\u2019un livre, d\u2019une tendre romance d\u2019\u00e9t\u00e9, le simple fait de poser les yeux sur elle fait r\u00eaver aux d\u00e9esses grecques d\u2019un autre temps, \u00e0 Aphrodite et son \u00e9ternelle beaut\u00e9. Blue c\u00e9leste est n\u00e9 de cette beaut\u00e9.","_et_gb_content_width":""},"product_brand":[],"product_cat":[51],"product_tag":[67],"class_list":{"0":"post-110825","1":"product","2":"type-product","3":"status-publish","4":"has-post-thumbnail","6":"product_cat-parfums-femmes","7":"product_tag-best-seller","9":"first","10":"instock","11":"taxable","12":"shipping-taxable","13":"purchasable","14":"product-type-simple"},"_links":{"self":[{"href":"https:\/\/leparfumdefrance.com\/fr\/wp-json\/wp\/v2\/product\/110825","targetHints":{"allow":["GET"]}}],"collection":[{"href":"https:\/\/leparfumdefrance.com\/fr\/wp-json\/wp\/v2\/product"}],"about":[{"href":"https:\/\/leparfumdefrance.com\/fr\/wp-json\/wp\/v2\/types\/product"}],"wp:featuredmedia":[{"embeddable":true,"href":"https:\/\/leparfumdefrance.com\/fr\/wp-json\/wp\/v2\/media\/110470"}],"wp:attachment":[{"href":"https:\/\/leparfumdefrance.com\/fr\/wp-json\/wp\/v2\/media?parent=110825"}],"wp:term":[{"taxonomy":"product_brand","embeddable":true,"href":"https:\/\/leparfumdefrance.com\/fr\/wp-json\/wp\/v2\/product_brand?post=110825"},{"taxonomy":"product_cat","embeddable":true,"href":"https:\/\/leparfumdefrance.com\/fr\/wp-json\/wp\/v2\/product_cat?post=110825"},{"taxonomy":"product_tag","embeddable":true,"href":"https:\/\/leparfumdefrance.com\/fr\/wp-json\/wp\/v2\/product_tag?post=110825"}],"curies":[{"name":"wp","href":"https:\/\/api.w.org\/{rel}","templated":true}]}}