{"id":110841,"date":"2022-04-06T12:03:59","date_gmt":"2022-04-06T10:03:59","guid":{"rendered":"https:\/\/leparfumdefrance.com\/homepage\/shop\/non%20class\u00e9\/fanny\/"},"modified":"2026-05-06T18:34:47","modified_gmt":"2026-05-06T17:34:47","slug":"fanny","status":"publish","type":"product","link":"https:\/\/leparfumdefrance.com\/fr\/accueil\/boutique\/parfums-femmes\/fanny\/","title":{"rendered":"Fanny"},"content":{"rendered":"<h3>Eau de Toilette Fanny 75ml. pour Femmes par Le Parfum de France<\/h3>\n<p>Moderne. Adulescent. F\u00e9erique&#8230;<\/p>\n<p>Fanny est r\u00e9solument le parfum d&rsquo;une jeune femme moderne et f\u00e9erique, \u00e0 la crois\u00e9e de l&rsquo;adolescence et de l&rsquo;\u00e2ge adulte&#8230;<br \/>\nLe parfum s&rsquo;ouvre sur des notes acidul\u00e9es et rafra\u00eechissantes de citron vert. En c\u0153ur, un bouquet original de pivoine et de pomme pour le c\u00f4t\u00e9 vert et frais, imm\u00e9diatement adouci par la saveur chaude de la praline. En fond, les notes de musc et de c\u00e8dre viennent enrichir et apaiser la composition d\u00e9licatement fruit\u00e9e et sensuellement aromatis\u00e9e de notes gourmandes et addictives.<\/p>\n<p>Son univers :<br \/>\nL&rsquo;enchantement d&rsquo;une f\u00eate foraine tel qu&rsquo;il a \u00e9t\u00e9 v\u00e9cu dans la petite enfance, ces moments magiques de lumi\u00e8res chaudes et color\u00e9es o\u00f9 l&rsquo;on ne sait plus o\u00f9 donner de la t\u00eate tant il y a de choses \u00e0 voir&#8230; Le plaisir de go\u00fbter une pomme d&rsquo;amour, fra\u00eeche et sucr\u00e9e, comme un souvenir de saveurs presque oubli\u00e9es mais toujours intenses. Fanny est le parfum moderne des saveurs de l&rsquo;enfance.<\/p>\n<p>Sa pyramide olfactive :<br \/>\nNote d&rsquo;ensemble : Floral, fruit\u00e9 | Note de t\u00eate: citron | Note de c\u0153ur: pivoine, pomme, praline | Note de fond: musc, c\u00e8dre.<\/p>\n<p><img decoding=\"async\" style=\"width:100px;height:100px;margin-top:20px;\" alt=\"Fanny Parfum Femmes 75ml. | Le Parfum de France\" src=\"\/wp-content\/uploads\/2022\/03\/cropped-LPDF_RoundIcon-1.png\" width=\"100px;\" height=\"100px;\" \/><\/p>\n<p><strong>L&rsquo;Eau de Toilette pour Femme Fanny 75ml. est achet\u00e9e chez nous et vendue directement par <a href=\"https:\/\/www.amazon.fr\/PARFUM-FRANCE-Fanny-Toilette-Femme\/dp\/B07P9MR6K2\" title=\"Fanny Parfum Femmes sur Amazon\" target=\"_blank\" rel=\"noopener\">Amazon<\/a>.<br \/>\nNot\u00e9 4,2 \u00e9toiles sur 5 avec 38 commentaires &#8211; Class\u00e9 530\u00e8me dans les Eaux de Toilette pour femmes &#8211; Vendu au prix unitaire de 5,99\u20ac + frais de port.<\/strong><\/p>\n","protected":false},"excerpt":{"rendered":"<p class=\"proddesc\">Parfum Floral \/ Fruit\u00e9 <br \/>\n<a href=\"https:\/\/leparfumdefrance.com\/fr\/categorie-produit\/parfums-femmes\/\">Eau de Toilette pour Femmes<\/a><\/p>\n","protected":false},"featured_media":110571,"template":"","meta":{"_et_pb_use_builder":"off","_et_pb_old_content":"Blue c\u00e9leste, la tendresse estivale sous les arbres fruitiers\u2026\r\n\r\nLa fragrance parfaite d\u2019une femme l\u00e9g\u00e8re, sensuelle dans la douceur de l\u2019\u00e9t\u00e9. La fraicheur des agrumes, avec ses notes de bergamote et de mandarine, se marie avec tendresse aux po\u00e9tiques parfums du jasmin et de la rose. Cette po\u00e9sie s\u2019\u00e9tire sur des notes d\u00e9licatement bois\u00e9es d\u2019ambre et de musc voluptueux. Un parfum qui sublime la volupt\u00e9 naturelle d\u2019une femme romantique et admir\u00e9e.\r\n\r\nSon univers\u00a0:\r\nUn ciel d\u2019un bleu envoutant, sur lequel se d\u00e9coupe la blancheur du paysage Grec de Santorin. \u00c0 l\u2019ombre des mandariniers, les joues ros\u00e9es par le soleil sous lequel il fait bon se pr\u00e9lasser, la lumi\u00e8re danse sur la peau sal\u00e9e d\u2019une belle endormie, apr\u00e8s une baignade \u00e0 la mer.... Telle une jeune femme sortie des pages d\u2019un livre, d\u2019une tendre romance d\u2019\u00e9t\u00e9, le simple fait de poser les yeux sur elle fait r\u00eaver aux d\u00e9esses grecques d\u2019un autre temps, \u00e0 Aphrodite et son \u00e9ternelle beaut\u00e9. Blue c\u00e9leste est n\u00e9 de cette beaut\u00e9.","_et_gb_content_width":""},"product_brand":[],"product_cat":[51],"product_tag":[],"class_list":{"0":"post-110841","1":"product","2":"type-product","3":"status-publish","4":"has-post-thumbnail","6":"product_cat-parfums-femmes","8":"first","9":"instock","10":"taxable","11":"shipping-taxable","12":"purchasable","13":"product-type-simple"},"_links":{"self":[{"href":"https:\/\/leparfumdefrance.com\/fr\/wp-json\/wp\/v2\/product\/110841","targetHints":{"allow":["GET"]}}],"collection":[{"href":"https:\/\/leparfumdefrance.com\/fr\/wp-json\/wp\/v2\/product"}],"about":[{"href":"https:\/\/leparfumdefrance.com\/fr\/wp-json\/wp\/v2\/types\/product"}],"wp:featuredmedia":[{"embeddable":true,"href":"https:\/\/leparfumdefrance.com\/fr\/wp-json\/wp\/v2\/media\/110571"}],"wp:attachment":[{"href":"https:\/\/leparfumdefrance.com\/fr\/wp-json\/wp\/v2\/media?parent=110841"}],"wp:term":[{"taxonomy":"product_brand","embeddable":true,"href":"https:\/\/leparfumdefrance.com\/fr\/wp-json\/wp\/v2\/product_brand?post=110841"},{"taxonomy":"product_cat","embeddable":true,"href":"https:\/\/leparfumdefrance.com\/fr\/wp-json\/wp\/v2\/product_cat?post=110841"},{"taxonomy":"product_tag","embeddable":true,"href":"https:\/\/leparfumdefrance.com\/fr\/wp-json\/wp\/v2\/product_tag?post=110841"}],"curies":[{"name":"wp","href":"https:\/\/api.w.org\/{rel}","templated":true}]}}