{"id":110844,"date":"2025-06-05T13:26:59","date_gmt":"2025-06-05T12:26:59","guid":{"rendered":"https:\/\/leparfumdefrance.com\/homepage\/shop\/non%20class\u00e9\/heroic\/"},"modified":"2026-04-01T08:21:02","modified_gmt":"2026-04-01T07:21:02","slug":"heroic","status":"publish","type":"product","link":"https:\/\/leparfumdefrance.com\/fr\/accueil\/boutique\/parfums-hommes\/heroic\/","title":{"rendered":"Heroic"},"content":{"rendered":"<h3>Eau de Toilette Heroic 75ml. pour Hommes par Le Parfum de France<\/h3>\n<p>Heroic est un parfum foug\u00e8re captivant qui allie l&rsquo;\u00e9clat fruit\u00e9 et la chaleur bois\u00e9e, incarnant l&rsquo;essence d&rsquo;un homme moderne \u00e0 la fois audacieux et charismatique. Il s&rsquo;ouvre sur une explosion fra\u00eeche et vivifiante, o\u00f9 le piquant du pamplemousse se m\u00eale \u00e0 la fra\u00eecheur aromatique de la lavande, accentu\u00e9e par la chaleur et le piquant de la cardamome. Cette introduction vive stimule les sens, exhalant une confiance et un charme sans effort.<\/p>\n<p>En son c\u0153ur, le parfum se d\u00e9ploie en un m\u00e9lange raffin\u00e9 et dynamique. La profondeur herbac\u00e9e et terreuse de la sauge s&rsquo;harmonise avec la vivacit\u00e9 florale du g\u00e9ranium, tandis que la nuance \u00e9pic\u00e9e et sucr\u00e9e de l&rsquo;\u0153illet ajoute une touche de sophistication audacieuse, cr\u00e9ant un c\u0153ur qui \u00e9quilibre la force et l&rsquo;\u00e9l\u00e9gance.<\/p>\n<p>La base s&rsquo;installe dans un sillage riche et enveloppant qui persiste avec une chaleur magn\u00e9tique. La richesse cr\u00e9meuse et noiset\u00e9e de la ch\u00e2taigne apporte une profondeur unique et r\u00e9confortante, tandis que la douceur velout\u00e9e de la vanille ajoute une touche d&rsquo;allure indulgente. L&rsquo;ambre, avec son \u00e9clat r\u00e9sineux et dor\u00e9, ancre le parfum, laissant un sillage \u00e0 la fois puissant et irr\u00e9sistiblement invitant.<\/p>\n<p>Heroic est le parfum d&rsquo;un homme qui embrasse sa force int\u00e9rieure avec chaleur et charisme, rendant chaque moment inoubliable. C&rsquo;est un parfum qui brille dans n&rsquo;importe quel contexte, des activit\u00e9s diurnes vibrantes aux soir\u00e9es intimes.<\/p>\n<p>Caract\u00e8re: Foug\u00e8re, fruit\u00e9, bois\u00e9, charismatique, chaleureux.<br \/>\nOccasion: Parfait pour l&rsquo;homme moderne qui respire la confiance et le charme, de jour comme de nuit.<\/p>\n<p>Sa pyramide olfactive:<br \/>\nNote d&rsquo;ensemble: Foug\u00e8re, Fruit\u00e9, Bois\u00e9<br \/>\nNote de t\u00eate: pamplemousse, lavande, cardamome | Note de c\u0153ur: sauge, g\u00e9ranium, \u0153illet | Note de fond: ch\u00e2taigne, vanille, ambre.<\/p>\n<p><img decoding=\"async\" style=\"width:100px;height:100px;margin-top:20px;\" alt=\"Heroic Parfum Hommes 75ml. | Le Parfum de France\" src=\"\/wp-content\/uploads\/2022\/03\/cropped-LPDF_RoundIcon-1.png\" width=\"100px;\" height=\"100px;\" \/><\/p>\n<p><strong>Le Parfum de France est vendu directement par <a title=\"Le Parfum de France sur Amazon\" href=\"https:\/\/www.amazon.fr\/stores\/LE+PARFUM+DE+FRANCE\/page\/AB21AF9C-82FA-4C78-A34A-5AE3A6D5226A?ref_=ast_bln\" target=\"_blank\" rel=\"noopener\">Amazon<\/a>.<\/p>\n","protected":false},"excerpt":{"rendered":"<p class=\"proddesc\">Parfum Foug\u00e8re \/ Fruit\u00e9 \/ Bois\u00e9<br \/>\n<a href=\"https:\/\/leparfumdefrance.com\/fr\/categorie-produit\/parfums-hommes\/\">Eau de Toilette pour Hommes<\/a><\/p>\n","protected":false},"featured_media":110683,"template":"","meta":{"_et_pb_use_builder":"off","_et_pb_old_content":"Blue c\u00e9leste, la tendresse estivale sous les arbres fruitiers\u2026\r\n\r\nLa fragrance parfaite d\u2019une femme l\u00e9g\u00e8re, sensuelle dans la douceur de l\u2019\u00e9t\u00e9. La fraicheur des agrumes, avec ses notes de bergamote et de mandarine, se marie avec tendresse aux po\u00e9tiques parfums du jasmin et de la rose. Cette po\u00e9sie s\u2019\u00e9tire sur des notes d\u00e9licatement bois\u00e9es d\u2019ambre et de musc voluptueux. Un parfum qui sublime la volupt\u00e9 naturelle d\u2019une femme romantique et admir\u00e9e.\r\n\r\nSon univers\u00a0:\r\nUn ciel d\u2019un bleu envoutant, sur lequel se d\u00e9coupe la blancheur du paysage Grec de Santorin. \u00c0 l\u2019ombre des mandariniers, les joues ros\u00e9es par le soleil sous lequel il fait bon se pr\u00e9lasser, la lumi\u00e8re danse sur la peau sal\u00e9e d\u2019une belle endormie, apr\u00e8s une baignade \u00e0 la mer.... Telle une jeune femme sortie des pages d\u2019un livre, d\u2019une tendre romance d\u2019\u00e9t\u00e9, le simple fait de poser les yeux sur elle fait r\u00eaver aux d\u00e9esses grecques d\u2019un autre temps, \u00e0 Aphrodite et son \u00e9ternelle beaut\u00e9. Blue c\u00e9leste est n\u00e9 de cette beaut\u00e9.","_et_gb_content_width":""},"product_brand":[],"product_cat":[32],"product_tag":[38],"class_list":{"0":"post-110844","1":"product","2":"type-product","3":"status-publish","4":"has-post-thumbnail","6":"product_cat-men-perfumes","7":"product_tag-new","9":"first","10":"instock","11":"taxable","12":"shipping-taxable","13":"purchasable","14":"product-type-simple"},"_links":{"self":[{"href":"https:\/\/leparfumdefrance.com\/fr\/wp-json\/wp\/v2\/product\/110844","targetHints":{"allow":["GET"]}}],"collection":[{"href":"https:\/\/leparfumdefrance.com\/fr\/wp-json\/wp\/v2\/product"}],"about":[{"href":"https:\/\/leparfumdefrance.com\/fr\/wp-json\/wp\/v2\/types\/product"}],"wp:featuredmedia":[{"embeddable":true,"href":"https:\/\/leparfumdefrance.com\/fr\/wp-json\/wp\/v2\/media\/110683"}],"wp:attachment":[{"href":"https:\/\/leparfumdefrance.com\/fr\/wp-json\/wp\/v2\/media?parent=110844"}],"wp:term":[{"taxonomy":"product_brand","embeddable":true,"href":"https:\/\/leparfumdefrance.com\/fr\/wp-json\/wp\/v2\/product_brand?post=110844"},{"taxonomy":"product_cat","embeddable":true,"href":"https:\/\/leparfumdefrance.com\/fr\/wp-json\/wp\/v2\/product_cat?post=110844"},{"taxonomy":"product_tag","embeddable":true,"href":"https:\/\/leparfumdefrance.com\/fr\/wp-json\/wp\/v2\/product_tag?post=110844"}],"curies":[{"name":"wp","href":"https:\/\/api.w.org\/{rel}","templated":true}]}}