{"id":110846,"date":"2025-06-05T11:39:55","date_gmt":"2025-06-05T10:39:55","guid":{"rendered":"https:\/\/leparfumdefrance.com\/homepage\/shop\/non%20class\u00e9\/iconic\/"},"modified":"2026-03-23T17:25:53","modified_gmt":"2026-03-23T16:25:53","slug":"iconic","status":"publish","type":"product","link":"https:\/\/leparfumdefrance.com\/fr\/accueil\/boutique\/parfums-femmes\/iconic\/","title":{"rendered":"Iconic"},"content":{"rendered":"<h3>Eau de Toilette Iconic 75ml. pour Femmes par Le Parfum de France<\/h3>\n<p>Iconic est un parfum chypr\u00e9 captivant qui incarne l&rsquo;essence d&rsquo;une femme \u00e0 la fois intemporelle et audacieuse, laissant une marque inoubliable partout o\u00f9 elle va. Il s&rsquo;ouvre sur un \u00e9clat vibrant et effervescent, o\u00f9 le zeste p\u00e9tillant de la mandarine se m\u00eale \u00e0 l&rsquo;allure acidul\u00e9e et juteuse du cassis et \u00e0 la douceur succulente de la poire. Cette note de t\u00eate radieuse \u00e9voque une \u00e9nergie audacieuse et invitante, ouvrant la voie \u00e0 un voyage d&rsquo;\u00e9l\u00e9gance et de force.<\/p>\n<p>En son c\u0153ur, Iconic se d\u00e9ploie en un bouquet floral \u00e0 la fois d\u00e9licat et puissant. La puret\u00e9 cristalline du muguet lui conf\u00e8re une gr\u00e2ce fra\u00eeche et \u00e9th\u00e9r\u00e9e, tandis que l&rsquo;opulence romantique de la rose et la sophistication poudr\u00e9e de la violette cr\u00e9ent un m\u00e9lange harmonieux qui exsude une f\u00e9minit\u00e9 raffin\u00e9e avec une touche de modernit\u00e9.<\/p>\n<p>Le fond est une base chaude et sensuelle qui ancre le parfum dans une allure durable. Le musc velout\u00e9 enveloppe les sens de sa chaleur douce, semblable \u00e0 celle de la peau, tandis que la douceur riche et cr\u00e9meuse de la vanille bourbon ajoute une touche de luxe indulgent. Le patchouli, avec sa profondeur terreuse et l\u00e9g\u00e8rement fum\u00e9e, fonde la composition, lui insufflant une \u00e9l\u00e9gance chypr\u00e9e audacieuse qui persiste longtemps apr\u00e8s le premier pschitt.<\/p>\n<p>Iconic est le parfum d&rsquo;une femme qui d\u00e9finit son propre h\u00e9ritage &#8211; confiante, sophistiqu\u00e9e et m\u00e9morable sans effort. Inspir\u00e9 par l&rsquo;esprit \u00e0 la fois f\u00e9roce et raffin\u00e9 de Libre Intense, c&rsquo;est un parfum qui attire l&rsquo;attention tout en embrassant une gr\u00e2ce intemporelle.<\/p>\n<p>Caract\u00e8re: Chypre, \u00e9l\u00e9gant, audacieux, intemporel.<br \/>\nOccasion: Id\u00e9al pour les moments qui demandent de l&rsquo;assurance et de la pr\u00e9sence, de la sophistication de la journ\u00e9e \u00e0 la grandeur de la soir\u00e9e.<\/p>\n<p>Sa pyramide olfactive:<br \/>\nNote globale: Chypre<br \/>\nNote de t\u00eate: Mandarine, Cassis, Poire | Note de c\u0153ur: Muguet, Rose, Violette | Note de fond: Musc, Vanille Bourbon, Patchouli<\/p>\n<p><img decoding=\"async\" style=\"width:100px;height:100px;margin-top:20px;\" alt=\"Iconic Parfum Femmes 75ml. | Le Parfum de France\" src=\"\/wp-content\/uploads\/2022\/03\/cropped-LPDF_RoundIcon-1.png\" width=\"100px;\" height=\"100px;\" \/><\/p>\n<p><strong>Le Parfum de France est vendu directement par <a title=\"Le Parfum de France sur Amazon\" href=\"https:\/\/www.amazon.fr\/stores\/LE+PARFUM+DE+FRANCE\/page\/AB21AF9C-82FA-4C78-A34A-5AE3A6D5226A?ref_=ast_bln\" target=\"_blank\" rel=\"noopener\">Amazon<\/a>.<\/p>\n","protected":false},"excerpt":{"rendered":"<p class=\"proddesc\">Parfum Chypr\u00e9<br \/>\n<a href=\"https:\/\/leparfumdefrance.com\/fr\/categorie-produit\/parfums-femmes\/\">Eau de Toilette pour Femmes<\/a><\/p>\n","protected":false},"featured_media":110667,"template":"","meta":{"_et_pb_use_builder":"off","_et_pb_old_content":"Blue c\u00e9leste, la tendresse estivale sous les arbres fruitiers\u2026\r\n\r\nLa fragrance parfaite d\u2019une femme l\u00e9g\u00e8re, sensuelle dans la douceur de l\u2019\u00e9t\u00e9. La fraicheur des agrumes, avec ses notes de bergamote et de mandarine, se marie avec tendresse aux po\u00e9tiques parfums du jasmin et de la rose. Cette po\u00e9sie s\u2019\u00e9tire sur des notes d\u00e9licatement bois\u00e9es d\u2019ambre et de musc voluptueux. Un parfum qui sublime la volupt\u00e9 naturelle d\u2019une femme romantique et admir\u00e9e.\r\n\r\nSon univers\u00a0:\r\nUn ciel d\u2019un bleu envoutant, sur lequel se d\u00e9coupe la blancheur du paysage Grec de Santorin. \u00c0 l\u2019ombre des mandariniers, les joues ros\u00e9es par le soleil sous lequel il fait bon se pr\u00e9lasser, la lumi\u00e8re danse sur la peau sal\u00e9e d\u2019une belle endormie, apr\u00e8s une baignade \u00e0 la mer.... Telle une jeune femme sortie des pages d\u2019un livre, d\u2019une tendre romance d\u2019\u00e9t\u00e9, le simple fait de poser les yeux sur elle fait r\u00eaver aux d\u00e9esses grecques d\u2019un autre temps, \u00e0 Aphrodite et son \u00e9ternelle beaut\u00e9. Blue c\u00e9leste est n\u00e9 de cette beaut\u00e9.","_et_gb_content_width":""},"product_brand":[],"product_cat":[31],"product_tag":[38],"class_list":{"0":"post-110846","1":"product","2":"type-product","3":"status-publish","4":"has-post-thumbnail","6":"product_cat-women-perfumes","7":"product_tag-new","9":"first","10":"instock","11":"taxable","12":"shipping-taxable","13":"purchasable","14":"product-type-simple"},"_links":{"self":[{"href":"https:\/\/leparfumdefrance.com\/fr\/wp-json\/wp\/v2\/product\/110846","targetHints":{"allow":["GET"]}}],"collection":[{"href":"https:\/\/leparfumdefrance.com\/fr\/wp-json\/wp\/v2\/product"}],"about":[{"href":"https:\/\/leparfumdefrance.com\/fr\/wp-json\/wp\/v2\/types\/product"}],"wp:featuredmedia":[{"embeddable":true,"href":"https:\/\/leparfumdefrance.com\/fr\/wp-json\/wp\/v2\/media\/110667"}],"wp:attachment":[{"href":"https:\/\/leparfumdefrance.com\/fr\/wp-json\/wp\/v2\/media?parent=110846"}],"wp:term":[{"taxonomy":"product_brand","embeddable":true,"href":"https:\/\/leparfumdefrance.com\/fr\/wp-json\/wp\/v2\/product_brand?post=110846"},{"taxonomy":"product_cat","embeddable":true,"href":"https:\/\/leparfumdefrance.com\/fr\/wp-json\/wp\/v2\/product_cat?post=110846"},{"taxonomy":"product_tag","embeddable":true,"href":"https:\/\/leparfumdefrance.com\/fr\/wp-json\/wp\/v2\/product_tag?post=110846"}],"curies":[{"name":"wp","href":"https:\/\/api.w.org\/{rel}","templated":true}]}}