{"id":110847,"date":"2025-06-05T11:44:03","date_gmt":"2025-06-05T10:44:03","guid":{"rendered":"https:\/\/leparfumdefrance.com\/homepage\/shop\/non%20class\u00e9\/illicit-love\/"},"modified":"2026-05-06T18:34:48","modified_gmt":"2026-05-06T17:34:48","slug":"illicit-love","status":"publish","type":"product","link":"https:\/\/leparfumdefrance.com\/fr\/accueil\/boutique\/parfums-femmes\/illicit-love\/","title":{"rendered":"Illicit Love"},"content":{"rendered":"<h3>Eau de Toilette Illicit Love 75ml. pour Femmes par Le Parfum de France<\/h3>\n<p>Illicit Love est un parfum floral ambr\u00e9 envo\u00fbtant qui capture l&rsquo;allure enivrante de la passion interdite, m\u00ealant une sensualit\u00e9 audacieuse \u00e0 une sophistication \u00e9l\u00e9gante. Il s&rsquo;ouvre sur un \u00e9clat vibrant et inattendu, o\u00f9 l&rsquo;\u00e9tincelle ardente du gingembre s&rsquo;enflamme aux c\u00f4t\u00e9s de la douceur juteuse de la poire et de la douceur luxuriante et tropicale de la banane. Cette introduction audacieuse et intrigante donne un ton provocateur, entra\u00eenant les sens dans un monde de tentation.<\/p>\n<p>En son c\u0153ur, la fragrance s&rsquo;\u00e9panouit en un bouquet floral radieux et opulent. La richesse capiteuse du jasmin se m\u00eale \u00e0 la chaleur lumineuse et mielleuse de la fleur d&rsquo;oranger et \u00e0 la d\u00e9cadence cr\u00e9meuse de la tub\u00e9reuse, cr\u00e9ant un m\u00e9lange captivant qui respire l&rsquo;allure f\u00e9minine et l&rsquo;\u00e9l\u00e9gance sans retenue.<\/p>\n<p>La base se d\u00e9ploie en un sillage chaud et \u00e9nigmatique qui persiste comme un secret chuchot\u00e9. Le patchouli terreux apporte une richesse profonde et ancr\u00e9e, tandis que la profondeur fum\u00e9e et r\u00e9sineuse de l&rsquo;encens ajoute une touche myst\u00e9rieuse. La vanille, avec sa douceur velout\u00e9e, enveloppe la composition d&rsquo;une \u00e9treinte sensuelle, laissant un sillage \u00e0 la fois s\u00e9duisant et inoubliable.<\/p>\n<p>Illicit Love est le parfum d&rsquo;une femme qui embrasse ses d\u00e9sirs avec une gr\u00e2ce intr\u00e9pide, rayonnant de confiance et de myst\u00e8re. C&rsquo;est un parfum qui transforme chaque instant en une \u00e9chapp\u00e9e enivrante, des soir\u00e9es sulfureuses aux rencontres audacieuses de la journ\u00e9e.<\/p>\n<p>Caract\u00e8re: Floral, ambr\u00e9, sensuel, myst\u00e9rieux.<br \/>\nOccasion: Parfait pour les moments qui exigent une \u00e9l\u00e9gance audacieuse et une allure captivante, de jour comme de nuit.<\/p>\n<p>Sa pyramide olfactive:<br \/>\nNote globale: Floral, Ambr\u00e9<br \/>\nNote de t\u00eate: gingembre, poire, banane | Note de c\u0153ur: jasmin, fleur d&rsquo;oranger, tub\u00e9reuse | Note de fond: patchouli, encens, vanille.<\/p>\n<p><img decoding=\"async\" style=\"width:100px;height:100px;margin-top:20px;\" alt=\"Illicit Love Parfum Femmes 75ml. | Le Parfum de France\" src=\"\/wp-content\/uploads\/2022\/03\/cropped-LPDF_RoundIcon-1.png\" width=\"100px;\" height=\"100px;\" \/><\/p>\n<p><strong>Le Parfum de France est vendu directement par <a title=\"Le Parfum de France sur Amazon\" href=\"https:\/\/www.amazon.fr\/stores\/LE+PARFUM+DE+FRANCE\/page\/AB21AF9C-82FA-4C78-A34A-5AE3A6D5226A?ref_=ast_bln\" target=\"_blank\" rel=\"noopener\">Amazon<\/a>.<\/p>\n","protected":false},"excerpt":{"rendered":"<p class=\"proddesc\">Parfum Floral \/ Ambr\u00e9<br \/>\n<a href=\"https:\/\/leparfumdefrance.com\/fr\/categorie-produit\/parfums-femmes\/\">Eau de Toilette pour Femmes<\/a><\/p>\n","protected":false},"featured_media":110671,"template":"","meta":{"_et_pb_use_builder":"off","_et_pb_old_content":"Blue c\u00e9leste, la tendresse estivale sous les arbres fruitiers\u2026\r\n\r\nLa fragrance parfaite d\u2019une femme l\u00e9g\u00e8re, sensuelle dans la douceur de l\u2019\u00e9t\u00e9. La fraicheur des agrumes, avec ses notes de bergamote et de mandarine, se marie avec tendresse aux po\u00e9tiques parfums du jasmin et de la rose. Cette po\u00e9sie s\u2019\u00e9tire sur des notes d\u00e9licatement bois\u00e9es d\u2019ambre et de musc voluptueux. Un parfum qui sublime la volupt\u00e9 naturelle d\u2019une femme romantique et admir\u00e9e.\r\n\r\nSon univers\u00a0:\r\nUn ciel d\u2019un bleu envoutant, sur lequel se d\u00e9coupe la blancheur du paysage Grec de Santorin. \u00c0 l\u2019ombre des mandariniers, les joues ros\u00e9es par le soleil sous lequel il fait bon se pr\u00e9lasser, la lumi\u00e8re danse sur la peau sal\u00e9e d\u2019une belle endormie, apr\u00e8s une baignade \u00e0 la mer.... Telle une jeune femme sortie des pages d\u2019un livre, d\u2019une tendre romance d\u2019\u00e9t\u00e9, le simple fait de poser les yeux sur elle fait r\u00eaver aux d\u00e9esses grecques d\u2019un autre temps, \u00e0 Aphrodite et son \u00e9ternelle beaut\u00e9. Blue c\u00e9leste est n\u00e9 de cette beaut\u00e9.","_et_gb_content_width":""},"product_brand":[],"product_cat":[51],"product_tag":[66],"class_list":{"0":"post-110847","1":"product","2":"type-product","3":"status-publish","4":"has-post-thumbnail","6":"product_cat-parfums-femmes","7":"product_tag-new","9":"first","10":"instock","11":"taxable","12":"shipping-taxable","13":"purchasable","14":"product-type-simple"},"_links":{"self":[{"href":"https:\/\/leparfumdefrance.com\/fr\/wp-json\/wp\/v2\/product\/110847","targetHints":{"allow":["GET"]}}],"collection":[{"href":"https:\/\/leparfumdefrance.com\/fr\/wp-json\/wp\/v2\/product"}],"about":[{"href":"https:\/\/leparfumdefrance.com\/fr\/wp-json\/wp\/v2\/types\/product"}],"wp:featuredmedia":[{"embeddable":true,"href":"https:\/\/leparfumdefrance.com\/fr\/wp-json\/wp\/v2\/media\/110671"}],"wp:attachment":[{"href":"https:\/\/leparfumdefrance.com\/fr\/wp-json\/wp\/v2\/media?parent=110847"}],"wp:term":[{"taxonomy":"product_brand","embeddable":true,"href":"https:\/\/leparfumdefrance.com\/fr\/wp-json\/wp\/v2\/product_brand?post=110847"},{"taxonomy":"product_cat","embeddable":true,"href":"https:\/\/leparfumdefrance.com\/fr\/wp-json\/wp\/v2\/product_cat?post=110847"},{"taxonomy":"product_tag","embeddable":true,"href":"https:\/\/leparfumdefrance.com\/fr\/wp-json\/wp\/v2\/product_tag?post=110847"}],"curies":[{"name":"wp","href":"https:\/\/api.w.org\/{rel}","templated":true}]}}