{"id":110851,"date":"2022-03-22T11:19:27","date_gmt":"2022-03-22T10:19:27","guid":{"rendered":"https:\/\/leparfumdefrance.com\/homepage\/shop\/non%20class\u00e9\/l-or\/"},"modified":"2026-05-06T21:38:54","modified_gmt":"2026-05-06T20:38:54","slug":"l-or","status":"publish","type":"product","link":"https:\/\/leparfumdefrance.com\/fr\/accueil\/boutique\/parfums-femmes\/l-or\/","title":{"rendered":"L&rsquo;Or"},"content":{"rendered":"<h3>Eau de Toilette L&rsquo;Or 75ml. pour Femmes par Le Parfum de France<\/h3>\n<p>Un bouquet nich\u00e9 au creux du cou&#8230;<\/p>\n<p>Comme la femme qui le porte, le parfum est pr\u00e9cieux et raffin\u00e9. Comme un bouquet d\u00e9licatement parfum\u00e9, la splendeur de la violette, du champaca, de la rose et de l&rsquo;orchid\u00e9e s&rsquo;associent pour cr\u00e9er une fragrance florale et s\u00e9duisante. D\u00e9licieusement sucr\u00e9es, la vanille, la m\u00fbre et la prune se m\u00ealent \u00e0 ces notes uniques, soulign\u00e9es par la richesse de l&rsquo;envo\u00fbtant musc blanc.<\/p>\n<p>Son univers :<br \/>\nL&rsquo;Italie, sur les rives du lac de C\u00f4me. Un jardin printanier aux couleurs pastel, digne d&rsquo;une toile de peintre impressionniste. On y aper\u00e7oit de d\u00e9licats massifs de roses et des fleurs d&rsquo;ailleurs, au parfum riche, synonyme d&rsquo;amour et de beaut\u00e9. Entre les all\u00e9es, une silhouette aux cheveux d&rsquo;or se prom\u00e8ne, un foulard de soie nou\u00e9 autour du cou, presque d&rsquo;une autre \u00e9poque. Elle est celle dont tout le monde tomberait amoureux d&rsquo;un seul regard, d&rsquo;une seule odeur de son parfum unique&#8230; L&rsquo;Or brille sur sa peau, comme une merveilleuse parure.<\/p>\n<p>Sa pyramide olfactive:<br \/>\nNote d&rsquo;ensemble: Fruit\u00e9 \/ Floral | Note de t\u00eate: Violette, Champaca | Note de c\u0153ur: Rose, Orchid\u00e9e, Prune | Note de fond: Vanille, M\u00fbre, Musc blanc.<\/p>\n<p><img decoding=\"async\" style=\"width:100px;height:100px;margin-top:20px;\" alt=\"L'Or Parfum Femmes 75ml. | Le Parfum de France\" src=\"\/wp-content\/uploads\/2022\/03\/cropped-LPDF_RoundIcon-1.png\" width=\"100px;\" height=\"100px;\" \/><\/p>\n<p><strong>L&rsquo;eau de Toilette pour Femme L&rsquo;Or 75ml. est achet\u00e9 chez nous et est vendu directement par <a href=\"https:\/\/www.amazon.fr\/PARFUM-FRANCE-LOr-Toilette-Femme\/dp\/B07PCTYL86\" title=\"L&#039;Or Women&#039;s Perfume sur Amazon\" target=\"_blank\" rel=\"noopener\">Amazon<\/a>.<br \/>\nNot\u00e9 3,5 \u00e9toiles sur 5 avec 26 commentaires &#8211; Class\u00e9 126\u00e8me dans les Eaux de Toilette pour femmes &#8211; Vendu au prix unitaire de 5,99\u20ac + frais de port.<\/strong><\/p>\n","protected":false},"excerpt":{"rendered":"<p class=\"proddesc\">Parfum Fruit\u00e9 \/ Floral<br \/>\n<a href=\"https:\/\/leparfumdefrance.com\/fr\/categorie-produit\/parfums-femmes\/\">Eau de Toilette pour Femmes<\/a><\/p>\n","protected":false},"featured_media":110511,"template":"","meta":{"_et_pb_use_builder":"off","_et_pb_old_content":"Blue c\u00e9leste, la tendresse estivale sous les arbres fruitiers\u2026\r\n\r\nLa fragrance parfaite d\u2019une femme l\u00e9g\u00e8re, sensuelle dans la douceur de l\u2019\u00e9t\u00e9. La fraicheur des agrumes, avec ses notes de bergamote et de mandarine, se marie avec tendresse aux po\u00e9tiques parfums du jasmin et de la rose. Cette po\u00e9sie s\u2019\u00e9tire sur des notes d\u00e9licatement bois\u00e9es d\u2019ambre et de musc voluptueux. Un parfum qui sublime la volupt\u00e9 naturelle d\u2019une femme romantique et admir\u00e9e.\r\n\r\nSon univers\u00a0:\r\nUn ciel d\u2019un bleu envoutant, sur lequel se d\u00e9coupe la blancheur du paysage Grec de Santorin. \u00c0 l\u2019ombre des mandariniers, les joues ros\u00e9es par le soleil sous lequel il fait bon se pr\u00e9lasser, la lumi\u00e8re danse sur la peau sal\u00e9e d\u2019une belle endormie, apr\u00e8s une baignade \u00e0 la mer.... Telle une jeune femme sortie des pages d\u2019un livre, d\u2019une tendre romance d\u2019\u00e9t\u00e9, le simple fait de poser les yeux sur elle fait r\u00eaver aux d\u00e9esses grecques d\u2019un autre temps, \u00e0 Aphrodite et son \u00e9ternelle beaut\u00e9. Blue c\u00e9leste est n\u00e9 de cette beaut\u00e9.","_et_gb_content_width":""},"product_brand":[],"product_cat":[51],"product_tag":[67],"class_list":{"0":"post-110851","1":"product","2":"type-product","3":"status-publish","4":"has-post-thumbnail","6":"product_cat-parfums-femmes","7":"product_tag-best-seller","9":"first","10":"instock","11":"taxable","12":"shipping-taxable","13":"purchasable","14":"product-type-simple"},"_links":{"self":[{"href":"https:\/\/leparfumdefrance.com\/fr\/wp-json\/wp\/v2\/product\/110851","targetHints":{"allow":["GET"]}}],"collection":[{"href":"https:\/\/leparfumdefrance.com\/fr\/wp-json\/wp\/v2\/product"}],"about":[{"href":"https:\/\/leparfumdefrance.com\/fr\/wp-json\/wp\/v2\/types\/product"}],"wp:featuredmedia":[{"embeddable":true,"href":"https:\/\/leparfumdefrance.com\/fr\/wp-json\/wp\/v2\/media\/110511"}],"wp:attachment":[{"href":"https:\/\/leparfumdefrance.com\/fr\/wp-json\/wp\/v2\/media?parent=110851"}],"wp:term":[{"taxonomy":"product_brand","embeddable":true,"href":"https:\/\/leparfumdefrance.com\/fr\/wp-json\/wp\/v2\/product_brand?post=110851"},{"taxonomy":"product_cat","embeddable":true,"href":"https:\/\/leparfumdefrance.com\/fr\/wp-json\/wp\/v2\/product_cat?post=110851"},{"taxonomy":"product_tag","embeddable":true,"href":"https:\/\/leparfumdefrance.com\/fr\/wp-json\/wp\/v2\/product_tag?post=110851"}],"curies":[{"name":"wp","href":"https:\/\/api.w.org\/{rel}","templated":true}]}}