{"id":110852,"date":"2022-03-22T10:50:17","date_gmt":"2022-03-22T09:50:17","guid":{"rendered":"https:\/\/leparfumdefrance.com\/homepage\/shop\/non%20class\u00e9\/lily-white\/"},"modified":"2026-04-04T01:17:23","modified_gmt":"2026-04-04T00:17:23","slug":"lily-white","status":"publish","type":"product","link":"https:\/\/leparfumdefrance.com\/fr\/accueil\/boutique\/parfums-femmes\/lily-white\/","title":{"rendered":"Lily White"},"content":{"rendered":"<h3>Eau de Toilette Lily White 75ml. pour Femmes par Le Parfum de France<\/h3>\n<p>Lily White, la merveilleuse douceur&#8230;<\/p>\n<p>La femme qui porte Lily White se distingue par sa joie de vivre et son sourire. La douceur de la poire se m\u00eale \u00e0 la richesse du jasmin, rehauss\u00e9e par les notes hesp\u00e9rid\u00e9es de la bergamote et de la fleur d&rsquo;oranger. En notes de fond, la merveilleuse vanille s&rsquo;associe au pr\u00e9cieux patchouli pour cr\u00e9er une fragrance unique et d\u00e9licate.<\/p>\n<p>Son univers :<br \/>\nUne villa blanche au milieu d&rsquo;un village pittoresque, sur les hauteurs de la splendide Toscane en Italie. Poiriers et orangers sont en fleurs, une myriade de verts et de blancs \u00e9voquent l&rsquo;air d&rsquo;un palais enchant\u00e9. Sous les doux nuages, une jeune femme au sourire radieux : son parfum fleuri en fait une source d&rsquo;inspiration, une ode \u00e0 la joie et \u00e0 l&rsquo;instant pr\u00e9sent. Lily White est un conte de f\u00e9es qui puise sa source dans ce bonheur simple.<\/p>\n<p>Sa pyramide olfactive:<br \/>\nNote globale: Orientale \/ Florale | Note de t\u00eate: Bergamote, Poire | Note de c\u0153ur: Fleur d&rsquo;oranger, Jasmin | Note de fond: Patchouli, Vanille.<\/p>\n<p><img decoding=\"async\" style=\"width:100px;height:100px;margin-top:20px;\" alt=\"Lily White Parfum Femmes 75ml. | Le Parfum de France\" src=\"\/wp-content\/uploads\/2022\/03\/cropped-LPDF_RoundIcon-1.png\" width=\"100px;\" height=\"100px;\" \/><\/p>\n<p><strong>L&rsquo;au de Toilette pour Femme Lily White 75ml. est achet\u00e9 chez nous et vendu directement par <a href=\"https:\/\/www.amazon.fr\/PARFUM-FRANCE-White-Toilette-Femme\/dp\/B07P8J8GL3\" title=\"Lily White Women&#039;s Perfume sur Amazon\" target=\"_blank\" rel=\"noopener\">Amazon<\/a>.<br \/>\nNot\u00e9 4,1 \u00e9toiles sur 5 avec 18 commentaires &#8211; Class\u00e9 156\u00e8me dans les Eaux de Toilette pour femmes &#8211; Vendu au prix unitaire de 5,99\u20ac + frais de port.<\/strong><\/p>\n","protected":false},"excerpt":{"rendered":"<p class=\"proddesc\">Parfum Oriental \/ Floral<br \/>\n<a href=\"https:\/\/leparfumdefrance.com\/fr\/categorie-produit\/parfums-femmes\/\">Eau de Toilette pour Femmes<\/a><\/p>\n","protected":false},"featured_media":110507,"template":"","meta":{"_et_pb_use_builder":"off","_et_pb_old_content":"Blue c\u00e9leste, la tendresse estivale sous les arbres fruitiers\u2026\r\n\r\nLa fragrance parfaite d\u2019une femme l\u00e9g\u00e8re, sensuelle dans la douceur de l\u2019\u00e9t\u00e9. La fraicheur des agrumes, avec ses notes de bergamote et de mandarine, se marie avec tendresse aux po\u00e9tiques parfums du jasmin et de la rose. Cette po\u00e9sie s\u2019\u00e9tire sur des notes d\u00e9licatement bois\u00e9es d\u2019ambre et de musc voluptueux. Un parfum qui sublime la volupt\u00e9 naturelle d\u2019une femme romantique et admir\u00e9e.\r\n\r\nSon univers\u00a0:\r\nUn ciel d\u2019un bleu envoutant, sur lequel se d\u00e9coupe la blancheur du paysage Grec de Santorin. \u00c0 l\u2019ombre des mandariniers, les joues ros\u00e9es par le soleil sous lequel il fait bon se pr\u00e9lasser, la lumi\u00e8re danse sur la peau sal\u00e9e d\u2019une belle endormie, apr\u00e8s une baignade \u00e0 la mer.... Telle une jeune femme sortie des pages d\u2019un livre, d\u2019une tendre romance d\u2019\u00e9t\u00e9, le simple fait de poser les yeux sur elle fait r\u00eaver aux d\u00e9esses grecques d\u2019un autre temps, \u00e0 Aphrodite et son \u00e9ternelle beaut\u00e9. Blue c\u00e9leste est n\u00e9 de cette beaut\u00e9.","_et_gb_content_width":""},"product_brand":[],"product_cat":[31],"product_tag":[],"class_list":{"0":"post-110852","1":"product","2":"type-product","3":"status-publish","4":"has-post-thumbnail","6":"product_cat-women-perfumes","8":"first","9":"instock","10":"taxable","11":"shipping-taxable","12":"purchasable","13":"product-type-simple"},"_links":{"self":[{"href":"https:\/\/leparfumdefrance.com\/fr\/wp-json\/wp\/v2\/product\/110852","targetHints":{"allow":["GET"]}}],"collection":[{"href":"https:\/\/leparfumdefrance.com\/fr\/wp-json\/wp\/v2\/product"}],"about":[{"href":"https:\/\/leparfumdefrance.com\/fr\/wp-json\/wp\/v2\/types\/product"}],"wp:featuredmedia":[{"embeddable":true,"href":"https:\/\/leparfumdefrance.com\/fr\/wp-json\/wp\/v2\/media\/110507"}],"wp:attachment":[{"href":"https:\/\/leparfumdefrance.com\/fr\/wp-json\/wp\/v2\/media?parent=110852"}],"wp:term":[{"taxonomy":"product_brand","embeddable":true,"href":"https:\/\/leparfumdefrance.com\/fr\/wp-json\/wp\/v2\/product_brand?post=110852"},{"taxonomy":"product_cat","embeddable":true,"href":"https:\/\/leparfumdefrance.com\/fr\/wp-json\/wp\/v2\/product_cat?post=110852"},{"taxonomy":"product_tag","embeddable":true,"href":"https:\/\/leparfumdefrance.com\/fr\/wp-json\/wp\/v2\/product_tag?post=110852"}],"curies":[{"name":"wp","href":"https:\/\/api.w.org\/{rel}","templated":true}]}}