{"id":110855,"date":"2022-03-22T13:07:34","date_gmt":"2022-03-22T12:07:34","guid":{"rendered":"https:\/\/leparfumdefrance.com\/homepage\/shop\/non%20class\u00e9\/marco-polo\/"},"modified":"2026-05-06T21:38:54","modified_gmt":"2026-05-06T20:38:54","slug":"marco-polo","status":"publish","type":"product","link":"https:\/\/leparfumdefrance.com\/fr\/accueil\/boutique\/parfums-hommes\/marco-polo\/","title":{"rendered":"Marco Polo"},"content":{"rendered":"<h3>Eau de Toilette Marco Polo 75ml. pour Hommes par Le Parfum de France<\/h3>\n<p>Un vent de fra\u00eecheur souffle sur Marco Polo<\/p>\n<p>Quoi de plus sexy qu&rsquo;un homme qui \u00e9voque les embruns, la mer et les voyages en solitaire ? Marco Polo \u00e9voque tout cela, mais pas seulement&#8230; Il est aussi oriental que maritime ! La fleur d&rsquo;oranger, la cannelle et le cumin \u00e9voquent la M\u00e9diterran\u00e9e, tandis que la vanille, le bois de santal et la f\u00e8ve tonka nous rappellent les explorateurs de terres inconnues. Beaucoup d&rsquo;originalit\u00e9 dans un seul flacon, vous reconna\u00eetrez aussi la subtile bergamote et la menthe poivr\u00e9e ultra rafra\u00eechissante. Laissez-vous transporter, c&rsquo;est divin&#8230;<\/p>\n<p>Son univers :<br \/>\nUn vieux trois-m\u00e2ts, \u00e0 bord duquel un homme bien de son temps fait visiter ce monument d&rsquo;architecture, et propose des croisi\u00e8res \u00e0 bord pour remonter le temps. Il est charmant, il conna\u00eet son bateau mieux que quiconque, il semble sorti d&rsquo;un livre d&rsquo;histoire, du temps de Marco Polo&#8230; Son parfum le repr\u00e9sente bien, il aime les aliz\u00e9s autant que le mistral, les \u00eeles lointaines autant que le continent, il voyage \u00e0 travers les histoires qu&rsquo;ils racontent si bien \u00e0 ses passagers. Vous pouvez vous blottir dans son histoire en toute confiance, il vous emm\u00e8nera vers des contr\u00e9es inconnues et parfum\u00e9es.<\/p>\n<p>Sa pyramide olfactive:<br \/>\nNote d&rsquo;ensemble: Oriental \/ Foug\u00e8re | Note de t\u00eate: lavande, menthe poivr\u00e9e, bergamote | Note de c\u0153ur: fleur d&rsquo;oranger, cannelle, cumin | Note de fond: vanille, c\u00e8dre, bois de santal, f\u00e8ve tonka.<\/p>\n<p><img decoding=\"async\" style=\"width:100px;height:100px;margin-top:20px;\" alt=\"Marco Polo Parfum Hommes 75ml. | Le Parfum de France\" src=\"\/wp-content\/uploads\/2022\/03\/cropped-LPDF_RoundIcon-1.png\" width=\"100px;\" height=\"100px;\" \/><\/p>\n<p><strong>L&rsquo;au de Toilette pour Homme Marco Polo 75ml. est achet\u00e9 chez nous et est vendu directement par <a href=\"https:\/\/www.amazon.fr\/PARFUM-FRANCE-Marco-Toilette-Homme\/dp\/B07PCVDN6R\" title=\"Marco Polo Men&#039;s Perfume sur Amazon\" target=\"_blank\" rel=\"noopener\">Amazon<\/a>.<br \/>\nNot\u00e9 4,2 \u00e9toiles sur 5 avec 98 commentaires &#8211; Class\u00e9 130\u00e8me dans les Eaux de Toilette pour Homme &#8211; Vendu au prix unitaire de 5,99\u20ac + frais de port.<\/strong><\/p>\n","protected":false},"excerpt":{"rendered":"<p class=\"proddesc\">Parfum Oriental \/ Foug\u00e8re<br \/>\n<a href=\"https:\/\/leparfumdefrance.com\/fr\/categorie-produit\/parfums-hommes\/\">Eau de Toilette pour Hommes<\/a><\/p>\n","protected":false},"featured_media":110523,"template":"","meta":{"_et_pb_use_builder":"off","_et_pb_old_content":"Blue c\u00e9leste, la tendresse estivale sous les arbres fruitiers\u2026\r\n\r\nLa fragrance parfaite d\u2019une femme l\u00e9g\u00e8re, sensuelle dans la douceur de l\u2019\u00e9t\u00e9. La fraicheur des agrumes, avec ses notes de bergamote et de mandarine, se marie avec tendresse aux po\u00e9tiques parfums du jasmin et de la rose. Cette po\u00e9sie s\u2019\u00e9tire sur des notes d\u00e9licatement bois\u00e9es d\u2019ambre et de musc voluptueux. Un parfum qui sublime la volupt\u00e9 naturelle d\u2019une femme romantique et admir\u00e9e.\r\n\r\nSon univers\u00a0:\r\nUn ciel d\u2019un bleu envoutant, sur lequel se d\u00e9coupe la blancheur du paysage Grec de Santorin. \u00c0 l\u2019ombre des mandariniers, les joues ros\u00e9es par le soleil sous lequel il fait bon se pr\u00e9lasser, la lumi\u00e8re danse sur la peau sal\u00e9e d\u2019une belle endormie, apr\u00e8s une baignade \u00e0 la mer.... Telle une jeune femme sortie des pages d\u2019un livre, d\u2019une tendre romance d\u2019\u00e9t\u00e9, le simple fait de poser les yeux sur elle fait r\u00eaver aux d\u00e9esses grecques d\u2019un autre temps, \u00e0 Aphrodite et son \u00e9ternelle beaut\u00e9. Blue c\u00e9leste est n\u00e9 de cette beaut\u00e9.","_et_gb_content_width":""},"product_brand":[],"product_cat":[50],"product_tag":[67],"class_list":{"0":"post-110855","1":"product","2":"type-product","3":"status-publish","4":"has-post-thumbnail","6":"product_cat-parfums-hommes","7":"product_tag-best-seller","9":"first","10":"instock","11":"taxable","12":"shipping-taxable","13":"purchasable","14":"product-type-simple"},"_links":{"self":[{"href":"https:\/\/leparfumdefrance.com\/fr\/wp-json\/wp\/v2\/product\/110855","targetHints":{"allow":["GET"]}}],"collection":[{"href":"https:\/\/leparfumdefrance.com\/fr\/wp-json\/wp\/v2\/product"}],"about":[{"href":"https:\/\/leparfumdefrance.com\/fr\/wp-json\/wp\/v2\/types\/product"}],"wp:featuredmedia":[{"embeddable":true,"href":"https:\/\/leparfumdefrance.com\/fr\/wp-json\/wp\/v2\/media\/110523"}],"wp:attachment":[{"href":"https:\/\/leparfumdefrance.com\/fr\/wp-json\/wp\/v2\/media?parent=110855"}],"wp:term":[{"taxonomy":"product_brand","embeddable":true,"href":"https:\/\/leparfumdefrance.com\/fr\/wp-json\/wp\/v2\/product_brand?post=110855"},{"taxonomy":"product_cat","embeddable":true,"href":"https:\/\/leparfumdefrance.com\/fr\/wp-json\/wp\/v2\/product_cat?post=110855"},{"taxonomy":"product_tag","embeddable":true,"href":"https:\/\/leparfumdefrance.com\/fr\/wp-json\/wp\/v2\/product_tag?post=110855"}],"curies":[{"name":"wp","href":"https:\/\/api.w.org\/{rel}","templated":true}]}}