{"id":110857,"date":"2022-03-22T13:24:28","date_gmt":"2022-03-22T12:24:28","guid":{"rendered":"https:\/\/leparfumdefrance.com\/homepage\/shop\/non%20class\u00e9\/never-surrender\/"},"modified":"2026-04-17T20:33:52","modified_gmt":"2026-04-17T19:33:52","slug":"never-surrender","status":"publish","type":"product","link":"https:\/\/leparfumdefrance.com\/fr\/accueil\/boutique\/parfums-hommes\/never-surrender\/","title":{"rendered":"Never Surrender"},"content":{"rendered":"<h3>Eau de Toilette Never Surrender 75ml. pour Hommes par Le Parfum de France<\/h3>\n<p>Never Surrender, le parfum des vainqueurs<\/p>\n<p>Un parfum qui rend hommage aux hommes qui se consid\u00e8rent comme des h\u00e9ros, et qui sont reconnus comme tels! A travers un subtil m\u00e9lange de notes bois\u00e9es, florales et fruit\u00e9es, Never Surrender s&rsquo;affirme tout en douceur et en fra\u00eecheur, rehauss\u00e9 par le citron et la bergamote. La touche finale de musc blanc apporte la sensualit\u00e9 d&rsquo;un homme qui ne se rendra jamais&#8230; sauf aux jeux de l&rsquo;Amour !<\/p>\n<p>Son univers :<br \/>\nUn match de boxe fran\u00e7aise, un homme \u00e0 la sensualit\u00e9 animale regarde son adversaire dans les yeux; pas de haine dans son regard, juste le besoin de capter la force dans les yeux de celui qui sera son \u00e9gal, le temps d&rsquo;un combat. Il ne s&rsquo;agit pas de frapper, mais de faire les gestes qui feront de cet affrontement un spectacle de pr\u00e9cision&#8230; L&rsquo;homme qui porte Never Surrender, fragrance subtile et sauvage, sait que le h\u00e9ros qui est en lui ne perdra jamais la partie. Il ne se bat que pour la beaut\u00e9 du geste, par passion et ne remportera la gloire que parce que son esprit en a d\u00e9cid\u00e9 ainsi&#8230; \u00ab\u00a0Ne jamais s&rsquo;avouer vaincu\u00a0\u00bb est le mantra de ces hommes.<\/p>\n<p>Sa pyramide olfactive:<br \/>\nNote d&rsquo;ensemble : Floral | Note de t\u00eate: bergamote, citron | Note de c\u0153ur: notes florales, notes fruit\u00e9es | Note de fond: musc blanc, notes bois\u00e9es.<\/p>\n<p><img decoding=\"async\" style=\"width:100px;height:100px;margin-top:20px;\" alt=\"Never Surrender Parfum Hommes 75ml. | Le Parfum de France\" src=\"\/wp-content\/uploads\/2022\/03\/cropped-LPDF_RoundIcon-1.png\" width=\"100px;\" height=\"100px;\" \/><\/p>\n<p><strong>L&rsquo;eau de Toilette pour Homme Never Surrender 75ml. est achet\u00e9 chez nous et vendu directement par <a href=\"https:\/\/www.amazon.fr\/PARFUM-FRANCE-Never-Surrender-Toilette\/dp\/B07P8J7MWR\" title=\"Parfum Homme Never Surrender sur Amazon\" target=\"_blank\" rel=\"noopener\">Amazon<\/a>.<br \/>\nNot\u00e9 4,1 \u00e9toiles sur 5 avec 47 commentaires &#8211; Class\u00e9 87\u00e8me dans les Eaux de Toilette pour Homme &#8211; Vendu au prix unitaire de 6,22\u20ac + frais de port.<\/strong><\/p>\n","protected":false},"excerpt":{"rendered":"<p class=\"proddesc\">Parfum Floral<br \/>\n<a href=\"https:\/\/leparfumdefrance.com\/fr\/categorie-produit\/parfums-hommes\/\">Eau de Toilette pour Hommes<\/a><\/p>\n","protected":false},"featured_media":110527,"template":"","meta":{"_et_pb_use_builder":"off","_et_pb_old_content":"Blue c\u00e9leste, la tendresse estivale sous les arbres fruitiers\u2026\r\n\r\nLa fragrance parfaite d\u2019une femme l\u00e9g\u00e8re, sensuelle dans la douceur de l\u2019\u00e9t\u00e9. La fraicheur des agrumes, avec ses notes de bergamote et de mandarine, se marie avec tendresse aux po\u00e9tiques parfums du jasmin et de la rose. Cette po\u00e9sie s\u2019\u00e9tire sur des notes d\u00e9licatement bois\u00e9es d\u2019ambre et de musc voluptueux. Un parfum qui sublime la volupt\u00e9 naturelle d\u2019une femme romantique et admir\u00e9e.\r\n\r\nSon univers\u00a0:\r\nUn ciel d\u2019un bleu envoutant, sur lequel se d\u00e9coupe la blancheur du paysage Grec de Santorin. \u00c0 l\u2019ombre des mandariniers, les joues ros\u00e9es par le soleil sous lequel il fait bon se pr\u00e9lasser, la lumi\u00e8re danse sur la peau sal\u00e9e d\u2019une belle endormie, apr\u00e8s une baignade \u00e0 la mer.... Telle une jeune femme sortie des pages d\u2019un livre, d\u2019une tendre romance d\u2019\u00e9t\u00e9, le simple fait de poser les yeux sur elle fait r\u00eaver aux d\u00e9esses grecques d\u2019un autre temps, \u00e0 Aphrodite et son \u00e9ternelle beaut\u00e9. Blue c\u00e9leste est n\u00e9 de cette beaut\u00e9.","_et_gb_content_width":""},"product_brand":[],"product_cat":[50],"product_tag":[67],"class_list":{"0":"post-110857","1":"product","2":"type-product","3":"status-publish","4":"has-post-thumbnail","6":"product_cat-parfums-hommes","7":"product_tag-best-seller","9":"first","10":"instock","11":"taxable","12":"shipping-taxable","13":"purchasable","14":"product-type-simple"},"_links":{"self":[{"href":"https:\/\/leparfumdefrance.com\/fr\/wp-json\/wp\/v2\/product\/110857","targetHints":{"allow":["GET"]}}],"collection":[{"href":"https:\/\/leparfumdefrance.com\/fr\/wp-json\/wp\/v2\/product"}],"about":[{"href":"https:\/\/leparfumdefrance.com\/fr\/wp-json\/wp\/v2\/types\/product"}],"wp:featuredmedia":[{"embeddable":true,"href":"https:\/\/leparfumdefrance.com\/fr\/wp-json\/wp\/v2\/media\/110527"}],"wp:attachment":[{"href":"https:\/\/leparfumdefrance.com\/fr\/wp-json\/wp\/v2\/media?parent=110857"}],"wp:term":[{"taxonomy":"product_brand","embeddable":true,"href":"https:\/\/leparfumdefrance.com\/fr\/wp-json\/wp\/v2\/product_brand?post=110857"},{"taxonomy":"product_cat","embeddable":true,"href":"https:\/\/leparfumdefrance.com\/fr\/wp-json\/wp\/v2\/product_cat?post=110857"},{"taxonomy":"product_tag","embeddable":true,"href":"https:\/\/leparfumdefrance.com\/fr\/wp-json\/wp\/v2\/product_tag?post=110857"}],"curies":[{"name":"wp","href":"https:\/\/api.w.org\/{rel}","templated":true}]}}