{"id":110859,"date":"2022-11-03T11:51:24","date_gmt":"2022-11-03T10:51:24","guid":{"rendered":"https:\/\/leparfumdefrance.com\/homepage\/shop\/non%20class\u00e9\/secrete-love\/"},"modified":"2026-04-21T10:09:37","modified_gmt":"2026-04-21T09:09:37","slug":"secrete-love","status":"publish","type":"product","link":"https:\/\/leparfumdefrance.com\/fr\/accueil\/boutique\/parfums-femmes\/secrete-love\/","title":{"rendered":"Secrete Love"},"content":{"rendered":"<h3>Eau de Toilette Secrete Love 75ml. pour Femmes par Le Parfum de France<\/h3>\n<p>Secrete Love: Extatique, incandescent et rayonnant.<br \/>\nCe parfum f\u00e9minin est l&rsquo;essence m\u00eame de la femme myst\u00e9rieuse \u00e0 la sensualit\u00e9 incomparable.<br \/>\nLes agrumes des notes de t\u00eate ouvrent le bal de mani\u00e8re incisive, suivis de la touche particuli\u00e8re de la vanille et d&rsquo;une stabilisation ferme dans les notes bois\u00e9es.<br \/>\nLe parfum frais et oriental a une pr\u00e9sence unique et fait ressortir l&rsquo;\u00e9nergie, la vigueur et la puissance f\u00e9minine, r\u00e9v\u00e9lant une femme d\u00e9termin\u00e9e et dynamique avec des sentiments secrets et des regards envo\u00fbtants.<br \/>\nLe parfum Secrete Love pour femme est extr\u00eamement chic, parfait pour \u00eatre utilis\u00e9 lors d&rsquo;\u00e9v\u00e9nements sophistiqu\u00e9s et de r\u00e9unions importantes.<\/p>\n<p>Sa pyramide olfactive:<br \/>\nNote globale: Oriental, Bois\u00e9e | Note de t\u00eate: Marine, Mandarine | Note de c\u0153ur: Jasmin | Note de fond: Notes bois\u00e9es, Musc.<\/p>\n<p><img decoding=\"async\" style=\"width:100px;height:100px;margin-top:20px;\" alt=\"Secrete Love Parfum Femmes 75ml. | Le Parfum de France\" src=\"\/wp-content\/uploads\/2022\/03\/cropped-LPDF_RoundIcon-1.png\" width=\"100px;\" height=\"100px;\" \/><\/p>\n<p><strong>Le Parfum de France est vendu directement par <a title=\"Le Parfum de France sur Amazon\" href=\"https:\/\/www.amazon.fr\/stores\/LE+PARFUM+DE+FRANCE\/page\/AB21AF9C-82FA-4C78-A34A-5AE3A6D5226A?ref_=ast_bln\" target=\"_blank\" rel=\"noopener\">Amazon<\/a>.<\/p>\n","protected":false},"excerpt":{"rendered":"<p class=\"proddesc\">Parfum Oriental \/ Bois\u00e9<br \/>\n<a href=\"https:\/\/leparfumdefrance.com\/fr\/categorie-produit\/parfums-femmes\/\">Eau de Toilette pour Femmes<\/a><\/p>\n","protected":false},"featured_media":110626,"template":"","meta":{"_et_pb_use_builder":"off","_et_pb_old_content":"Blue c\u00e9leste, la tendresse estivale sous les arbres fruitiers\u2026\r\n\r\nLa fragrance parfaite d\u2019une femme l\u00e9g\u00e8re, sensuelle dans la douceur de l\u2019\u00e9t\u00e9. La fraicheur des agrumes, avec ses notes de bergamote et de mandarine, se marie avec tendresse aux po\u00e9tiques parfums du jasmin et de la rose. Cette po\u00e9sie s\u2019\u00e9tire sur des notes d\u00e9licatement bois\u00e9es d\u2019ambre et de musc voluptueux. Un parfum qui sublime la volupt\u00e9 naturelle d\u2019une femme romantique et admir\u00e9e.\r\n\r\nSon univers\u00a0:\r\nUn ciel d\u2019un bleu envoutant, sur lequel se d\u00e9coupe la blancheur du paysage Grec de Santorin. \u00c0 l\u2019ombre des mandariniers, les joues ros\u00e9es par le soleil sous lequel il fait bon se pr\u00e9lasser, la lumi\u00e8re danse sur la peau sal\u00e9e d\u2019une belle endormie, apr\u00e8s une baignade \u00e0 la mer.... Telle une jeune femme sortie des pages d\u2019un livre, d\u2019une tendre romance d\u2019\u00e9t\u00e9, le simple fait de poser les yeux sur elle fait r\u00eaver aux d\u00e9esses grecques d\u2019un autre temps, \u00e0 Aphrodite et son \u00e9ternelle beaut\u00e9. Blue c\u00e9leste est n\u00e9 de cette beaut\u00e9.","_et_gb_content_width":""},"product_brand":[],"product_cat":[51],"product_tag":[67],"class_list":{"0":"post-110859","1":"product","2":"type-product","3":"status-publish","4":"has-post-thumbnail","6":"product_cat-parfums-femmes","7":"product_tag-best-seller","9":"first","10":"instock","11":"taxable","12":"shipping-taxable","13":"purchasable","14":"product-type-simple"},"_links":{"self":[{"href":"https:\/\/leparfumdefrance.com\/fr\/wp-json\/wp\/v2\/product\/110859","targetHints":{"allow":["GET"]}}],"collection":[{"href":"https:\/\/leparfumdefrance.com\/fr\/wp-json\/wp\/v2\/product"}],"about":[{"href":"https:\/\/leparfumdefrance.com\/fr\/wp-json\/wp\/v2\/types\/product"}],"wp:featuredmedia":[{"embeddable":true,"href":"https:\/\/leparfumdefrance.com\/fr\/wp-json\/wp\/v2\/media\/110626"}],"wp:attachment":[{"href":"https:\/\/leparfumdefrance.com\/fr\/wp-json\/wp\/v2\/media?parent=110859"}],"wp:term":[{"taxonomy":"product_brand","embeddable":true,"href":"https:\/\/leparfumdefrance.com\/fr\/wp-json\/wp\/v2\/product_brand?post=110859"},{"taxonomy":"product_cat","embeddable":true,"href":"https:\/\/leparfumdefrance.com\/fr\/wp-json\/wp\/v2\/product_cat?post=110859"},{"taxonomy":"product_tag","embeddable":true,"href":"https:\/\/leparfumdefrance.com\/fr\/wp-json\/wp\/v2\/product_tag?post=110859"}],"curies":[{"name":"wp","href":"https:\/\/api.w.org\/{rel}","templated":true}]}}