{"id":110862,"date":"2022-03-23T13:53:52","date_gmt":"2022-03-23T12:53:52","guid":{"rendered":"https:\/\/leparfumdefrance.com\/homepage\/shop\/non%20class\u00e9\/violine\/"},"modified":"2026-04-14T10:39:44","modified_gmt":"2026-04-14T09:39:44","slug":"violine","status":"publish","type":"product","link":"https:\/\/leparfumdefrance.com\/fr\/accueil\/boutique\/parfums-femmes\/violine\/","title":{"rendered":"Violine"},"content":{"rendered":"<h3>Eau de Toilette Violine 75ml. pour Femmes par Le Parfum de France<\/h3>\n<p>Violine, succombez \u00e0 la tentation&#8230; <\/p>\n<p>Espi\u00e8gle et p\u00e9tillante, Violine fait palpiter la flamme sous la peau de celle qui la porte. Les essences fruit\u00e9es de canneberge et de groseille sont les premi\u00e8res \u00e0 envo\u00fbter les sens. La rose et la violette viennent ensuite \u00e9pouser cet univers empreint de f\u00e9minit\u00e9, rehauss\u00e9 par le parfum profond de la vanille et du patchouli enivrant.<\/p>\n<p>Son univers :<br \/>\nUne nuit new-yorkaise, sous les n\u00e9ons vibrants d&rsquo;un bar branch\u00e9. Une jeune femme se distingue, ceux qui l&rsquo;entourent sont suspendus \u00e0 ses l\u00e8vres. V\u00eatue de violet, les yeux orn\u00e9s de noir, ses cheveux rebelles tombent en cascade sur ses \u00e9paules. Avec son parfum envo\u00fbtant de fruits rouges, elle se sent invincible et sensuelle, pr\u00eate \u00e0 affronter avec audace tout ce qui se trouve sur son chemin. La nuit doit \u00eatre belle, Violine ne peut que vous faire succomber \u00e0 son charme.<\/p>\n<p>Sa pyramide olfactive:<br \/>\nNote d&rsquo;ensemble: Floral | Note de t\u00eate: notes aromatiques, mandarine | Note de c\u0153ur: jasmin, rose | Note de fond: muscs blancs, vanille.<\/p>\n<p><img decoding=\"async\" style=\"width:100px;height:100px;margin-top:20px;\" alt=\"Violine Parfum Femmes 75ml. | Le Parfum de France\" src=\"\/wp-content\/uploads\/2022\/03\/cropped-LPDF_RoundIcon-1.png\" width=\"100px;\" height=\"100px;\" \/><\/p>\n<p><strong>L&rsquo;eau de Toilette pour Femme Violine 75ml. est achet\u00e9 chez nous et est vendu directement par <a href=\"https:\/\/www.amazon.fr\/PARFUM-FRANCE-Violine-Toilette-Femme\/dp\/B07P9MR5LK\" title=\"Violine Parfum Femmes sur Amazon\" target=\"_blank\" rel=\"noopener\">Amazon<\/a>.<br \/>\nNot\u00e9 4,5 \u00e9toiles sur 5 avec 9 commentaires &#8211; Class\u00e9 543\u00e8me dans les Eaux de Toilette pour femmes &#8211; Vendu au prix unitaire de 9,13\u20ac + frais de port.<\/strong><\/p>\n","protected":false},"excerpt":{"rendered":"<p class=\"proddesc\">Parfum Floral \/ Aromatique<br \/>\n<a href=\"https:\/\/leparfumdefrance.com\/fr\/categorie-produit\/parfums-femmes\/\">Eau de Toilette pour Femmes<\/a><\/p>\n","protected":false},"featured_media":110545,"template":"","meta":{"_et_pb_use_builder":"off","_et_pb_old_content":"Blue c\u00e9leste, la tendresse estivale sous les arbres fruitiers\u2026\r\n\r\nLa fragrance parfaite d\u2019une femme l\u00e9g\u00e8re, sensuelle dans la douceur de l\u2019\u00e9t\u00e9. La fraicheur des agrumes, avec ses notes de bergamote et de mandarine, se marie avec tendresse aux po\u00e9tiques parfums du jasmin et de la rose. Cette po\u00e9sie s\u2019\u00e9tire sur des notes d\u00e9licatement bois\u00e9es d\u2019ambre et de musc voluptueux. Un parfum qui sublime la volupt\u00e9 naturelle d\u2019une femme romantique et admir\u00e9e.\r\n\r\nSon univers\u00a0:\r\nUn ciel d\u2019un bleu envoutant, sur lequel se d\u00e9coupe la blancheur du paysage Grec de Santorin. \u00c0 l\u2019ombre des mandariniers, les joues ros\u00e9es par le soleil sous lequel il fait bon se pr\u00e9lasser, la lumi\u00e8re danse sur la peau sal\u00e9e d\u2019une belle endormie, apr\u00e8s une baignade \u00e0 la mer.... Telle une jeune femme sortie des pages d\u2019un livre, d\u2019une tendre romance d\u2019\u00e9t\u00e9, le simple fait de poser les yeux sur elle fait r\u00eaver aux d\u00e9esses grecques d\u2019un autre temps, \u00e0 Aphrodite et son \u00e9ternelle beaut\u00e9. Blue c\u00e9leste est n\u00e9 de cette beaut\u00e9.","_et_gb_content_width":""},"product_brand":[],"product_cat":[31],"product_tag":[],"class_list":{"0":"post-110862","1":"product","2":"type-product","3":"status-publish","4":"has-post-thumbnail","6":"product_cat-women-perfumes","8":"first","9":"instock","10":"taxable","11":"shipping-taxable","12":"purchasable","13":"product-type-simple"},"_links":{"self":[{"href":"https:\/\/leparfumdefrance.com\/fr\/wp-json\/wp\/v2\/product\/110862","targetHints":{"allow":["GET"]}}],"collection":[{"href":"https:\/\/leparfumdefrance.com\/fr\/wp-json\/wp\/v2\/product"}],"about":[{"href":"https:\/\/leparfumdefrance.com\/fr\/wp-json\/wp\/v2\/types\/product"}],"wp:featuredmedia":[{"embeddable":true,"href":"https:\/\/leparfumdefrance.com\/fr\/wp-json\/wp\/v2\/media\/110545"}],"wp:attachment":[{"href":"https:\/\/leparfumdefrance.com\/fr\/wp-json\/wp\/v2\/media?parent=110862"}],"wp:term":[{"taxonomy":"product_brand","embeddable":true,"href":"https:\/\/leparfumdefrance.com\/fr\/wp-json\/wp\/v2\/product_brand?post=110862"},{"taxonomy":"product_cat","embeddable":true,"href":"https:\/\/leparfumdefrance.com\/fr\/wp-json\/wp\/v2\/product_cat?post=110862"},{"taxonomy":"product_tag","embeddable":true,"href":"https:\/\/leparfumdefrance.com\/fr\/wp-json\/wp\/v2\/product_tag?post=110862"}],"curies":[{"name":"wp","href":"https:\/\/api.w.org\/{rel}","templated":true}]}}