{"id":110863,"date":"2022-10-27T15:32:56","date_gmt":"2022-10-27T13:32:56","guid":{"rendered":"https:\/\/leparfumdefrance.com\/homepage\/shop\/non%20class\u00e9\/white-crypto\/"},"modified":"2026-04-29T13:52:13","modified_gmt":"2026-04-29T12:52:13","slug":"white-crypto","status":"publish","type":"product","link":"https:\/\/leparfumdefrance.com\/fr\/accueil\/boutique\/parfums-hommes\/white-crypto\/","title":{"rendered":"White Crypto"},"content":{"rendered":"<h3>Eau de Toilette White Crypto 75ml. pour Hommes par Le Parfum de France<\/h3>\n<p>White Crypto by Le Parfum de France: Frais, bois\u00e9, ce parfum est une sorte d&rsquo;\u00e9l\u00e9gance naturelle&#8230;<br \/>\nPour l&rsquo;homme d&rsquo;aujourd&rsquo;hui, authentique, sobre et s\u00fbr de ses choix.<br \/>\nUne nouvelle interpr\u00e9tation de la fra\u00eecheur, un point de vue sur la masculinit\u00e9, une certaine vision de l&rsquo;\u00e9l\u00e9gance&#8230;<\/p>\n<p>Sa pyramide olfactive:<br \/>\nNote g\u00e9n\u00e9rale: Bois\u00e9 | Note de t\u00eate: cardamome, mandarine | Note de c\u0153ur: poivre, menthe | Note de fond: notes bois\u00e9es, notes poudr\u00e9es.<\/p>\n<p><img decoding=\"async\" style=\"width:100px;height:100px;margin-top:20px;\" alt=\"White Crypto Parfum Hommes 75ml. | Le Parfum de France\" src=\"\/wp-content\/uploads\/2022\/03\/cropped-LPDF_RoundIcon-1.png\" width=\"100px;\" height=\"100px;\" \/><\/p>\n<p><strong>Le Parfum de France est vendu directement par <a title=\"Le Parfum de France sur Amazon\" href=\"https:\/\/www.amazon.fr\/stores\/LE+PARFUM+DE+FRANCE\/page\/AB21AF9C-82FA-4C78-A34A-5AE3A6D5226A?ref_=ast_bln\" target=\"_blank\" rel=\"noopener\">Amazon<\/a>.<\/p>\n","protected":false},"excerpt":{"rendered":"<p class=\"proddesc\">Parfum Bois\u00e9<br \/>\n<a href=\"https:\/\/leparfumdefrance.com\/fr\/categorie-produit\/parfums-hommes\/\">Eau de Toilette pour Hommes<\/a><\/p>\n","protected":false},"featured_media":110602,"template":"","meta":{"_et_pb_use_builder":"off","_et_pb_old_content":"Blue c\u00e9leste, la tendresse estivale sous les arbres fruitiers\u2026\r\n\r\nLa fragrance parfaite d\u2019une femme l\u00e9g\u00e8re, sensuelle dans la douceur de l\u2019\u00e9t\u00e9. La fraicheur des agrumes, avec ses notes de bergamote et de mandarine, se marie avec tendresse aux po\u00e9tiques parfums du jasmin et de la rose. Cette po\u00e9sie s\u2019\u00e9tire sur des notes d\u00e9licatement bois\u00e9es d\u2019ambre et de musc voluptueux. Un parfum qui sublime la volupt\u00e9 naturelle d\u2019une femme romantique et admir\u00e9e.\r\n\r\nSon univers\u00a0:\r\nUn ciel d\u2019un bleu envoutant, sur lequel se d\u00e9coupe la blancheur du paysage Grec de Santorin. \u00c0 l\u2019ombre des mandariniers, les joues ros\u00e9es par le soleil sous lequel il fait bon se pr\u00e9lasser, la lumi\u00e8re danse sur la peau sal\u00e9e d\u2019une belle endormie, apr\u00e8s une baignade \u00e0 la mer.... Telle une jeune femme sortie des pages d\u2019un livre, d\u2019une tendre romance d\u2019\u00e9t\u00e9, le simple fait de poser les yeux sur elle fait r\u00eaver aux d\u00e9esses grecques d\u2019un autre temps, \u00e0 Aphrodite et son \u00e9ternelle beaut\u00e9. Blue c\u00e9leste est n\u00e9 de cette beaut\u00e9.","_et_gb_content_width":""},"product_brand":[],"product_cat":[32],"product_tag":[],"class_list":{"0":"post-110863","1":"product","2":"type-product","3":"status-publish","4":"has-post-thumbnail","6":"product_cat-men-perfumes","8":"first","9":"instock","10":"taxable","11":"shipping-taxable","12":"purchasable","13":"product-type-simple"},"_links":{"self":[{"href":"https:\/\/leparfumdefrance.com\/fr\/wp-json\/wp\/v2\/product\/110863","targetHints":{"allow":["GET"]}}],"collection":[{"href":"https:\/\/leparfumdefrance.com\/fr\/wp-json\/wp\/v2\/product"}],"about":[{"href":"https:\/\/leparfumdefrance.com\/fr\/wp-json\/wp\/v2\/types\/product"}],"wp:featuredmedia":[{"embeddable":true,"href":"https:\/\/leparfumdefrance.com\/fr\/wp-json\/wp\/v2\/media\/110602"}],"wp:attachment":[{"href":"https:\/\/leparfumdefrance.com\/fr\/wp-json\/wp\/v2\/media?parent=110863"}],"wp:term":[{"taxonomy":"product_brand","embeddable":true,"href":"https:\/\/leparfumdefrance.com\/fr\/wp-json\/wp\/v2\/product_brand?post=110863"},{"taxonomy":"product_cat","embeddable":true,"href":"https:\/\/leparfumdefrance.com\/fr\/wp-json\/wp\/v2\/product_cat?post=110863"},{"taxonomy":"product_tag","embeddable":true,"href":"https:\/\/leparfumdefrance.com\/fr\/wp-json\/wp\/v2\/product_tag?post=110863"}],"curies":[{"name":"wp","href":"https:\/\/api.w.org\/{rel}","templated":true}]}}