{"id":110867,"date":"2022-03-22T09:31:52","date_gmt":"2022-03-22T08:31:52","guid":{"rendered":"https:\/\/leparfumdefrance.com\/homepage\/shop\/non%20class\u00e9\/woman-love\/"},"modified":"2026-04-13T09:05:12","modified_gmt":"2026-04-13T08:05:12","slug":"woman-love","status":"publish","type":"product","link":"https:\/\/leparfumdefrance.com\/fr\/accueil\/boutique\/parfums-femmes\/woman-love\/","title":{"rendered":"Woman Love"},"content":{"rendered":"<h3>Eau de Toilette Woman Love 75ml. pour Femmes par Le Parfum de France<\/h3>\n<p>Woman Love, le charme gourmand des femmes amoureuses&#8230;<\/p>\n<p>Woman Love, un parfum pour les femmes gourmandes et amoureuses de la vie. Sa fragrance est illustr\u00e9e par l&rsquo;orange vibrante, dont les notes hesp\u00e9rid\u00e9es s&rsquo;associent aux notes florales de son c\u0153ur o\u00f9 la violette pr\u00e9domine. A cet univers charmant s&rsquo;ajoutent les senteurs sucr\u00e9es et d\u00e9licieuses du caramel, de la vanille et du musc pr\u00e9cieux.<\/p>\n<p>Son univers :<br \/>\nLondres, un jardin au bord de la Tamise, une tasse de th\u00e9 sucr\u00e9 sous le soleil du matin. Les oiseaux chantent, l&rsquo;air est chaud. Une jeune femme partage ce moment avec son bien-aim\u00e9. Doux et floral, son parfum a la gourmandise et le plaisir d\u00e9licat des p\u00e2tisseries de notre enfance, savour\u00e9es sous les arbres en fleurs d&rsquo;un jardin de campagne. Woman Love concentre dans son essence les souvenirs que nous ch\u00e9rissons tant, l&rsquo;amour de la vie qui enveloppe la femme fatale.<\/p>\n<p>Sa pyramide olfactive:<br \/>\nNote globale: Gourmand \/ Fruit\u00e9 \/ Musc | Note de t\u00eate: orange | Note de c\u0153ur: violette, notes fleuries | Note de fond: caramel, muscs, vanille<\/p>\n<p><img decoding=\"async\" style=\"width:100px;height:100px;margin-top:20px;\" alt=\"Woman Love Parfum Femmes 75ml. | Le Parfum de France\" src=\"\/wp-content\/uploads\/2022\/03\/cropped-LPDF_RoundIcon-1.png\" width=\"100px;\" height=\"100px;\" \/><\/p>\n<p><strong>L&rsquo;eau de Toilette pour Femme Woman Love 75ml. est achet\u00e9 chez nous et est vendu directement par <a href=\"https:\/\/www.amazon.fr\/dp\/B07PBS7TV2\" title=\"Woman Love Parfum Femmes sur Amazon\" target=\"_blank\" rel=\"noopener\">Amazon<\/a>.<br \/>\nNot\u00e9 4,1 \u00e9toiles sur 5 avec 60 commentaires &#8211; Class\u00e9 161\u00e8me dans les Eaux de Toilette pour femmes &#8211; Vendu au prix unitaire de 6,99\u20ac + frais de port.<\/strong><\/p>\n","protected":false},"excerpt":{"rendered":"<p class=\"proddesc\">Parfum Fruit\u00e9 \/ Musc<br \/>\n<a href=\"https:\/\/leparfumdefrance.com\/fr\/categorie-produit\/parfums-femmes\/\">Eau de Toilette pour Femmes<\/a><\/p>\n","protected":false},"featured_media":110495,"template":"","meta":{"_et_pb_use_builder":"off","_et_pb_old_content":"Blue c\u00e9leste, la tendresse estivale sous les arbres fruitiers\u2026\r\n\r\nLa fragrance parfaite d\u2019une femme l\u00e9g\u00e8re, sensuelle dans la douceur de l\u2019\u00e9t\u00e9. La fraicheur des agrumes, avec ses notes de bergamote et de mandarine, se marie avec tendresse aux po\u00e9tiques parfums du jasmin et de la rose. Cette po\u00e9sie s\u2019\u00e9tire sur des notes d\u00e9licatement bois\u00e9es d\u2019ambre et de musc voluptueux. Un parfum qui sublime la volupt\u00e9 naturelle d\u2019une femme romantique et admir\u00e9e.\r\n\r\nSon univers\u00a0:\r\nUn ciel d\u2019un bleu envoutant, sur lequel se d\u00e9coupe la blancheur du paysage Grec de Santorin. \u00c0 l\u2019ombre des mandariniers, les joues ros\u00e9es par le soleil sous lequel il fait bon se pr\u00e9lasser, la lumi\u00e8re danse sur la peau sal\u00e9e d\u2019une belle endormie, apr\u00e8s une baignade \u00e0 la mer.... Telle une jeune femme sortie des pages d\u2019un livre, d\u2019une tendre romance d\u2019\u00e9t\u00e9, le simple fait de poser les yeux sur elle fait r\u00eaver aux d\u00e9esses grecques d\u2019un autre temps, \u00e0 Aphrodite et son \u00e9ternelle beaut\u00e9. Blue c\u00e9leste est n\u00e9 de cette beaut\u00e9.","_et_gb_content_width":""},"product_brand":[],"product_cat":[31],"product_tag":[39],"class_list":{"0":"post-110867","1":"product","2":"type-product","3":"status-publish","4":"has-post-thumbnail","6":"product_cat-women-perfumes","7":"product_tag-best-seller","9":"first","10":"instock","11":"taxable","12":"shipping-taxable","13":"purchasable","14":"product-type-simple"},"_links":{"self":[{"href":"https:\/\/leparfumdefrance.com\/fr\/wp-json\/wp\/v2\/product\/110867","targetHints":{"allow":["GET"]}}],"collection":[{"href":"https:\/\/leparfumdefrance.com\/fr\/wp-json\/wp\/v2\/product"}],"about":[{"href":"https:\/\/leparfumdefrance.com\/fr\/wp-json\/wp\/v2\/types\/product"}],"wp:featuredmedia":[{"embeddable":true,"href":"https:\/\/leparfumdefrance.com\/fr\/wp-json\/wp\/v2\/media\/110495"}],"wp:attachment":[{"href":"https:\/\/leparfumdefrance.com\/fr\/wp-json\/wp\/v2\/media?parent=110867"}],"wp:term":[{"taxonomy":"product_brand","embeddable":true,"href":"https:\/\/leparfumdefrance.com\/fr\/wp-json\/wp\/v2\/product_brand?post=110867"},{"taxonomy":"product_cat","embeddable":true,"href":"https:\/\/leparfumdefrance.com\/fr\/wp-json\/wp\/v2\/product_cat?post=110867"},{"taxonomy":"product_tag","embeddable":true,"href":"https:\/\/leparfumdefrance.com\/fr\/wp-json\/wp\/v2\/product_tag?post=110867"}],"curies":[{"name":"wp","href":"https:\/\/api.w.org\/{rel}","templated":true}]}}