{"id":110870,"date":"2022-03-22T14:08:27","date_gmt":"2022-03-22T13:08:27","guid":{"rendered":"https:\/\/leparfumdefrance.com\/homepage\/shop\/non%20class\u00e9\/xtrem\/"},"modified":"2026-05-07T15:03:26","modified_gmt":"2026-05-07T14:03:26","slug":"xtrem","status":"publish","type":"product","link":"https:\/\/leparfumdefrance.com\/fr\/accueil\/boutique\/parfums-hommes\/xtrem\/","title":{"rendered":"Xtrem"},"content":{"rendered":"<h3>Eau de Toilette Xtrem 75ml. pour Hommes par Le Parfum de France<\/h3>\n<p>L&rsquo;homme Xtrem ne conna\u00eet pas de limites!<\/p>\n<p>Voici un parfum de caract\u00e8re, qui conviendra aux hommes t\u00e9m\u00e9raires, n&rsquo;ayant pas peur du risque; constitu\u00e9 d&rsquo;un m\u00e9lange de fragrances qui prouve qu&rsquo;il faut tout oser et que \u00e7a marche bien.<br \/>\nTout un panel de notes hesp\u00e9rid\u00e9es (citron, lime, mandarine, bergamote) lui donne la fra\u00eecheur indispensable aux hommes d&rsquo;action, tandis que les notes marines, de mousse de ch\u00eane ou de c\u00e8dre ram\u00e8nent la masculinit\u00e9 \u00e0 l&rsquo;extr\u00eame&#8230;<br \/>\nQuand au musc et au patchouli, ils ajoutent un c\u00f4t\u00e9 pr\u00e9cieux. L&rsquo;originalit\u00e9 se trouve dans la pr\u00e9sence \u00e9tonnante du freesia et du cyclamen.<br \/>\nLaissez-vous s\u00e9duire, vous ne le regretterez pas!<\/p>\n<p>Son univers :<br \/>\nL&rsquo;homme de toutes les audaces, celui qui ose tout, et ne conna\u00eet aucune limite. XTrem est parfait pour les cascadeurs, les sportifs de l&rsquo;extr\u00eame, ou ceux qui prennent des risques. Il vous rendra invincible et courageux au-del\u00e0 de vos limites. Il aime la vie tr\u00e9pidante, il ne perd pas de temps, il sait que le temps est pr\u00e9cieux&#8230; Allez-vous miser sur un parfum aussi atypique?<\/p>\n<p>Sa pyramide olfactive:<br \/>\nNote globale: Aromatique \/ Marine | Note de t\u00eate: bergamote, citron, citron vert, mandarine | Note de c\u0153ur: cyclamen, freesia, coriandre, notes marines | Note de fond: mousse de ch\u00eane, c\u00e8dre, patchouli, muscs.<\/p>\n<p><img decoding=\"async\" style=\"width:100px;height:100px;margin-top:20px;\" alt=\"Xtrem Parfum Hommes 75ml. | Le Parfum de France\" src=\"\/wp-content\/uploads\/2022\/03\/cropped-LPDF_RoundIcon-1.png\" width=\"100px;\" height=\"100px;\" \/><\/p>\n<p><strong>L&rsquo;eau de Toilette pour Homme Xtrem 75ml. est achet\u00e9 chez nous et est vendu directement par <a href=\"https:\/\/www.amazon.fr\/Xtrem-men-parfums-homme-toilette-P\/dp\/B07P7CZLFP\" title=\"Xtrem Parfum Hommes sur Amazon\" target=\"_blank\" rel=\"noopener\">Amazon<\/a>.<br \/>\nNot\u00e9 3,7 \u00e9toiles sur 5 avec 16 commentaires &#8211; Class\u00e9 601\u00e8me dans les Eaux de Toilette pour Homme &#8211; Vendu au prix unitaire de 8,57\u20ac + frais de port.<\/strong><\/p>\n","protected":false},"excerpt":{"rendered":"<p class=\"proddesc\">Parfum Aromatique \/ Marin<br \/>\n<a href=\"https:\/\/leparfumdefrance.com\/fr\/categorie-produit\/parfums-hommes\/\">Eau de Toilette pour Hommes<\/a><\/p>\n","protected":false},"featured_media":110535,"template":"","meta":{"_et_pb_use_builder":"off","_et_pb_old_content":"Blue c\u00e9leste, la tendresse estivale sous les arbres fruitiers\u2026\r\n\r\nLa fragrance parfaite d\u2019une femme l\u00e9g\u00e8re, sensuelle dans la douceur de l\u2019\u00e9t\u00e9. La fraicheur des agrumes, avec ses notes de bergamote et de mandarine, se marie avec tendresse aux po\u00e9tiques parfums du jasmin et de la rose. Cette po\u00e9sie s\u2019\u00e9tire sur des notes d\u00e9licatement bois\u00e9es d\u2019ambre et de musc voluptueux. Un parfum qui sublime la volupt\u00e9 naturelle d\u2019une femme romantique et admir\u00e9e.\r\n\r\nSon univers\u00a0:\r\nUn ciel d\u2019un bleu envoutant, sur lequel se d\u00e9coupe la blancheur du paysage Grec de Santorin. \u00c0 l\u2019ombre des mandariniers, les joues ros\u00e9es par le soleil sous lequel il fait bon se pr\u00e9lasser, la lumi\u00e8re danse sur la peau sal\u00e9e d\u2019une belle endormie, apr\u00e8s une baignade \u00e0 la mer.... Telle une jeune femme sortie des pages d\u2019un livre, d\u2019une tendre romance d\u2019\u00e9t\u00e9, le simple fait de poser les yeux sur elle fait r\u00eaver aux d\u00e9esses grecques d\u2019un autre temps, \u00e0 Aphrodite et son \u00e9ternelle beaut\u00e9. Blue c\u00e9leste est n\u00e9 de cette beaut\u00e9.","_et_gb_content_width":""},"product_brand":[],"product_cat":[50],"product_tag":[],"class_list":{"0":"post-110870","1":"product","2":"type-product","3":"status-publish","4":"has-post-thumbnail","6":"product_cat-parfums-hommes","8":"first","9":"instock","10":"taxable","11":"shipping-taxable","12":"purchasable","13":"product-type-simple"},"_links":{"self":[{"href":"https:\/\/leparfumdefrance.com\/fr\/wp-json\/wp\/v2\/product\/110870","targetHints":{"allow":["GET"]}}],"collection":[{"href":"https:\/\/leparfumdefrance.com\/fr\/wp-json\/wp\/v2\/product"}],"about":[{"href":"https:\/\/leparfumdefrance.com\/fr\/wp-json\/wp\/v2\/types\/product"}],"wp:featuredmedia":[{"embeddable":true,"href":"https:\/\/leparfumdefrance.com\/fr\/wp-json\/wp\/v2\/media\/110535"}],"wp:attachment":[{"href":"https:\/\/leparfumdefrance.com\/fr\/wp-json\/wp\/v2\/media?parent=110870"}],"wp:term":[{"taxonomy":"product_brand","embeddable":true,"href":"https:\/\/leparfumdefrance.com\/fr\/wp-json\/wp\/v2\/product_brand?post=110870"},{"taxonomy":"product_cat","embeddable":true,"href":"https:\/\/leparfumdefrance.com\/fr\/wp-json\/wp\/v2\/product_cat?post=110870"},{"taxonomy":"product_tag","embeddable":true,"href":"https:\/\/leparfumdefrance.com\/fr\/wp-json\/wp\/v2\/product_tag?post=110870"}],"curies":[{"name":"wp","href":"https:\/\/api.w.org\/{rel}","templated":true}]}}